{"id":914,"date":"2019-07-20T20:29:43","date_gmt":"2019-07-20T18:29:43","guid":{"rendered":"http:\/\/panochrome.fr\/fr\/?page_id=914"},"modified":"2019-08-19T16:39:00","modified_gmt":"2019-08-19T14:39:00","slug":"la-reunion","status":"publish","type":"page","link":"https:\/\/panochrome.fr\/fr\/panoramas\/france\/la-reunion\/","title":{"rendered":"La R\u00e9union"},"content":{"rendered":"\n<p>Panoramas r\u00e9alis\u00e9s en novembre 2014 lors d&rsquo;un s\u00e9jour sur l\u2019\u00eele de la R\u00e9union.<br><\/p>\n\n\n\n<h5 class=\"wp-block-heading\"><strong>Piton de la Fournaise<\/strong><\/h5>\n\n\n\n<div class=\"wp-block-columns has-2-columns is-layout-flex wp-container-core-columns-is-layout-9d6595d7 wp-block-columns-is-layout-flex\">\n<div class=\"wp-block-column is-layout-flow wp-block-column-is-layout-flow\">\n<div class=\"wp-block-advgb-image advgb-image-block full-width\" style=\"background-image:url(http:\/\/panochrome.fr\/fr\/wp-content\/uploads\/2019\/07\/france-la_reunion-pdf-cratere.jpg);height:250px;width:500px;justify-content:flex-end;align-items:flex-start\" data-image=\"http:\/\/panochrome.fr\/fr\/wp-content\/uploads\/2019\/07\/france-la_reunion-pdf-cratere.jpg\"><a class=\"advgb-image-overlay\" style=\"background-color:#eeeeee\" target=\"_blank\" rel=\"noopener noreferrer\" href=\"https:\/\/www.panochrome.fr\/panoramas\/monde\/la_reunion\/piton-de-la-fournaise\/cratere\/Panorama_cratere.html\"><\/a><\/div>\n\n\n\n<p><br><\/p>\n<\/div>\n\n\n\n<div class=\"wp-block-column is-layout-flow wp-block-column-is-layout-flow\">\n<h5 class=\"wp-block-heading\"><strong><span style=\"text-decoration: underline;\"><a href=\"https:\/\/www.panochrome.fr\/panoramas\/monde\/la_reunion\/piton-de-la-fournaise\/cratere\/Panorama_cratere.html\" target=\"_blank\" rel=\"noreferrer noopener\" aria-label=\" (s\u2019ouvre dans un nouvel onglet)\">Crat\u00e8re<\/a><\/span><\/strong><\/h5>\n\n\n\n<p>Vue du crat\u00e8re du Piton de la Fournaise, au repos.<br><br><br><br><br><br><br><\/p>\n\n\n\n<p><em>Mat\u00e9riel: Pentax k5 \/ Nodal Ninja 3 MkII<\/em><\/p>\n<\/div>\n<\/div>\n\n\n\n<div class=\"wp-block-columns has-2-columns is-layout-flex wp-container-core-columns-is-layout-9d6595d7 wp-block-columns-is-layout-flex\">\n<div class=\"wp-block-column is-layout-flow wp-block-column-is-layout-flow\">\n<div class=\"wp-block-advgb-image advgb-image-block full-width\" style=\"background-image:url(http:\/\/panochrome.fr\/fr\/wp-content\/uploads\/2019\/07\/france-la_reunion-pdf-cheminee.jpg);height:250px;width:500px;justify-content:flex-end;align-items:flex-start\" data-image=\"http:\/\/panochrome.fr\/fr\/wp-content\/uploads\/2019\/07\/france-la_reunion-pdf-cheminee.jpg\"><a class=\"advgb-image-overlay\" style=\"background-color:#eeeeee\" target=\"_blank\" rel=\"noopener noreferrer\" href=\"https:\/\/www.panochrome.fr\/panoramas\/monde\/la_reunion\/piton-de-la-fournaise\/cheminee\/PDF_Cheminee.html\"><\/a><\/div>\n\n\n\n<p><br><\/p>\n<\/div>\n\n\n\n<div class=\"wp-block-column is-layout-flow wp-block-column-is-layout-flow\">\n<h5 class=\"wp-block-heading\"><strong><span style=\"text-decoration: underline;\"><a href=\"https:\/\/www.panochrome.fr\/panoramas\/monde\/la_reunion\/piton-de-la-fournaise\/cheminee\/PDF_Cheminee.html\" target=\"_blank\" rel=\"noreferrer noopener\" aria-label=\" (s\u2019ouvre dans un nouvel onglet)\">Chemin\u00e9e secondaire<\/a><\/span><\/strong><\/h5>\n\n\n\n<p>Chemin\u00e9e secondaire avec un aspect tr\u00e8s liquide de la lave refroidie.<br><br><br><br><br><br><br><\/p>\n\n\n\n<p><em>Mat\u00e9riel: Pentax k5 \/ Nodal Ninja 3 MkII<\/em><\/p>\n<\/div>\n<\/div>\n\n\n\n<h5 class=\"wp-block-heading\"><strong>Piton des Neiges<\/strong><\/h5>\n\n\n\n<div class=\"wp-block-columns has-2-columns is-layout-flex wp-container-core-columns-is-layout-9d6595d7 wp-block-columns-is-layout-flex\">\n<div class=\"wp-block-column is-layout-flow wp-block-column-is-layout-flow\">\n<div class=\"wp-block-advgb-image advgb-image-block full-width\" style=\"background-image:url(http:\/\/panochrome.fr\/fr\/wp-content\/uploads\/2019\/07\/france-la_reunion-piton-des-neiges-ciel-etoile.jpg);height:250px;width:500px;justify-content:flex-end;align-items:flex-start\" data-image=\"http:\/\/panochrome.fr\/fr\/wp-content\/uploads\/2019\/07\/france-la_reunion-piton-des-neiges-ciel-etoile.jpg\"><a class=\"advgb-image-overlay\" style=\"background-color:#eeeeee\" target=\"_blank\" rel=\"noopener noreferrer\" href=\"https:\/\/www.panochrome.fr\/panoramas\/monde\/la_reunion\/piton-des-neiges\/ciel-etoile\/piton_des_neiges-ciel-etoile.html\"><\/a><\/div>\n\n\n\n<p><br><\/p>\n<\/div>\n\n\n\n<div class=\"wp-block-column is-layout-flow wp-block-column-is-layout-flow\">\n<h5 class=\"wp-block-heading\"><strong><span style=\"text-decoration: underline;\"><a href=\"https:\/\/www.panochrome.fr\/panoramas\/monde\/la_reunion\/piton-des-neiges\/ciel-etoile\/piton_des_neiges-ciel-etoile.html\" target=\"_blank\" rel=\"noreferrer noopener\" aria-label=\" (s\u2019ouvre dans un nouvel onglet)\">Ciel \u00e9toil\u00e9<\/a><\/span><\/strong><\/h5>\n\n\n\n<p>Le ciel \u00e9toil\u00e9 \u00e0 4h20 du matin en haut du Piton des Neiges. 3070m, 5\u00b0C et une vue superbe.<br><br><br><br><br><br><\/p>\n\n\n\n<p><em>Mat\u00e9riel: Pentax k5 \/ Nodal Ninja 3 MkII<\/em><\/p>\n<\/div>\n<\/div>\n\n\n\n<div class=\"wp-block-columns has-2-columns is-layout-flex wp-container-core-columns-is-layout-9d6595d7 wp-block-columns-is-layout-flex\">\n<div class=\"wp-block-column is-layout-flow wp-block-column-is-layout-flow\">\n<div class=\"wp-block-advgb-image advgb-image-block full-width\" style=\"background-image:url(http:\/\/panochrome.fr\/fr\/wp-content\/uploads\/2019\/07\/france-la_reunion-piton-des-neiges-cirque-cilaos.jpg);height:250px;width:500px;justify-content:flex-end;align-items:flex-start\" data-image=\"http:\/\/panochrome.fr\/fr\/wp-content\/uploads\/2019\/07\/france-la_reunion-piton-des-neiges-cirque-cilaos.jpg\"><a class=\"advgb-image-overlay\" style=\"background-color:#eeeeee\" target=\"_blank\" rel=\"noopener noreferrer\" href=\"https:\/\/www.panochrome.fr\/panoramas\/monde\/la_reunion\/piton-des-neiges\/cirque-cilaos\/Piton_des_Neiges_-_Cirque_de_Cilaos.html\"><\/a><\/div>\n\n\n\n<p><br><\/p>\n<\/div>\n\n\n\n<div class=\"wp-block-column is-layout-flow wp-block-column-is-layout-flow\">\n<h5 class=\"wp-block-heading\"><strong><span style=\"text-decoration: underline;\"><a href=\"https:\/\/www.panochrome.fr\/panoramas\/monde\/la_reunion\/piton-des-neiges\/cirque-cilaos\/Piton_des_Neiges_-_Cirque_de_Cilaos.html\" target=\"_blank\" rel=\"noreferrer noopener\" aria-label=\" (s\u2019ouvre dans un nouvel onglet)\">Col du Ta\u00efbit<\/a><\/span><\/strong><\/h5>\n\n\n\n<p>Au fond, tout juste \u00e9clair\u00e9 par la lumi\u00e8re du matin, le col du Ta\u00efbit qui permet de passer du cirque de Mafate au cirque de Cilaos.<br><br><br><br><br><br><\/p>\n\n\n\n<p><em>Mat\u00e9riel: Pentax k5 \/ Nodal Ninja 3 MkII<\/em><\/p>\n<\/div>\n<\/div>\n\n\n\n<h5 class=\"wp-block-heading\"><strong>Cirque de Mafate<\/strong><\/h5>\n\n\n\n<div class=\"wp-block-columns has-2-columns is-layout-flex wp-container-core-columns-is-layout-9d6595d7 wp-block-columns-is-layout-flex\">\n<div class=\"wp-block-column is-layout-flow wp-block-column-is-layout-flow\">\n<div class=\"wp-block-advgb-image advgb-image-block full-width\" style=\"background-image:url(http:\/\/panochrome.fr\/fr\/wp-content\/uploads\/2019\/07\/france-la_reunion-mafate-plaine-dinosaure.jpg);height:250px;width:500px;justify-content:flex-end;align-items:flex-start\" data-image=\"http:\/\/panochrome.fr\/fr\/wp-content\/uploads\/2019\/07\/france-la_reunion-mafate-plaine-dinosaure.jpg\"><a class=\"advgb-image-overlay\" style=\"background-color:#eeeeee\" target=\"_blank\" rel=\"noopener noreferrer\" href=\"https:\/\/www.panochrome.fr\/panoramas\/monde\/la_reunion\/cirque-mafate\/plaine-dino-vide\/Plaine_des_dinosaures.html\"><\/a><\/div>\n\n\n\n<p><br><\/p>\n<\/div>\n\n\n\n<div class=\"wp-block-column is-layout-flow wp-block-column-is-layout-flow\">\n<h5 class=\"wp-block-heading\"><strong><span style=\"text-decoration: underline;\"><a href=\"https:\/\/www.panochrome.fr\/panoramas\/monde\/la_reunion\/cirque-mafate\/plaine-dino-vide\/Plaine_des_dinosaures.html\" target=\"_blank\" rel=\"noreferrer noopener\" aria-label=\" (s\u2019ouvre dans un nouvel onglet)\">Plaine des Tamarins<\/a><\/span><\/strong><\/h5>\n\n\n\n<p>La plaine des Tamarins dans le cirque de Mafate. Tr\u00e8s d\u00e9paysant.<br><br><br><br><br><br><br><\/p>\n\n\n\n<p><em>Mat\u00e9riel: Pentax k5 \/ Nodal Ninja 3 MkII<\/em><\/p>\n<\/div>\n<\/div>\n\n\n\n<div class=\"wp-block-columns has-2-columns is-layout-flex wp-container-core-columns-is-layout-9d6595d7 wp-block-columns-is-layout-flex\">\n<div class=\"wp-block-column is-layout-flow wp-block-column-is-layout-flow\">\n<div class=\"wp-block-advgb-image advgb-image-block full-width\" style=\"background-image:url(http:\/\/panochrome.fr\/fr\/wp-content\/uploads\/2019\/07\/france-la_reunion-mafate-plateau-kelval.jpg);height:250px;width:500px;justify-content:flex-end;align-items:flex-start\" data-image=\"http:\/\/panochrome.fr\/fr\/wp-content\/uploads\/2019\/07\/france-la_reunion-mafate-plateau-kelval.jpg\"><a class=\"advgb-image-overlay\" style=\"background-color:#eeeeee\" target=\"_blank\" rel=\"noopener noreferrer\" href=\"https:\/\/www.panochrome.fr\/panoramas\/monde\/la_reunion\/cirque-mafate\/plateau-de-kelval\/Plateau_Kelval.html\"><\/a><\/div>\n\n\n\n<p><br><\/p>\n<\/div>\n\n\n\n<div class=\"wp-block-column is-layout-flow wp-block-column-is-layout-flow\">\n<h5 class=\"wp-block-heading\"><strong><span style=\"text-decoration: underline;\"><a href=\"https:\/\/www.panochrome.fr\/panoramas\/monde\/la_reunion\/cirque-mafate\/plateau-de-kelval\/Plateau_Kelval.html\" target=\"_blank\" rel=\"noreferrer noopener\" aria-label=\" (s\u2019ouvre dans un nouvel onglet)\">Plateau Kelval<\/a><\/span><\/strong><\/h5>\n\n\n\n<p>La randonn\u00e9e pour rejoindre le plateau est assez difficile, mais l\u2019effort est r\u00e9compens\u00e9 par le paysage une fois arriv\u00e9.<br><br><br><br><br><br><\/p>\n\n\n\n<p><em>Mat\u00e9riel: Pentax k5 \/ Nodal Ninja 3 MkII<\/em><\/p>\n<\/div>\n<\/div>\n\n\n\n<h5 class=\"wp-block-heading\"><strong>Takamaka<\/strong><\/h5>\n\n\n\n<div class=\"wp-block-columns has-2-columns is-layout-flex wp-container-core-columns-is-layout-9d6595d7 wp-block-columns-is-layout-flex\">\n<div class=\"wp-block-column is-layout-flow wp-block-column-is-layout-flow\">\n<div class=\"wp-block-advgb-image advgb-image-block full-width\" style=\"background-image:url(http:\/\/panochrome.fr\/fr\/wp-content\/uploads\/2019\/07\/france-la_reunion-takamaka.jpg);height:250px;width:500px;justify-content:flex-end;align-items:flex-start\" data-image=\"http:\/\/panochrome.fr\/fr\/wp-content\/uploads\/2019\/07\/france-la_reunion-takamaka.jpg\"><a class=\"advgb-image-overlay\" style=\"background-color:#eeeeee\" target=\"_blank\" rel=\"noopener noreferrer\" href=\"https:\/\/www.panochrome.fr\/panoramas\/monde\/la_reunion\/takamaka\/foret-primordiale\/Takamaka_-_Foret_primordiale.html\"><\/a><\/div>\n\n\n\n<p><br><\/p>\n<\/div>\n\n\n\n<div class=\"wp-block-column is-layout-flow wp-block-column-is-layout-flow\">\n<h5 class=\"wp-block-heading\"><strong><span style=\"text-decoration: underline;\"><a href=\"https:\/\/www.panochrome.fr\/panoramas\/monde\/la_reunion\/takamaka\/foret-primordiale\/Takamaka_-_Foret_primordiale.html\" target=\"_blank\" rel=\"noreferrer noopener\" aria-label=\" (s\u2019ouvre dans un nouvel onglet)\">For\u00eat primordiale<\/a><\/span><\/strong><\/h5>\n\n\n\n<p>La vall\u00e9e la plus humide de l\u2019\u00eele. On y trouve la for\u00eat primordiale, avec ses foug\u00e8res g\u00e9antes et ses orchid\u00e9es sauvages. Randonn\u00e9e tr\u00e8s difficile et donc tr\u00e8s peu fr\u00e9quent\u00e9e.<br><br><br><br><br><\/p>\n\n\n\n<p><em>Mat\u00e9riel: Pentax k5 \/ Nodal Ninja 3 MkII<\/em><\/p>\n<\/div>\n<\/div>\n","protected":false},"excerpt":{"rendered":"<p>Panoramas r\u00e9alis\u00e9s en novembre 2014 lors d&rsquo;un s\u00e9jour sur l\u2019\u00eele de la R\u00e9union. Piton de la Fournaise Crat\u00e8re Vue du crat\u00e8re du Piton de la Fournaise, au repos. Mat\u00e9riel: Pentax k5 \/ Nodal Ninja 3 MkII Chemin\u00e9e secondaire Chemin\u00e9e secondaire avec un aspect tr\u00e8s liquide de la lave refroidie. Mat\u00e9riel: Pentax k5 \/ Nodal Ninja [&hellip;]<\/p>\n","protected":false},"author":1,"featured_media":0,"parent":346,"menu_order":0,"comment_status":"closed","ping_status":"closed","template":"","meta":{"_uag_custom_page_level_css":"","advgb_blocks_editor_width":"","advgb_blocks_columns_visual_guide":"","footnotes":""},"class_list":["post-914","page","type-page","status-publish","hentry"],"uagb_featured_image_src":{"full":false,"thumbnail":false,"medium":false,"medium_large":false,"large":false,"1536x1536":false,"2048x2048":false},"uagb_author_info":{"display_name":"Etienne","author_link":"https:\/\/panochrome.fr\/fr\/author\/edgeat51-wp\/"},"uagb_comment_info":0,"uagb_excerpt":"Panoramas r\u00e9alis\u00e9s en novembre 2014 lors d&rsquo;un s\u00e9jour sur l\u2019\u00eele de la R\u00e9union. Piton de la Fournaise Crat\u00e8re Vue du crat\u00e8re du Piton de la Fournaise, au repos. Mat\u00e9riel: Pentax k5 \/ Nodal Ninja 3 MkII Chemin\u00e9e secondaire Chemin\u00e9e secondaire avec un aspect tr\u00e8s liquide de la lave refroidie. Mat\u00e9riel: Pentax k5 \/ Nodal Ninja\u2026","coauthors":[],"author_meta":{"author_link":"https:\/\/panochrome.fr\/fr\/author\/edgeat51-wp\/","display_name":"Etienne"},"relative_dates":{"created":"Publi\u00e9 7 ans il y a","modified":"Mis \u00e0 jour 7 ans il y a"},"absolute_dates":{"created":"Publi\u00e9 le 20 juillet 2019","modified":"Mise \u00e0 jour le 19 ao\u00fbt 2019"},"absolute_dates_time":{"created":"Publi\u00e9 le 20 juillet 2019 20 h 29 min","modified":"Mise \u00e0 jour le 19 ao\u00fbt 2019 16 h 39 min"},"featured_img_caption":"","featured_img":false,"series_order":"","_links":{"self":[{"href":"https:\/\/panochrome.fr\/fr\/wp-json\/wp\/v2\/pages\/914","targetHints":{"allow":["GET"]}}],"collection":[{"href":"https:\/\/panochrome.fr\/fr\/wp-json\/wp\/v2\/pages"}],"about":[{"href":"https:\/\/panochrome.fr\/fr\/wp-json\/wp\/v2\/types\/page"}],"author":[{"embeddable":true,"href":"https:\/\/panochrome.fr\/fr\/wp-json\/wp\/v2\/users\/1"}],"replies":[{"embeddable":true,"href":"https:\/\/panochrome.fr\/fr\/wp-json\/wp\/v2\/comments?post=914"}],"version-history":[{"count":8,"href":"https:\/\/panochrome.fr\/fr\/wp-json\/wp\/v2\/pages\/914\/revisions"}],"predecessor-version":[{"id":1529,"href":"https:\/\/panochrome.fr\/fr\/wp-json\/wp\/v2\/pages\/914\/revisions\/1529"}],"up":[{"embeddable":true,"href":"https:\/\/panochrome.fr\/fr\/wp-json\/wp\/v2\/pages\/346"}],"wp:attachment":[{"href":"https:\/\/panochrome.fr\/fr\/wp-json\/wp\/v2\/media?parent=914"}],"curies":[{"name":"wp","href":"https:\/\/api.w.org\/{rel}","templated":true}]}}