{"id":665,"date":"2019-07-06T16:10:15","date_gmt":"2019-07-06T14:10:15","guid":{"rendered":"http:\/\/panochrome.fr\/fr\/?page_id=665"},"modified":"2019-08-19T16:49:36","modified_gmt":"2019-08-19T14:49:36","slug":"inclassable","status":"publish","type":"page","link":"https:\/\/panochrome.fr\/fr\/panoramas\/divers-2\/inclassable\/","title":{"rendered":"Inclassable"},"content":{"rendered":"\n<div class=\"wp-block-columns has-2-columns is-layout-flex wp-container-core-columns-is-layout-9d6595d7 wp-block-columns-is-layout-flex\">\n<div class=\"wp-block-column is-layout-flow wp-block-column-is-layout-flow\">\n<div class=\"wp-block-advgb-image advgb-image-block full-width\" style=\"background-image:url(http:\/\/panochrome.fr\/fr\/wp-content\/uploads\/2019\/07\/divers-inclassable-insolite.jpg);height:250px;width:500px;justify-content:flex-end;align-items:flex-start\" data-image=\"http:\/\/panochrome.fr\/fr\/wp-content\/uploads\/2019\/07\/divers-inclassable-insolite.jpg\"><a class=\"advgb-image-overlay\" style=\"background-color:#eeeeee\" target=\"_blank\" rel=\"noopener noreferrer\" href=\"https:\/\/www.panochrome.fr\/panoramas\/divers\/insolite\/insolite_original_2010\/insolite_sphere.html\"><\/a><\/div>\n\n\n\n<p><br><\/p>\n<\/div>\n\n\n\n<div class=\"wp-block-column is-layout-flow wp-block-column-is-layout-flow\">\n<h5 class=\"wp-block-heading\"><strong><span style=\"text-decoration: underline;\"><a href=\"https:\/\/www.panochrome.fr\/panoramas\/divers\/insolite\/insolite_original_2010\/insolite_sphere.html\" target=\"_blank\" rel=\"noreferrer noopener\" aria-label=\" (s\u2019ouvre dans un nouvel onglet)\">Insolite \/ Original<\/a><\/span><\/strong><\/h5>\n\n\n\n<p>Panorama r\u00e9alis\u00e9 dans le cadre des \u00abD\u00e9fis du mois\u00bb du site Panophoto.org. Le th\u00e8me \u00e9tait \u00abInsolite, original\u00bb.<br>J\u2019ai choisi de montrer l\u2019envers du d\u00e9cor: montrer le panoramiste en action.<br><br><br><br><\/p>\n\n\n\n<p><em>Mat\u00e9riel: Pentax K7 \/ Panosaurus<\/em><\/p>\n<\/div>\n<\/div>\n\n\n\n<div class=\"wp-block-columns has-2-columns is-layout-flex wp-container-core-columns-is-layout-9d6595d7 wp-block-columns-is-layout-flex\">\n<div class=\"wp-block-column is-layout-flow wp-block-column-is-layout-flow\">\n<div class=\"wp-block-advgb-image advgb-image-block full-width\" style=\"background-image:url(http:\/\/panochrome.fr\/fr\/wp-content\/uploads\/2019\/07\/divers-inclassable-voie_abandonnee.jpg);height:250px;width:500px;justify-content:flex-end;align-items:flex-start\" data-image=\"http:\/\/panochrome.fr\/fr\/wp-content\/uploads\/2019\/07\/divers-inclassable-voie_abandonnee.jpg\"><a class=\"advgb-image-overlay\" style=\"background-color:#eeeeee\" target=\"_blank\" rel=\"noopener noreferrer\" href=\"https:\/\/www.panochrome.fr\/panoramas\/divers\/insolite\/voie_abandonnee\/voie_abandonnee.html\"><\/a><\/div>\n\n\n\n<p><br><\/p>\n<\/div>\n\n\n\n<div class=\"wp-block-column is-layout-flow wp-block-column-is-layout-flow\">\n<h5 class=\"wp-block-heading\"><a rel=\"noreferrer noopener\" aria-label=\"Fin du voyage (s\u2019ouvre dans un nouvel onglet)\" href=\"http:\/\/www.panochrome.fr\/panoramas\/divers\/insolite\/voie_abandonnee\/voie_abandonnee.html\" target=\"_blank\"><strong><span style=\"text-decoration: underline;\">Fin du<\/span><\/strong><\/a><strong><span style=\"text-decoration: underline;\"><a href=\"https:\/\/www.panochrome.fr\/panoramas\/divers\/insolite\/voie_abandonnee\/voie_abandonnee.html\" target=\"_blank\" rel=\"noreferrer noopener\" aria-label=\" voyage (s\u2019ouvre dans un nouvel onglet)\"> voyage<\/a><\/span><\/strong><\/h5>\n\n\n\n<p>Photo prise \u00e0 Amiens. C\u2019est une ancienne voie ferr\u00e9e aujourd\u2019hui abandonn\u00e9e qui m\u2019a fait penser \u00e0 la fin d\u2019un voyage: les buttoirs et l\u2019abandon du site repr\u00e9sentent deux aspects de la fin de cette infrastructure.<br><br><br><br><\/p>\n\n\n\n<p><em>Mat\u00e9riel: Pentax K5 \/ Nodal Ninja 3 MkII \/ Tr\u00e9pied Benro<\/em><\/p>\n<\/div>\n<\/div>\n\n\n\n<div class=\"wp-block-columns has-2-columns is-layout-flex wp-container-core-columns-is-layout-9d6595d7 wp-block-columns-is-layout-flex\">\n<div class=\"wp-block-column is-layout-flow wp-block-column-is-layout-flow\">\n<div class=\"wp-block-advgb-image advgb-image-block full-width\" style=\"background-image:url(http:\/\/panochrome.fr\/fr\/wp-content\/uploads\/2019\/07\/divers-inclassable-solitude_belfort.jpg);height:250px;width:500px;justify-content:flex-end;align-items:flex-start\" data-image=\"http:\/\/panochrome.fr\/fr\/wp-content\/uploads\/2019\/07\/divers-inclassable-solitude_belfort.jpg\"><a class=\"advgb-image-overlay\" style=\"background-color:#eeeeee\" target=\"_blank\" rel=\"noopener noreferrer\" href=\"https:\/\/www.panochrome.fr\/panoramas\/divers\/insolite\/belfort-solitude\/solitude-belfort-2011.html\"><\/a><\/div>\n\n\n\n<p><br><\/p>\n<\/div>\n\n\n\n<div class=\"wp-block-column is-layout-flow wp-block-column-is-layout-flow\">\n<h5 class=\"wp-block-heading\"><strong><span style=\"text-decoration: underline;\"><a href=\"https:\/\/www.panochrome.fr\/panoramas\/divers\/insolite\/belfort-solitude\/solitude-belfort-2011.html\" target=\"_blank\" rel=\"noreferrer noopener\" aria-label=\" (s\u2019ouvre dans un nouvel onglet)\">Solitude &#8211; Belfort<\/a><\/span><\/strong><\/h5>\n\n\n\n<p>R\u00e9alis\u00e9 en 2011 dans l\u2019appartement que j\u2019occupais \u00e0 Belfort, lors d\u2019une mission professionnelle de 9 mois.<br><br><br><br><br><br><\/p>\n\n\n\n<p><em>Mat\u00e9riel: Pentax K7 \/ Nodal Ninja 3 MkII \/ Tr\u00e9pied Benro<\/em><\/p>\n<\/div>\n<\/div>\n\n\n\n<div class=\"wp-block-columns has-2-columns is-layout-flex wp-container-core-columns-is-layout-9d6595d7 wp-block-columns-is-layout-flex\">\n<div class=\"wp-block-column is-layout-flow wp-block-column-is-layout-flow\">\n<div class=\"wp-block-advgb-image advgb-image-block full-width\" style=\"background-image:url(http:\/\/panochrome.fr\/fr\/wp-content\/uploads\/2019\/07\/divers-inclassable-la_reunion_t-rex.jpg);height:250px;width:500px;justify-content:flex-end;align-items:flex-start\" data-image=\"http:\/\/panochrome.fr\/fr\/wp-content\/uploads\/2019\/07\/divers-inclassable-la_reunion_t-rex.jpg\"><a class=\"advgb-image-overlay\" style=\"background-color:#eeeeee\" target=\"_blank\" rel=\"noopener noreferrer\" href=\"https:\/\/www.panochrome.fr\/panoramas\/monde\/la_reunion\/cirque-mafate\/plaine-dino-trex\/Plaine_des_dinosaures-t-rex.html\"><\/a><\/div>\n\n\n\n<p><br><\/p>\n<\/div>\n\n\n\n<div class=\"wp-block-column is-layout-flow wp-block-column-is-layout-flow\">\n<h5 class=\"wp-block-heading\"><strong><span style=\"text-decoration: underline;\"><a href=\"https:\/\/www.panochrome.fr\/panoramas\/monde\/la_reunion\/cirque-mafate\/plaine-dino-trex\/Plaine_des_dinosaures-t-rex.html\" target=\"_blank\" rel=\"noreferrer noopener\" aria-label=\" (s\u2019ouvre dans un nouvel onglet)\">Attaque de T-Rex &#8211; \u00cele de la R\u00e9union<\/a><\/span><\/strong><\/h5>\n\n\n\n<p>En 2014, il n\u2019y a pas qu\u2019\u00e0 Jurassic Park que l\u2019on trouve des dinosaures, les T-Rex attaque aussi dans le cirque de Mafate!<br><br><br><br><br><br><\/p>\n\n\n\n<p><em>Mat\u00e9riel: Pentax K5 \/ Nodal Ninja 3 MkII \/ Tr\u00e9pied Benro<\/em><\/p>\n<\/div>\n<\/div>\n\n\n\n<div class=\"wp-block-columns has-2-columns is-layout-flex wp-container-core-columns-is-layout-9d6595d7 wp-block-columns-is-layout-flex\">\n<div class=\"wp-block-column is-layout-flow wp-block-column-is-layout-flow\">\n<div class=\"wp-block-advgb-image advgb-image-block full-width\" style=\"background-image:url(http:\/\/panochrome.fr\/fr\/wp-content\/uploads\/2019\/07\/divers-inclassable-rencontre_kolor_2010-mont_st_michel.jpg);height:250px;width:500px;justify-content:flex-end;align-items:flex-start\" data-image=\"http:\/\/panochrome.fr\/fr\/wp-content\/uploads\/2019\/07\/divers-inclassable-rencontre_kolor_2010-mont_st_michel.jpg\"><a class=\"advgb-image-overlay\" style=\"background-color:#eeeeee\" target=\"_blank\" rel=\"noopener noreferrer\" href=\"https:\/\/www.panochrome.fr\/panoramas\/divers\/rencontre_kolor_2010\/rencontre_kolor_2010-mont_st_michel.html\"><\/a><\/div>\n\n\n\n<p><br><\/p>\n<\/div>\n\n\n\n<div class=\"wp-block-column is-layout-flow wp-block-column-is-layout-flow\">\n<h5 class=\"wp-block-heading\"><strong><span style=\"text-decoration: underline;\"><a href=\"https:\/\/www.panochrome.fr\/panoramas\/divers\/rencontre_kolor_2010\/rencontre_kolor_2010-mont_st_michel.html\" target=\"_blank\" rel=\"noreferrer noopener\" aria-label=\" (s\u2019ouvre dans un nouvel onglet)\">Rencontre Kolor 2010 &#8211; Challes-les-Eaux<\/a><\/span><\/strong><\/h5>\n\n\n\n<p>En 2010, la soci\u00e9t\u00e9 kolor (d\u00e9veloppeur d\u2019Autopano) a organis\u00e9 une rencontre dans ses locaux \u00e0 Challes-les-Eaux pour pr\u00e9senter la version 2.5 d\u2019Autopano Giga. Cette photo a \u00e9t\u00e9 r\u00e9alis\u00e9e lors d\u2019une sortie au Mont Saint Michel.<br><br><br><br><\/p>\n\n\n\n<p><em>Mat\u00e9riel: Pentax K10D \/ Nodal Ninja R10 \/ Monopod Manfrotto<\/em><\/p>\n<\/div>\n<\/div>\n\n\n\n<div class=\"wp-block-columns has-2-columns is-layout-flex wp-container-core-columns-is-layout-9d6595d7 wp-block-columns-is-layout-flex\">\n<div class=\"wp-block-column is-layout-flow wp-block-column-is-layout-flow\">\n<div class=\"wp-block-advgb-image advgb-image-block full-width\" style=\"background-image:url(http:\/\/panochrome.fr\/fr\/wp-content\/uploads\/2019\/08\/divers-inclassable-autoportrait.jpg);height:250px;width:500px;justify-content:flex-end;align-items:flex-start\" data-image=\"http:\/\/panochrome.fr\/fr\/wp-content\/uploads\/2019\/08\/divers-inclassable-autoportrait.jpg\"><a class=\"advgb-image-overlay\" style=\"background-color:#eeeeee\" target=\"_blank\" rel=\"noopener noreferrer\" href=\"https:\/\/panochrome.fr\/panoramas\/divers\/autoportrait\/autoportrait.html\"><\/a><\/div>\n\n\n\n<p><br><\/p>\n<\/div>\n\n\n\n<div class=\"wp-block-column is-layout-flow wp-block-column-is-layout-flow\">\n<h5 class=\"wp-block-heading\"><strong><span style=\"text-decoration: underline;\"><a href=\"https:\/\/panochrome.fr\/panoramas\/divers\/autoportrait\/autoportrait.html\" target=\"_blank\" rel=\"noreferrer noopener\" aria-label=\" (s\u2019ouvre dans un nouvel onglet)\">Autoportrait<\/a><\/span><\/strong><\/h5>\n\n\n\n<p>Exp\u00e9rimentation faite en 2010 apr\u00e8s avoir vu ce type de photo par un autre panophotographe (dont le nom m&rsquo;\u00e9chappe).<br>Prise de vue de mon visage sous forme de panorama sph\u00e9rique. Le r\u00e9sultat est tr\u00e8s \u00e9trange mais assez amusant.<br>La prise de vue s&rsquo;est faite comme pour un objet VR (appareil fixe, le sujet tourne), l&rsquo;assemble a \u00e9t\u00e9 fait avec Stitcher et les retouches sous photoshop.<\/p>\n\n\n\n<p><em>Mat\u00e9riel: Pentax K10D<\/em><\/p>\n<\/div>\n<\/div>\n\n\n\n<h5 class=\"wp-block-heading\"><strong>Ecole Nationale des Ponts et Chauss\u00e9es<\/strong><\/h5>\n\n\n\n<div class=\"wp-block-columns has-2-columns is-layout-flex wp-container-core-columns-is-layout-9d6595d7 wp-block-columns-is-layout-flex\">\n<div class=\"wp-block-column is-layout-flow wp-block-column-is-layout-flow\">\n<div class=\"wp-block-advgb-image advgb-image-block full-width\" style=\"background-image:url(http:\/\/panochrome.fr\/fr\/wp-content\/uploads\/2019\/08\/divers-inclassable-enpc_hall.jpg);height:250px;width:500px;justify-content:flex-end;align-items:flex-start\" data-image=\"http:\/\/panochrome.fr\/fr\/wp-content\/uploads\/2019\/08\/divers-inclassable-enpc_hall.jpg\"><a class=\"advgb-image-overlay\" style=\"background-color:#eeeeee\" target=\"_blank\" rel=\"noopener noreferrer\" href=\"https:\/\/panochrome.fr\/panoramas\/divers\/enpc\/hall_entree\/index.html\"><\/a><\/div>\n\n\n\n<p><br><\/p>\n<\/div>\n\n\n\n<div class=\"wp-block-column is-layout-flow wp-block-column-is-layout-flow\">\n<h5 class=\"wp-block-heading\"><strong><span style=\"text-decoration: underline;\"><a href=\"http:\/\/panochrome.fr\/panoramas\/divers\/enpc\/hall_entree\/index.html\" target=\"_blank\" rel=\"noreferrer noopener\" aria-label=\" (s\u2019ouvre dans un nouvel onglet)\">Hall d&rsquo;entr\u00e9e<\/a><\/span><\/strong><\/h5>\n\n\n\n<p>Hall principale de l&rsquo;Ecole Nationale des Ponts et Chauss\u00e9es.<br><br><br><br><br><br><br><\/p>\n\n\n\n<p><em>Mat\u00e9riel: Pentax K10D \/ T\u00eate Panosaurus<\/em><\/p>\n<\/div>\n<\/div>\n\n\n\n<div class=\"wp-block-columns has-2-columns is-layout-flex wp-container-core-columns-is-layout-9d6595d7 wp-block-columns-is-layout-flex\">\n<div class=\"wp-block-column is-layout-flow wp-block-column-is-layout-flow\">\n<div class=\"wp-block-advgb-image advgb-image-block full-width\" style=\"background-image:url(http:\/\/panochrome.fr\/fr\/wp-content\/uploads\/2019\/07\/divers-inclassable-enpc_amphi_chuchy.jpg);height:250px;width:500px;justify-content:flex-end;align-items:flex-start\" data-image=\"http:\/\/panochrome.fr\/fr\/wp-content\/uploads\/2019\/07\/divers-inclassable-enpc_amphi_chuchy.jpg\"><a class=\"advgb-image-overlay\" style=\"background-color:#eeeeee\" target=\"_blank\" rel=\"noopener noreferrer\" href=\"https:\/\/www.panochrome.fr\/panoramas\/divers\/enpc\/cauchy_vide\/cauchy_vide.html\"><\/a><\/div>\n\n\n\n<p><br><\/p>\n<\/div>\n\n\n\n<div class=\"wp-block-column is-layout-flow wp-block-column-is-layout-flow\">\n<h5 class=\"wp-block-heading\"><strong><span style=\"text-decoration: underline;\"><a href=\"https:\/\/www.panochrome.fr\/panoramas\/divers\/enpc\/cauchy_vide\/cauchy_vide.html\" target=\"_blank\" rel=\"noreferrer noopener\" aria-label=\" (s\u2019ouvre dans un nouvel onglet)\">Amphit\u00e9\u00e2tre Cauchy (vide)<\/a><\/span><\/strong><\/h5>\n\n\n\n<p>L\u2019amphith\u00e9\u00e2tre Cauchy est le plus grand amphi de l\u2019\u00e9cole des Pont. L\u2019\u00e9cole des Ponts est install\u00e9e dans ses nouveaux b\u00e2timents de Champs-sur-Marne (77) depuis 1997. Elle partage ses b\u00e2timents avec l\u2019ENSG et l\u2019IGN.<br><br><br><br><\/p>\n\n\n\n<p><em>Mat\u00e9riel: Pentax K10D \/ T\u00eate Panosaurus<\/em><\/p>\n<\/div>\n<\/div>\n\n\n\n<div class=\"wp-block-columns has-2-columns is-layout-flex wp-container-core-columns-is-layout-9d6595d7 wp-block-columns-is-layout-flex\">\n<div class=\"wp-block-column is-layout-flow wp-block-column-is-layout-flow\">\n<div class=\"wp-block-advgb-image advgb-image-block full-width\" style=\"background-image:url(http:\/\/panochrome.fr\/fr\/wp-content\/uploads\/2019\/07\/divers-inclassable-enpc_amphi_chuchy_clones.jpg);height:250px;width:500px;justify-content:flex-end;align-items:flex-start\" data-image=\"http:\/\/panochrome.fr\/fr\/wp-content\/uploads\/2019\/07\/divers-inclassable-enpc_amphi_chuchy_clones.jpg\"><a class=\"advgb-image-overlay\" style=\"background-color:#eeeeee\" target=\"_blank\" rel=\"noopener noreferrer\" href=\"https:\/\/www.panochrome.fr\/panoramas\/divers\/enpc\/amphi_cauchy_plein\/amphi_cauchy_plein.html\"><\/a><\/div>\n\n\n\n<p><br><\/p>\n<\/div>\n\n\n\n<div class=\"wp-block-column is-layout-flow wp-block-column-is-layout-flow\">\n<h5 class=\"wp-block-heading\"><strong><span style=\"text-decoration: underline;\"><a href=\"https:\/\/www.panochrome.fr\/panoramas\/divers\/enpc\/amphi_cauchy_plein\/amphi_cauchy_plein.html\" target=\"_blank\" rel=\"noreferrer noopener\" aria-label=\" (s\u2019ouvre dans un nouvel onglet)\">Amphit\u00e9\u00e2tre Cauchy (plein)<\/a><\/span><\/strong><\/h5>\n\n\n\n<p>Le m\u00eame amphith\u00e9\u00e2tre, mais remplit d\u2019\u00e9l\u00e8ves on ne peut plus studieux.<br>Ce panorama a demand\u00e9 un important travail de retouche sur Photoshop pour la gestion des masques de fusion.<br><br><br><br><\/p>\n\n\n\n<p><em>Mat\u00e9riel: Pentax K10D \/ T\u00eate Panosaurus<\/em><\/p>\n<\/div>\n<\/div>\n","protected":false},"excerpt":{"rendered":"<p>Insolite \/ Original Panorama r\u00e9alis\u00e9 dans le cadre des \u00abD\u00e9fis du mois\u00bb du site Panophoto.org. Le th\u00e8me \u00e9tait \u00abInsolite, original\u00bb.J\u2019ai choisi de montrer l\u2019envers du d\u00e9cor: montrer le panoramiste en action. Mat\u00e9riel: Pentax K7 \/ Panosaurus Fin du voyage Photo prise \u00e0 Amiens. C\u2019est une ancienne voie ferr\u00e9e aujourd\u2019hui abandonn\u00e9e qui m\u2019a fait penser \u00e0 [&hellip;]<\/p>\n","protected":false},"author":1,"featured_media":0,"parent":422,"menu_order":3,"comment_status":"closed","ping_status":"closed","template":"","meta":{"_uag_custom_page_level_css":"","advgb_blocks_editor_width":"","advgb_blocks_columns_visual_guide":"","footnotes":""},"class_list":["post-665","page","type-page","status-publish","hentry"],"uagb_featured_image_src":{"full":false,"thumbnail":false,"medium":false,"medium_large":false,"large":false,"1536x1536":false,"2048x2048":false},"uagb_author_info":{"display_name":"Etienne","author_link":"https:\/\/panochrome.fr\/fr\/author\/edgeat51-wp\/"},"uagb_comment_info":0,"uagb_excerpt":"Insolite \/ Original Panorama r\u00e9alis\u00e9 dans le cadre des \u00abD\u00e9fis du mois\u00bb du site Panophoto.org. Le th\u00e8me \u00e9tait \u00abInsolite, original\u00bb.J\u2019ai choisi de montrer l\u2019envers du d\u00e9cor: montrer le panoramiste en action. Mat\u00e9riel: Pentax K7 \/ Panosaurus Fin du voyage Photo prise \u00e0 Amiens. C\u2019est une ancienne voie ferr\u00e9e aujourd\u2019hui abandonn\u00e9e qui m\u2019a fait penser \u00e0\u2026","coauthors":[],"author_meta":{"author_link":"https:\/\/panochrome.fr\/fr\/author\/edgeat51-wp\/","display_name":"Etienne"},"relative_dates":{"created":"Publi\u00e9 7 ans il y a","modified":"Mis \u00e0 jour 7 ans il y a"},"absolute_dates":{"created":"Publi\u00e9 le 6 juillet 2019","modified":"Mise \u00e0 jour le 19 ao\u00fbt 2019"},"absolute_dates_time":{"created":"Publi\u00e9 le 6 juillet 2019 16 h 10 min","modified":"Mise \u00e0 jour le 19 ao\u00fbt 2019 16 h 49 min"},"featured_img_caption":"","featured_img":false,"series_order":"","_links":{"self":[{"href":"https:\/\/panochrome.fr\/fr\/wp-json\/wp\/v2\/pages\/665","targetHints":{"allow":["GET"]}}],"collection":[{"href":"https:\/\/panochrome.fr\/fr\/wp-json\/wp\/v2\/pages"}],"about":[{"href":"https:\/\/panochrome.fr\/fr\/wp-json\/wp\/v2\/types\/page"}],"author":[{"embeddable":true,"href":"https:\/\/panochrome.fr\/fr\/wp-json\/wp\/v2\/users\/1"}],"replies":[{"embeddable":true,"href":"https:\/\/panochrome.fr\/fr\/wp-json\/wp\/v2\/comments?post=665"}],"version-history":[{"count":14,"href":"https:\/\/panochrome.fr\/fr\/wp-json\/wp\/v2\/pages\/665\/revisions"}],"predecessor-version":[{"id":1535,"href":"https:\/\/panochrome.fr\/fr\/wp-json\/wp\/v2\/pages\/665\/revisions\/1535"}],"up":[{"embeddable":true,"href":"https:\/\/panochrome.fr\/fr\/wp-json\/wp\/v2\/pages\/422"}],"wp:attachment":[{"href":"https:\/\/panochrome.fr\/fr\/wp-json\/wp\/v2\/media?parent=665"}],"curies":[{"name":"wp","href":"https:\/\/api.w.org\/{rel}","templated":true}]}}