{"id":663,"date":"2019-07-06T16:09:20","date_gmt":"2019-07-06T14:09:20","guid":{"rendered":"http:\/\/panochrome.fr\/fr\/?page_id=663"},"modified":"2019-07-06T17:00:44","modified_gmt":"2019-07-06T15:00:44","slug":"jeux-video","status":"publish","type":"page","link":"https:\/\/panochrome.fr\/fr\/panoramas\/divers-2\/jeux-video\/","title":{"rendered":"Jeux-vid\u00e9o"},"content":{"rendered":"\n<h5 class=\"wp-block-heading\"><strong>Epic Citadel<\/strong><\/h5>\n\n\n\n<p>En 2010, Epic Games, un \u00e9diteur de jeux vid\u00e9os (Unreal Tournament, Gear of War), a port\u00e9 son moteur 3D \u201cUnreal Engine 3\u201c sur iPhone et iPad. Pour d\u00e9montrer la puissance de leur programme, ils ont sorti une petite d\u00e9mo technique qui s\u2019appelle \u00abEpic Citadel\u00bb (disponible gratuitement sur l\u2019Appstore).<br><br>Cette d\u00e9mo permet de se promener dans une ville moyen\u00e2geuse. Rien de plus, mais quand on voit cela tourner sur un iPhone 4 ou un iPad 1, c\u2019est vraiment impressionnant.<\/p>\n\n\n\n<p><\/p>\n\n\n\n<div class=\"wp-block-columns has-2-columns is-layout-flex wp-container-core-columns-is-layout-9d6595d7 wp-block-columns-is-layout-flex\">\n<div class=\"wp-block-column is-layout-flow wp-block-column-is-layout-flow\">\n<div class=\"wp-block-advgb-image advgb-image-block full-width\" style=\"background-image:url(http:\/\/panochrome.fr\/fr\/wp-content\/uploads\/2019\/07\/jeux-video-epic_citadel-city.jpg);height:250px;width:500px;justify-content:flex-end;align-items:flex-start\" data-image=\"http:\/\/panochrome.fr\/fr\/wp-content\/uploads\/2019\/07\/jeux-video-epic_citadel-city.jpg\"><a class=\"advgb-image-overlay\" style=\"background-color:#eeeeee\" target=\"_blank\" rel=\"noopener noreferrer\" href=\"http:\/\/panochrome.fr\/panoramas\/divers\/epic_citadel\/city\/Epic_citadel_city.html\"><\/a><\/div>\n\n\n\n<p><br><\/p>\n<\/div>\n\n\n\n<div class=\"wp-block-column is-layout-flow wp-block-column-is-layout-flow\">\n<h5 class=\"wp-block-heading\"><a rel=\"noreferrer noopener\" aria-label=\"Place du village (s\u2019ouvre dans un nouvel onglet)\" href=\"http:\/\/panochrome.fr\/panoramas\/divers\/epic_citadel\/city\/Epic_citadel_city.html\" target=\"_blank\"><strong><span style=\"text-decoration: underline;\">Place du village<\/span><\/strong><\/a><\/h5>\n\n\n\n<p><br><br><br><br><br><br><\/p>\n\n\n\n<p><em>Mat\u00e9riel: iPad \/ Capture d\u2019\u00e9cran<\/em><\/p>\n<\/div>\n<\/div>\n\n\n\n<div class=\"wp-block-columns has-2-columns is-layout-flex wp-container-core-columns-is-layout-9d6595d7 wp-block-columns-is-layout-flex\">\n<div class=\"wp-block-column is-layout-flow wp-block-column-is-layout-flow\">\n<div class=\"wp-block-advgb-image advgb-image-block full-width\" style=\"background-image:url(http:\/\/panochrome.fr\/fr\/wp-content\/uploads\/2019\/07\/jeux-video-epic_citadel-church.jpg);height:250px;width:500px;justify-content:flex-end;align-items:flex-start\" data-image=\"http:\/\/panochrome.fr\/fr\/wp-content\/uploads\/2019\/07\/jeux-video-epic_citadel-church.jpg\"><a class=\"advgb-image-overlay\" style=\"background-color:#eeeeee\" target=\"_blank\" rel=\"noopener noreferrer\" href=\"http:\/\/panochrome.fr\/panoramas\/divers\/epic_citadel\/church\/Epic_citadel_church.html\"><\/a><\/div>\n\n\n\n<p><br><\/p>\n<\/div>\n\n\n\n<div class=\"wp-block-column is-layout-flow wp-block-column-is-layout-flow\">\n<h5 class=\"wp-block-heading\"><a rel=\"noreferrer noopener\" aria-label=\"Eglise (s\u2019ouvre dans un nouvel onglet)\" href=\"http:\/\/panochrome.fr\/panoramas\/divers\/epic_citadel\/church\/Epic_citadel_church.html\" target=\"_blank\"><strong><span style=\"text-decoration: underline;\">Eglise<\/span><\/strong><\/a><\/h5>\n\n\n\n<p><br><br><br><br><br><br><\/p>\n\n\n\n<p><em>Mat\u00e9riel: iPad 1 \/ Capture d\u2019\u00e9cran<\/em><\/p>\n<\/div>\n<\/div>\n\n\n\n<div class=\"wp-block-columns has-2-columns is-layout-flex wp-container-core-columns-is-layout-9d6595d7 wp-block-columns-is-layout-flex\">\n<div class=\"wp-block-column is-layout-flow wp-block-column-is-layout-flow\">\n<div class=\"wp-block-advgb-image advgb-image-block full-width\" style=\"background-image:url(http:\/\/panochrome.fr\/fr\/wp-content\/uploads\/2019\/07\/jeux-video-epic_citadel-riviere.jpg);height:250px;width:500px;justify-content:flex-end;align-items:flex-start\" data-image=\"http:\/\/panochrome.fr\/fr\/wp-content\/uploads\/2019\/07\/jeux-video-epic_citadel-riviere.jpg\"><a class=\"advgb-image-overlay\" style=\"background-color:#eeeeee\" target=\"_blank\" rel=\"noopener noreferrer\" href=\"http:\/\/panochrome.fr\/panoramas\/divers\/epic_citadel\/cliff\/Epic_citadel_riviere.html\"><\/a><\/div>\n\n\n\n<p><br><\/p>\n<\/div>\n\n\n\n<div class=\"wp-block-column is-layout-flow wp-block-column-is-layout-flow\">\n<h5 class=\"wp-block-heading\"><a rel=\"noreferrer noopener\" aria-label=\"Rivi\u00e8re (s\u2019ouvre dans un nouvel onglet)\" href=\"http:\/\/panochrome.fr\/panoramas\/divers\/epic_citadel\/cliff\/Epic_citadel_riviere.html\" target=\"_blank\"><strong><span style=\"text-decoration: underline;\">Rivi\u00e8re<\/span><\/strong><\/a><\/h5>\n\n\n\n<p><br><br><br><br><br><br><\/p>\n\n\n\n<p><em>Mat\u00e9riel: iPad 1 \/ Capture d\u2019\u00e9cran<\/em><\/p>\n<\/div>\n<\/div>\n","protected":false},"excerpt":{"rendered":"<p>Epic Citadel En 2010, Epic Games, un \u00e9diteur de jeux vid\u00e9os (Unreal Tournament, Gear of War), a port\u00e9 son moteur 3D \u201cUnreal Engine 3\u201c sur iPhone et iPad. Pour d\u00e9montrer la puissance de leur programme, ils ont sorti une petite d\u00e9mo technique qui s\u2019appelle \u00abEpic Citadel\u00bb (disponible gratuitement sur l\u2019Appstore). Cette d\u00e9mo permet de se [&hellip;]<\/p>\n","protected":false},"author":1,"featured_media":0,"parent":422,"menu_order":3,"comment_status":"closed","ping_status":"closed","template":"","meta":{"_uag_custom_page_level_css":"","advgb_blocks_editor_width":"","advgb_blocks_columns_visual_guide":"","footnotes":""},"class_list":["post-663","page","type-page","status-publish","hentry"],"uagb_featured_image_src":{"full":false,"thumbnail":false,"medium":false,"medium_large":false,"large":false,"1536x1536":false,"2048x2048":false},"uagb_author_info":{"display_name":"Etienne","author_link":"https:\/\/panochrome.fr\/fr\/author\/edgeat51-wp\/"},"uagb_comment_info":0,"uagb_excerpt":"Epic Citadel En 2010, Epic Games, un \u00e9diteur de jeux vid\u00e9os (Unreal Tournament, Gear of War), a port\u00e9 son moteur 3D \u201cUnreal Engine 3\u201c sur iPhone et iPad. Pour d\u00e9montrer la puissance de leur programme, ils ont sorti une petite d\u00e9mo technique qui s\u2019appelle \u00abEpic Citadel\u00bb (disponible gratuitement sur l\u2019Appstore). Cette d\u00e9mo permet de se\u2026","coauthors":[],"author_meta":{"author_link":"https:\/\/panochrome.fr\/fr\/author\/edgeat51-wp\/","display_name":"Etienne"},"relative_dates":{"created":"Publi\u00e9 7 ans il y a","modified":"Mis \u00e0 jour 7 ans il y a"},"absolute_dates":{"created":"Publi\u00e9 le 6 juillet 2019","modified":"Mise \u00e0 jour le 6 juillet 2019"},"absolute_dates_time":{"created":"Publi\u00e9 le 6 juillet 2019 16 h 09 min","modified":"Mise \u00e0 jour le 6 juillet 2019 17 h 00 min"},"featured_img_caption":"","featured_img":false,"series_order":"","_links":{"self":[{"href":"https:\/\/panochrome.fr\/fr\/wp-json\/wp\/v2\/pages\/663","targetHints":{"allow":["GET"]}}],"collection":[{"href":"https:\/\/panochrome.fr\/fr\/wp-json\/wp\/v2\/pages"}],"about":[{"href":"https:\/\/panochrome.fr\/fr\/wp-json\/wp\/v2\/types\/page"}],"author":[{"embeddable":true,"href":"https:\/\/panochrome.fr\/fr\/wp-json\/wp\/v2\/users\/1"}],"replies":[{"embeddable":true,"href":"https:\/\/panochrome.fr\/fr\/wp-json\/wp\/v2\/comments?post=663"}],"version-history":[{"count":5,"href":"https:\/\/panochrome.fr\/fr\/wp-json\/wp\/v2\/pages\/663\/revisions"}],"predecessor-version":[{"id":679,"href":"https:\/\/panochrome.fr\/fr\/wp-json\/wp\/v2\/pages\/663\/revisions\/679"}],"up":[{"embeddable":true,"href":"https:\/\/panochrome.fr\/fr\/wp-json\/wp\/v2\/pages\/422"}],"wp:attachment":[{"href":"https:\/\/panochrome.fr\/fr\/wp-json\/wp\/v2\/media?parent=663"}],"curies":[{"name":"wp","href":"https:\/\/api.w.org\/{rel}","templated":true}]}}