{"id":658,"date":"2019-07-06T16:08:21","date_gmt":"2019-07-06T14:08:21","guid":{"rendered":"http:\/\/panochrome.fr\/fr\/?page_id=658"},"modified":"2019-08-07T08:15:16","modified_gmt":"2019-08-07T06:15:16","slug":"maison-jardin","status":"publish","type":"page","link":"https:\/\/panochrome.fr\/fr\/panoramas\/divers-2\/maison-jardin\/","title":{"rendered":"Maison &#8211; Jardin"},"content":{"rendered":"\n<h5 class=\"wp-block-heading\"><strong>Cerisier en fleur<\/strong><\/h5>\n\n\n\n<div class=\"wp-block-columns has-2-columns is-layout-flex wp-container-core-columns-is-layout-9d6595d7 wp-block-columns-is-layout-flex\">\n<div class=\"wp-block-column is-layout-flow wp-block-column-is-layout-flow\">\n<div class=\"wp-block-advgb-image advgb-image-block full-width\" style=\"background-image:url(http:\/\/panochrome.fr\/fr\/wp-content\/uploads\/2019\/07\/divers-maison-cerisier_fleur-1.jpg);height:250px;width:500px;justify-content:flex-end;align-items:flex-start\" data-image=\"http:\/\/panochrome.fr\/fr\/wp-content\/uploads\/2019\/07\/divers-maison-cerisier_fleur-1.jpg\"><a class=\"advgb-image-overlay\" style=\"background-color:#eeeeee\" target=\"_blank\" rel=\"noopener noreferrer\" href=\"http:\/\/www.panochrome.fr\/panoramas\/divers\/nature\/cerisier\/cerisier_fleur.html\"><\/a><\/div>\n\n\n\n<p><br><\/p>\n<\/div>\n\n\n\n<div class=\"wp-block-column is-layout-flow wp-block-column-is-layout-flow\">\n<h5 class=\"wp-block-heading\"><a rel=\"noreferrer noopener\" aria-label=\"Cerisier en fleurs (s\u2019ouvre dans un nouvel onglet)\" href=\"http:\/\/www.panochrome.fr\/panoramas\/divers\/nature\/cerisier\/cerisier_fleur.html\" target=\"_blank\"><strong><span style=\"text-decoration: underline;\">Cerisier en fleurs<\/span><\/strong><\/a><\/h5>\n\n\n\n<p>Ce panorama a \u00e9t\u00e9 fait de mani\u00e8re plut\u00f4t acrobatique: le tr\u00e9pied \u00e9tait pos\u00e9 sur le d\u00e9part des branches, en haut du tronc.<br>Un conseil: avant de commencer les prises de vue, v\u00e9rifiez qu\u2019aucune branche ne g\u00eane la rotation de l\u2019appareil.<br><br><br><br><\/p>\n\n\n\n<p><em>Mat\u00e9riel: Pentax K10D \/ T\u00eate Panosaurus<\/em><\/p>\n<\/div>\n<\/div>\n\n\n\n<h5 class=\"wp-block-heading\"><strong>Les 4 saisons &#8211; 2004<\/strong><\/h5>\n\n\n\n<div class=\"wp-block-columns has-2-columns is-layout-flex wp-container-core-columns-is-layout-9d6595d7 wp-block-columns-is-layout-flex\">\n<div class=\"wp-block-column is-layout-flow wp-block-column-is-layout-flow\">\n<div class=\"wp-block-advgb-image advgb-image-block full-width\" style=\"background-image:url(http:\/\/panochrome.fr\/fr\/wp-content\/uploads\/2019\/07\/divers-maison-jardin-printemps.jpg);height:250px;width:500px;justify-content:flex-end;align-items:flex-start\" data-image=\"http:\/\/panochrome.fr\/fr\/wp-content\/uploads\/2019\/07\/divers-maison-jardin-printemps.jpg\"><a class=\"advgb-image-overlay\" style=\"background-color:#eeeeee\" target=\"_blank\" rel=\"noopener noreferrer\" href=\"http:\/\/www.panochrome.fr\/panoramas\/divers\/habitation\/jardin-quatre-saisons\/printemps\/jardin-printemps.html\"><\/a><\/div>\n\n\n\n<p><br><\/p>\n<\/div>\n\n\n\n<div class=\"wp-block-column is-layout-flow wp-block-column-is-layout-flow\">\n<h5 class=\"wp-block-heading\"><a rel=\"noreferrer noopener\" aria-label=\"Printemps (s\u2019ouvre dans un nouvel onglet)\" href=\"http:\/\/www.panochrome.fr\/panoramas\/divers\/habitation\/jardin-quatre-saisons\/printemps\/jardin-printemps.html\" target=\"_blank\"><strong><span style=\"text-decoration: underline;\">Printemps<\/span><\/strong><\/a><\/h5>\n\n\n\n<p><br><br><br><br><br><br><br><\/p>\n\n\n\n<p><em>Mat\u00e9riel: Canon SnapShot A80 \/ Prise de vue sur t\u00eate panoramique<\/em><\/p>\n<\/div>\n<\/div>\n\n\n\n<div class=\"wp-block-columns has-2-columns is-layout-flex wp-container-core-columns-is-layout-9d6595d7 wp-block-columns-is-layout-flex\">\n<div class=\"wp-block-column is-layout-flow wp-block-column-is-layout-flow\">\n<div class=\"wp-block-advgb-image advgb-image-block full-width\" style=\"background-image:url(http:\/\/panochrome.fr\/fr\/wp-content\/uploads\/2019\/07\/divers-maison-jardin-ete.jpg);height:250px;width:500px;justify-content:flex-end;align-items:flex-start\" data-image=\"http:\/\/panochrome.fr\/fr\/wp-content\/uploads\/2019\/07\/divers-maison-jardin-ete.jpg\"><a class=\"advgb-image-overlay\" style=\"background-color:#eeeeee\" target=\"_blank\" rel=\"noopener noreferrer\" href=\"http:\/\/www.panochrome.fr\/panoramas\/divers\/habitation\/jardin-quatre-saisons\/ete\/jardin-ete.html\"><\/a><\/div>\n\n\n\n<p><br><\/p>\n<\/div>\n\n\n\n<div class=\"wp-block-column is-layout-flow wp-block-column-is-layout-flow\">\n<h5 class=\"wp-block-heading\"><a rel=\"noreferrer noopener\" aria-label=\"\u00c9t\u00e9 (s\u2019ouvre dans un nouvel onglet)\" href=\"http:\/\/www.panochrome.fr\/panoramas\/divers\/habitation\/jardin-quatre-saisons\/ete\/jardin-ete.html\" target=\"_blank\"><strong><span style=\"text-decoration: underline;\">\u00c9t\u00e9<\/span><\/strong><\/a><\/h5>\n\n\n\n<p><br><br><br><br><br><br><br><\/p>\n\n\n\n<p><em>Mat\u00e9riel: Canon SnapShot A80 \/ Prise de vue sur t\u00eate panoramique<\/em><\/p>\n<\/div>\n<\/div>\n\n\n\n<div class=\"wp-block-columns has-2-columns is-layout-flex wp-container-core-columns-is-layout-9d6595d7 wp-block-columns-is-layout-flex\">\n<div class=\"wp-block-column is-layout-flow wp-block-column-is-layout-flow\">\n<div class=\"wp-block-advgb-image advgb-image-block full-width\" style=\"background-image:url(http:\/\/panochrome.fr\/fr\/wp-content\/uploads\/2019\/07\/divers-maison-jardin-automne.jpg);height:250px;width:500px;justify-content:flex-end;align-items:flex-start\" data-image=\"http:\/\/panochrome.fr\/fr\/wp-content\/uploads\/2019\/07\/divers-maison-jardin-automne.jpg\"><a class=\"advgb-image-overlay\" style=\"background-color:#eeeeee\" target=\"_blank\" rel=\"noopener noreferrer\" href=\"http:\/\/www.panochrome.fr\/panoramas\/divers\/habitation\/jardin-quatre-saisons\/automne\/jardin-automne.html\"><\/a><\/div>\n\n\n\n<p><br><\/p>\n<\/div>\n\n\n\n<div class=\"wp-block-column is-layout-flow wp-block-column-is-layout-flow\">\n<h5 class=\"wp-block-heading\"><a rel=\"noreferrer noopener\" aria-label=\"Automne (s\u2019ouvre dans un nouvel onglet)\" href=\"http:\/\/www.panochrome.fr\/panoramas\/divers\/habitation\/jardin-quatre-saisons\/automne\/jardin-automne.html\" target=\"_blank\"><strong><span style=\"text-decoration: underline;\">Automne<\/span><\/strong><\/a><\/h5>\n\n\n\n<p><br><br><br><br><br><br><br><\/p>\n\n\n\n<p><em>Mat\u00e9riel: Canon SnapShot A80 \/ Prise de vue sur t\u00eate panoramique<\/em><\/p>\n<\/div>\n<\/div>\n\n\n\n<div class=\"wp-block-columns has-2-columns is-layout-flex wp-container-core-columns-is-layout-9d6595d7 wp-block-columns-is-layout-flex\">\n<div class=\"wp-block-column is-layout-flow wp-block-column-is-layout-flow\">\n<div class=\"wp-block-advgb-image advgb-image-block full-width\" style=\"background-image:url(http:\/\/panochrome.fr\/fr\/wp-content\/uploads\/2019\/07\/divers-maison-jardin-hiver.jpg);height:250px;width:500px;justify-content:flex-end;align-items:flex-start\" data-image=\"http:\/\/panochrome.fr\/fr\/wp-content\/uploads\/2019\/07\/divers-maison-jardin-hiver.jpg\"><a class=\"advgb-image-overlay\" style=\"background-color:#eeeeee\" target=\"_blank\" rel=\"noopener noreferrer\" href=\"http:\/\/www.panochrome.fr\/panoramas\/divers\/habitation\/jardin-quatre-saisons\/hiver\/jardin-hiver.html\"><\/a><\/div>\n\n\n\n<p><br><\/p>\n<\/div>\n\n\n\n<div class=\"wp-block-column is-layout-flow wp-block-column-is-layout-flow\">\n<h5 class=\"wp-block-heading\"><a rel=\"noreferrer noopener\" aria-label=\"Hiver (s\u2019ouvre dans un nouvel onglet)\" href=\"http:\/\/www.panochrome.fr\/panoramas\/divers\/habitation\/jardin-quatre-saisons\/hiver\/jardin-hiver.html\" target=\"_blank\"><strong><span style=\"text-decoration: underline;\">Hiver<\/span><\/strong><\/a><\/h5>\n\n\n\n<p><br><br><br><br><br><br><br><\/p>\n\n\n\n<p><em>Mat\u00e9riel: Canon SnapShot A80 \/ Prise de vue sur t\u00eate panoramique<\/em><\/p>\n<\/div>\n<\/div>\n\n\n\n<h5 class=\"wp-block-heading\"><strong>Maison<\/strong><\/h5>\n\n\n\n<div class=\"wp-block-columns has-2-columns is-layout-flex wp-container-core-columns-is-layout-9d6595d7 wp-block-columns-is-layout-flex\">\n<div class=\"wp-block-column is-layout-flow wp-block-column-is-layout-flow\">\n<div class=\"wp-block-advgb-image advgb-image-block full-width\" style=\"background-image:url(http:\/\/panochrome.fr\/fr\/wp-content\/uploads\/2019\/07\/maison-atelier.jpg);height:250px;width:500px;justify-content:flex-end;align-items:flex-start\" data-image=\"http:\/\/panochrome.fr\/fr\/wp-content\/uploads\/2019\/07\/maison-atelier.jpg\"><a class=\"advgb-image-overlay\" style=\"background-color:#eeeeee\" target=\"_blank\" rel=\"noopener noreferrer\" href=\"http:\/\/www.panochrome.fr\/panoramas\/divers\/habitation\/atelier\/Atelier.html\"><\/a><\/div>\n\n\n\n<p><br><\/p>\n<\/div>\n\n\n\n<div class=\"wp-block-column is-layout-flow wp-block-column-is-layout-flow\">\n<h5 class=\"wp-block-heading\"><a rel=\"noreferrer noopener\" aria-label=\"Atelier (s\u2019ouvre dans un nouvel onglet)\" href=\"http:\/\/www.panochrome.fr\/panoramas\/divers\/habitation\/atelier\/Atelier.html\" target=\"_blank\"><strong><span style=\"text-decoration: underline;\">Atelier<\/span><\/strong><\/a><\/h5>\n\n\n\n<p>Voici mes premiers essais en sph\u00e9rique. La prise de vu du sol reste encore assez compliqu\u00e9e avec mon APN, d\u2019o\u00f9 une zone \u201cnoire\u201d \u00e0 l&rsquo;origine corrig\u00e9e depuis.<br><br><br><br><br><\/p>\n\n\n\n<p><em>Mat\u00e9riel: Canon SnapShot A80 \/ T\u00eate panoramique sph\u00e9rique<\/em><\/p>\n<\/div>\n<\/div>\n\n\n\n<div class=\"wp-block-columns has-2-columns is-layout-flex wp-container-core-columns-is-layout-9d6595d7 wp-block-columns-is-layout-flex\">\n<div class=\"wp-block-column is-layout-flow wp-block-column-is-layout-flow\">\n<div class=\"wp-block-advgb-image advgb-image-block full-width\" style=\"background-image:url(http:\/\/panochrome.fr\/fr\/wp-content\/uploads\/2019\/07\/maison-grenier.jpg);height:250px;width:500px;justify-content:flex-end;align-items:flex-start\" data-image=\"http:\/\/panochrome.fr\/fr\/wp-content\/uploads\/2019\/07\/maison-grenier.jpg\"><a class=\"advgb-image-overlay\" style=\"background-color:#eeeeee\" target=\"_blank\" rel=\"noopener noreferrer\" href=\"http:\/\/www.panochrome.fr\/panoramas\/divers\/habitation\/grenier\/grenier.html\"><\/a><\/div>\n\n\n\n<p><br><\/p>\n<\/div>\n\n\n\n<div class=\"wp-block-column is-layout-flow wp-block-column-is-layout-flow\">\n<h5 class=\"wp-block-heading\"><a rel=\"noreferrer noopener\" aria-label=\"Grenier (s\u2019ouvre dans un nouvel onglet)\" href=\"http:\/\/www.panochrome.fr\/panoramas\/divers\/habitation\/grenier\/grenier.html\" target=\"_blank\"><strong><span style=\"text-decoration: underline;\">Grenier<\/span><\/strong><\/a><\/h5>\n\n\n\n<p>Second essai avec la t\u00eate panoramique \u00ab\u00a0maison\u00a0\u00bb.<br><br><br><br><br><\/p>\n\n\n\n<p><em>Mat\u00e9riel: Canon SnapShot A80 \/ T\u00eate panoramique sph\u00e9rique<\/em><\/p>\n<\/div>\n<\/div>\n","protected":false},"excerpt":{"rendered":"<p>Cerisier en fleur Cerisier en fleurs Ce panorama a \u00e9t\u00e9 fait de mani\u00e8re plut\u00f4t acrobatique: le tr\u00e9pied \u00e9tait pos\u00e9 sur le d\u00e9part des branches, en haut du tronc.Un conseil: avant de commencer les prises de vue, v\u00e9rifiez qu\u2019aucune branche ne g\u00eane la rotation de l\u2019appareil. Mat\u00e9riel: Pentax K10D \/ T\u00eate Panosaurus Les 4 saisons &#8211; [&hellip;]<\/p>\n","protected":false},"author":1,"featured_media":0,"parent":422,"menu_order":3,"comment_status":"closed","ping_status":"closed","template":"","meta":{"_uag_custom_page_level_css":"","advgb_blocks_editor_width":"","advgb_blocks_columns_visual_guide":"","footnotes":""},"class_list":["post-658","page","type-page","status-publish","hentry"],"uagb_featured_image_src":{"full":false,"thumbnail":false,"medium":false,"medium_large":false,"large":false,"1536x1536":false,"2048x2048":false},"uagb_author_info":{"display_name":"Etienne","author_link":"https:\/\/panochrome.fr\/fr\/author\/edgeat51-wp\/"},"uagb_comment_info":0,"uagb_excerpt":"Cerisier en fleur Cerisier en fleurs Ce panorama a \u00e9t\u00e9 fait de mani\u00e8re plut\u00f4t acrobatique: le tr\u00e9pied \u00e9tait pos\u00e9 sur le d\u00e9part des branches, en haut du tronc.Un conseil: avant de commencer les prises de vue, v\u00e9rifiez qu\u2019aucune branche ne g\u00eane la rotation de l\u2019appareil. Mat\u00e9riel: Pentax K10D \/ T\u00eate Panosaurus Les 4 saisons &#8211;\u2026","coauthors":[],"author_meta":{"author_link":"https:\/\/panochrome.fr\/fr\/author\/edgeat51-wp\/","display_name":"Etienne"},"relative_dates":{"created":"Publi\u00e9 7 ans il y a","modified":"Mis \u00e0 jour 7 ans il y a"},"absolute_dates":{"created":"Publi\u00e9 le 6 juillet 2019","modified":"Mise \u00e0 jour le 7 ao\u00fbt 2019"},"absolute_dates_time":{"created":"Publi\u00e9 le 6 juillet 2019 16 h 08 min","modified":"Mise \u00e0 jour le 7 ao\u00fbt 2019 8 h 15 min"},"featured_img_caption":"","featured_img":false,"series_order":"","_links":{"self":[{"href":"https:\/\/panochrome.fr\/fr\/wp-json\/wp\/v2\/pages\/658","targetHints":{"allow":["GET"]}}],"collection":[{"href":"https:\/\/panochrome.fr\/fr\/wp-json\/wp\/v2\/pages"}],"about":[{"href":"https:\/\/panochrome.fr\/fr\/wp-json\/wp\/v2\/types\/page"}],"author":[{"embeddable":true,"href":"https:\/\/panochrome.fr\/fr\/wp-json\/wp\/v2\/users\/1"}],"replies":[{"embeddable":true,"href":"https:\/\/panochrome.fr\/fr\/wp-json\/wp\/v2\/comments?post=658"}],"version-history":[{"count":8,"href":"https:\/\/panochrome.fr\/fr\/wp-json\/wp\/v2\/pages\/658\/revisions"}],"predecessor-version":[{"id":1219,"href":"https:\/\/panochrome.fr\/fr\/wp-json\/wp\/v2\/pages\/658\/revisions\/1219"}],"up":[{"embeddable":true,"href":"https:\/\/panochrome.fr\/fr\/wp-json\/wp\/v2\/pages\/422"}],"wp:attachment":[{"href":"https:\/\/panochrome.fr\/fr\/wp-json\/wp\/v2\/media?parent=658"}],"curies":[{"name":"wp","href":"https:\/\/api.w.org\/{rel}","templated":true}]}}