{"id":628,"date":"2019-07-06T15:55:31","date_gmt":"2019-07-06T13:55:31","guid":{"rendered":"http:\/\/panochrome.fr\/fr\/?page_id=628"},"modified":"2019-08-19T16:33:13","modified_gmt":"2019-08-19T14:33:13","slug":"mont-saint-michel","status":"publish","type":"page","link":"https:\/\/panochrome.fr\/fr\/panoramas\/france\/mont-saint-michel\/","title":{"rendered":"Mont Saint Michel"},"content":{"rendered":"\n<p>Quoi de mieux qu&rsquo;un week-end en Normandie pour passer tranquillement le pont du 14 juillet? Bien entendu, qui dit monument exceptionnel, dit panorama.<br>Mon seul regret et d\u2019avoir r\u00e9alis\u00e9 les prises de vue \u00e0 la vol\u00e9e, en particulier pour le parvis du Mont St Michel dont il manque le clocher de l\u2019\u00e9glise.<br><br><br><\/p>\n\n\n\n<div class=\"wp-block-columns has-2-columns is-layout-flex wp-container-core-columns-is-layout-9d6595d7 wp-block-columns-is-layout-flex\">\n<div class=\"wp-block-column is-layout-flow wp-block-column-is-layout-flow\">\n<div class=\"wp-block-advgb-image advgb-image-block full-width\" style=\"background-image:url(http:\/\/panochrome.fr\/fr\/wp-content\/uploads\/2019\/07\/france-Lyon-mont-st-michel-parvis.jpg);height:250px;width:500px;justify-content:flex-end;align-items:flex-start\" data-image=\"http:\/\/panochrome.fr\/fr\/wp-content\/uploads\/2019\/07\/france-Lyon-mont-st-michel-parvis.jpg\"><a class=\"advgb-image-overlay\" style=\"background-color:#eeeeee\" target=\"_blank\" rel=\"noopener noreferrer\" href=\"https:\/\/panochrome.fr\/panoramas\/france\/normandie\/mont-st-michel-parvis\/index.html\"><\/a><\/div>\n\n\n\n<p><br><\/p>\n<\/div>\n\n\n\n<div class=\"wp-block-column is-layout-flow wp-block-column-is-layout-flow\">\n<h5 class=\"wp-block-heading\"><strong><span style=\"text-decoration: underline;\"><a href=\"https:\/\/panochrome.fr\/panoramas\/france\/normandie\/mont-st-michel-parvis\/index.html\" target=\"_blank\" rel=\"noreferrer noopener\" aria-label=\" (s\u2019ouvre dans un nouvel onglet)\">Mont Saint Michel &#8211; Parvis<\/a><\/span><\/strong><\/h5>\n\n\n\n<p>Au mois de juillet, le Mont est vraiment pris d\u2019assaut par les touristes. Panorama par grand soleil, m\u00eame si je trouve le site plus mystique par temps gris.<br><br><br><br><br><\/p>\n\n\n\n<p><em>Mat\u00e9riel: Canon SnapShot A80 \/ Prise de vue \u00e0 la vol\u00e9e<\/em><\/p>\n<\/div>\n<\/div>\n\n\n\n<div class=\"wp-block-columns has-2-columns is-layout-flex wp-container-core-columns-is-layout-9d6595d7 wp-block-columns-is-layout-flex\">\n<div class=\"wp-block-column is-layout-flow wp-block-column-is-layout-flow\">\n<div class=\"wp-block-advgb-image advgb-image-block full-width\" style=\"background-image:url(http:\/\/panochrome.fr\/fr\/wp-content\/uploads\/2019\/07\/france-Lyon-mont-st-michel-cloitre.jpg);height:250px;width:500px;justify-content:flex-end;align-items:flex-start\" data-image=\"http:\/\/panochrome.fr\/fr\/wp-content\/uploads\/2019\/07\/france-Lyon-mont-st-michel-cloitre.jpg\"><a class=\"advgb-image-overlay\" style=\"background-color:#eeeeee\" target=\"_blank\" rel=\"noopener noreferrer\" href=\"https:\/\/panochrome.fr\/panoramas\/france\/normandie\/mont-st-michel-cloitre\/index.html\"><\/a><\/div>\n\n\n\n<p><br><\/p>\n<\/div>\n\n\n\n<div class=\"wp-block-column is-layout-flow wp-block-column-is-layout-flow\">\n<h5 class=\"wp-block-heading\"><strong><span style=\"text-decoration: underline;\"><a href=\"https:\/\/panochrome.fr\/panoramas\/france\/normandie\/mont-st-michel-cloitre\/index.html\" target=\"_blank\" rel=\"noreferrer noopener\" aria-label=\" (s\u2019ouvre dans un nouvel onglet)\">Mont Saint Michel &#8211; Clo\u00eetre<\/a><\/span><\/strong><\/h5>\n\n\n\n<p>En prenant ce panorama \u00e0 la vol\u00e9e, je craignais un r\u00e9sultat &#8230; m\u00e9diocre: regardez les colonnes sur deux rang\u00e9e, un cauchemar pour l\u2019alignement. Coup de chance, le montage final est plut\u00f4t r\u00e9ussi.<br><br><br><br><br><\/p>\n\n\n\n<p><em>Mat\u00e9riel: Canon SnapShot A80 \/ Prise de vue \u00e0 la vol\u00e9e<\/em><\/p>\n<\/div>\n<\/div>\n","protected":false},"excerpt":{"rendered":"<p>Quoi de mieux qu&rsquo;un week-end en Normandie pour passer tranquillement le pont du 14 juillet? Bien entendu, qui dit monument exceptionnel, dit panorama.Mon seul regret et d\u2019avoir r\u00e9alis\u00e9 les prises de vue \u00e0 la vol\u00e9e, en particulier pour le parvis du Mont St Michel dont il manque le clocher de l\u2019\u00e9glise. Mont Saint Michel &#8211; [&hellip;]<\/p>\n","protected":false},"author":1,"featured_media":0,"parent":346,"menu_order":3,"comment_status":"closed","ping_status":"closed","template":"","meta":{"_uag_custom_page_level_css":"","advgb_blocks_editor_width":"","advgb_blocks_columns_visual_guide":"","footnotes":""},"class_list":["post-628","page","type-page","status-publish","hentry"],"uagb_featured_image_src":{"full":false,"thumbnail":false,"medium":false,"medium_large":false,"large":false,"1536x1536":false,"2048x2048":false},"uagb_author_info":{"display_name":"Etienne","author_link":"https:\/\/panochrome.fr\/fr\/author\/edgeat51-wp\/"},"uagb_comment_info":0,"uagb_excerpt":"Quoi de mieux qu&rsquo;un week-end en Normandie pour passer tranquillement le pont du 14 juillet? Bien entendu, qui dit monument exceptionnel, dit panorama.Mon seul regret et d\u2019avoir r\u00e9alis\u00e9 les prises de vue \u00e0 la vol\u00e9e, en particulier pour le parvis du Mont St Michel dont il manque le clocher de l\u2019\u00e9glise. Mont Saint Michel &#8211;\u2026","coauthors":[],"author_meta":{"author_link":"https:\/\/panochrome.fr\/fr\/author\/edgeat51-wp\/","display_name":"Etienne"},"relative_dates":{"created":"Publi\u00e9 7 ans il y a","modified":"Mis \u00e0 jour 7 ans il y a"},"absolute_dates":{"created":"Publi\u00e9 le 6 juillet 2019","modified":"Mise \u00e0 jour le 19 ao\u00fbt 2019"},"absolute_dates_time":{"created":"Publi\u00e9 le 6 juillet 2019 15 h 55 min","modified":"Mise \u00e0 jour le 19 ao\u00fbt 2019 16 h 33 min"},"featured_img_caption":"","featured_img":false,"series_order":"","_links":{"self":[{"href":"https:\/\/panochrome.fr\/fr\/wp-json\/wp\/v2\/pages\/628","targetHints":{"allow":["GET"]}}],"collection":[{"href":"https:\/\/panochrome.fr\/fr\/wp-json\/wp\/v2\/pages"}],"about":[{"href":"https:\/\/panochrome.fr\/fr\/wp-json\/wp\/v2\/types\/page"}],"author":[{"embeddable":true,"href":"https:\/\/panochrome.fr\/fr\/wp-json\/wp\/v2\/users\/1"}],"replies":[{"embeddable":true,"href":"https:\/\/panochrome.fr\/fr\/wp-json\/wp\/v2\/comments?post=628"}],"version-history":[{"count":10,"href":"https:\/\/panochrome.fr\/fr\/wp-json\/wp\/v2\/pages\/628\/revisions"}],"predecessor-version":[{"id":1526,"href":"https:\/\/panochrome.fr\/fr\/wp-json\/wp\/v2\/pages\/628\/revisions\/1526"}],"up":[{"embeddable":true,"href":"https:\/\/panochrome.fr\/fr\/wp-json\/wp\/v2\/pages\/346"}],"wp:attachment":[{"href":"https:\/\/panochrome.fr\/fr\/wp-json\/wp\/v2\/media?parent=628"}],"curies":[{"name":"wp","href":"https:\/\/api.w.org\/{rel}","templated":true}]}}