{"id":626,"date":"2019-07-06T15:55:02","date_gmt":"2019-07-06T13:55:02","guid":{"rendered":"http:\/\/panochrome.fr\/fr\/?page_id=626"},"modified":"2019-08-19T16:32:47","modified_gmt":"2019-08-19T14:32:47","slug":"lyon","status":"publish","type":"page","link":"https:\/\/panochrome.fr\/fr\/panoramas\/france\/lyon\/","title":{"rendered":"Lyon"},"content":{"rendered":"\n<p>Ayant habit\u00e9 Lyon de septembre \u00e0 d\u00e9cembre 2007, j\u2019ai eu l\u2019occasion de r\u00e9aliser quelques panoramas de cette ville.<\/p>\n\n\n\n<div class=\"wp-block-columns has-2-columns is-layout-flex wp-container-core-columns-is-layout-9d6595d7 wp-block-columns-is-layout-flex\">\n<div class=\"wp-block-column is-layout-flow wp-block-column-is-layout-flow\">\n<div class=\"wp-block-advgb-image advgb-image-block full-width\" style=\"background-image:url(http:\/\/panochrome.fr\/fr\/wp-content\/uploads\/2019\/07\/france-lyon-cathedrale_st_jean.jpg);height:250px;width:500px;justify-content:flex-end;align-items:flex-start\" data-image=\"http:\/\/panochrome.fr\/fr\/wp-content\/uploads\/2019\/07\/france-lyon-cathedrale_st_jean.jpg\"><a class=\"advgb-image-overlay\" style=\"background-color:#eeeeee\" target=\"_blank\" rel=\"noopener noreferrer\" href=\"https:\/\/www.panochrome.fr\/panoramas\/france\/lyon\/cathedrale_st_jean\/cathedrale_st_jean.html\"><\/a><\/div>\n\n\n\n<p><br><\/p>\n<\/div>\n\n\n\n<div class=\"wp-block-column is-layout-flow wp-block-column-is-layout-flow\">\n<h5 class=\"wp-block-heading\"><font color=\"#007fac\"><u><strong><span style=\"text-decoration: underline;\"><a href=\"https:\/\/www.panochrome.fr\/panoramas\/france\/lyon\/cathedrale_st_jean\/cathedrale_st_jean.html\" target=\"_blank\" rel=\"noreferrer noopener\" aria-label=\" (s\u2019ouvre dans un nouvel onglet)\">Cath\u00e9drale<\/a><\/span><\/strong><\/u><\/font><strong><span style=\"text-decoration: underline;\"><a href=\"https:\/\/www.panochrome.fr\/panoramas\/france\/lyon\/cathedrale_st_jean\/cathedrale_st_jean.html\" target=\"_blank\" rel=\"noreferrer noopener\" aria-label=\" (s\u2019ouvre dans un nouvel onglet)\"> Saint Jean<\/a><\/span><\/strong><\/h5>\n\n\n\n<p>Situ\u00e9e dans le vieux Lyon, la Cath\u00e9drale St Jean m\u00e9lange les style Roman et Gothiques.<br>L\u2019horloge astronomique, du XIVe si\u00e8cle, est \u00e0 voir.<br><br><br><br><br><\/p>\n\n\n\n<p><em>Mat\u00e9riel: Pentax K10D \/ T\u00eate panosaurus<\/em><\/p>\n<\/div>\n<\/div>\n\n\n\n<div class=\"wp-block-columns has-2-columns is-layout-flex wp-container-core-columns-is-layout-9d6595d7 wp-block-columns-is-layout-flex\">\n<div class=\"wp-block-column is-layout-flow wp-block-column-is-layout-flow\">\n<div class=\"wp-block-advgb-image advgb-image-block full-width\" style=\"background-image:url(http:\/\/panochrome.fr\/fr\/wp-content\/uploads\/2019\/07\/france-lyon_serre_botannique.jpg);height:250px;width:500px;justify-content:flex-end;align-items:flex-start\" data-image=\"http:\/\/panochrome.fr\/fr\/wp-content\/uploads\/2019\/07\/france-lyon_serre_botannique.jpg\"><a class=\"advgb-image-overlay\" style=\"background-color:#eeeeee\" target=\"_blank\" rel=\"noopener noreferrer\" href=\"https:\/\/www.panochrome.fr\/panoramas\/france\/lyon\/lyon_serre_botannique\/lyon_serre_botannique.html\"><\/a><\/div>\n\n\n\n<p><br><\/p>\n<\/div>\n\n\n\n<div class=\"wp-block-column is-layout-flow wp-block-column-is-layout-flow\">\n<h5 class=\"wp-block-heading\"><strong><span style=\"text-decoration: underline;\"><a href=\"https:\/\/www.panochrome.fr\/panoramas\/france\/lyon\/lyon_serre_botannique\/lyon_serre_botannique.html\" target=\"_blank\" rel=\"noreferrer noopener\" aria-label=\" (s\u2019ouvre dans un nouvel onglet)\">Serre Botanique<\/a><\/span><\/strong><\/h5>\n\n\n\n<p>Situ\u00e9 au parc de la T\u00eate d\u2019or, les Grandes Serres datent du XIXe si\u00e8cles.<br>La structure est une association d\u2019acier et de verre, qui donne un aspect r\u00e9tro tr\u00e8s agr\u00e9able.<br><br><br><br><br><\/p>\n\n\n\n<p><em>Mat\u00e9riel: Pentax K10D \/ T\u00eate panosaurus<\/em><\/p>\n<\/div>\n<\/div>\n\n\n\n<div class=\"wp-block-columns has-2-columns is-layout-flex wp-container-core-columns-is-layout-9d6595d7 wp-block-columns-is-layout-flex\">\n<div class=\"wp-block-column is-layout-flow wp-block-column-is-layout-flow\">\n<div class=\"wp-block-advgb-image advgb-image-block full-width\" style=\"background-image:url(http:\/\/panochrome.fr\/fr\/wp-content\/uploads\/2019\/07\/france-lyon-basilique_fourviere.jpg);height:250px;width:500px;justify-content:flex-end;align-items:flex-start\" data-image=\"http:\/\/panochrome.fr\/fr\/wp-content\/uploads\/2019\/07\/france-lyon-basilique_fourviere.jpg\"><a class=\"advgb-image-overlay\" style=\"background-color:#eeeeee\" target=\"_blank\" rel=\"noopener noreferrer\" href=\"https:\/\/www.panochrome.fr\/panoramas\/france\/lyon\/basilique_fourviere\/basilique_fourviere.html\"><\/a><\/div>\n\n\n\n<p><br><\/p>\n<\/div>\n\n\n\n<div class=\"wp-block-column is-layout-flow wp-block-column-is-layout-flow\">\n<h5 class=\"wp-block-heading\"><strong><span style=\"text-decoration: underline;\"><a href=\"https:\/\/www.panochrome.fr\/panoramas\/france\/lyon\/basilique_fourviere\/basilique_fourviere.html\" target=\"_blank\" rel=\"noreferrer noopener\" aria-label=\" (s\u2019ouvre dans un nouvel onglet)\">Basilique de Fourvi\u00e8re<\/a><\/span><\/strong><\/h5>\n\n\n\n<p>Cette basilique fut construite pendant la seconde partie du XIXe si\u00e8cle, grace \u00e0 une souscription aupr\u00e8s des Lyonnais. Les plans sont de Bossan et Sainte-Marie Perrin.<br><br><br><br><br><\/p>\n\n\n\n<p><em>Mat\u00e9riel: Pentax K10D \/ T\u00eate panosaurus<\/em><\/p>\n<\/div>\n<\/div>\n","protected":false},"excerpt":{"rendered":"<p>Ayant habit\u00e9 Lyon de septembre \u00e0 d\u00e9cembre 2007, j\u2019ai eu l\u2019occasion de r\u00e9aliser quelques panoramas de cette ville. Cath\u00e9drale Saint Jean Situ\u00e9e dans le vieux Lyon, la Cath\u00e9drale St Jean m\u00e9lange les style Roman et Gothiques.L\u2019horloge astronomique, du XIVe si\u00e8cle, est \u00e0 voir. Mat\u00e9riel: Pentax K10D \/ T\u00eate panosaurus Serre Botanique Situ\u00e9 au parc de [&hellip;]<\/p>\n","protected":false},"author":1,"featured_media":0,"parent":346,"menu_order":3,"comment_status":"closed","ping_status":"closed","template":"","meta":{"_uag_custom_page_level_css":"","advgb_blocks_editor_width":"","advgb_blocks_columns_visual_guide":"","footnotes":""},"class_list":["post-626","page","type-page","status-publish","hentry"],"uagb_featured_image_src":{"full":false,"thumbnail":false,"medium":false,"medium_large":false,"large":false,"1536x1536":false,"2048x2048":false},"uagb_author_info":{"display_name":"Etienne","author_link":"https:\/\/panochrome.fr\/fr\/author\/edgeat51-wp\/"},"uagb_comment_info":0,"uagb_excerpt":"Ayant habit\u00e9 Lyon de septembre \u00e0 d\u00e9cembre 2007, j\u2019ai eu l\u2019occasion de r\u00e9aliser quelques panoramas de cette ville. Cath\u00e9drale Saint Jean Situ\u00e9e dans le vieux Lyon, la Cath\u00e9drale St Jean m\u00e9lange les style Roman et Gothiques.L\u2019horloge astronomique, du XIVe si\u00e8cle, est \u00e0 voir. Mat\u00e9riel: Pentax K10D \/ T\u00eate panosaurus Serre Botanique Situ\u00e9 au parc de\u2026","coauthors":[],"author_meta":{"author_link":"https:\/\/panochrome.fr\/fr\/author\/edgeat51-wp\/","display_name":"Etienne"},"relative_dates":{"created":"Publi\u00e9 7 ans il y a","modified":"Mis \u00e0 jour 7 ans il y a"},"absolute_dates":{"created":"Publi\u00e9 le 6 juillet 2019","modified":"Mise \u00e0 jour le 19 ao\u00fbt 2019"},"absolute_dates_time":{"created":"Publi\u00e9 le 6 juillet 2019 15 h 55 min","modified":"Mise \u00e0 jour le 19 ao\u00fbt 2019 16 h 32 min"},"featured_img_caption":"","featured_img":false,"series_order":"","_links":{"self":[{"href":"https:\/\/panochrome.fr\/fr\/wp-json\/wp\/v2\/pages\/626","targetHints":{"allow":["GET"]}}],"collection":[{"href":"https:\/\/panochrome.fr\/fr\/wp-json\/wp\/v2\/pages"}],"about":[{"href":"https:\/\/panochrome.fr\/fr\/wp-json\/wp\/v2\/types\/page"}],"author":[{"embeddable":true,"href":"https:\/\/panochrome.fr\/fr\/wp-json\/wp\/v2\/users\/1"}],"replies":[{"embeddable":true,"href":"https:\/\/panochrome.fr\/fr\/wp-json\/wp\/v2\/comments?post=626"}],"version-history":[{"count":4,"href":"https:\/\/panochrome.fr\/fr\/wp-json\/wp\/v2\/pages\/626\/revisions"}],"predecessor-version":[{"id":1525,"href":"https:\/\/panochrome.fr\/fr\/wp-json\/wp\/v2\/pages\/626\/revisions\/1525"}],"up":[{"embeddable":true,"href":"https:\/\/panochrome.fr\/fr\/wp-json\/wp\/v2\/pages\/346"}],"wp:attachment":[{"href":"https:\/\/panochrome.fr\/fr\/wp-json\/wp\/v2\/media?parent=626"}],"curies":[{"name":"wp","href":"https:\/\/api.w.org\/{rel}","templated":true}]}}