{"id":623,"date":"2019-07-06T15:54:43","date_gmt":"2019-07-06T13:54:43","guid":{"rendered":"http:\/\/panochrome.fr\/fr\/?page_id=623"},"modified":"2019-08-19T16:32:03","modified_gmt":"2019-08-19T14:32:03","slug":"eze","status":"publish","type":"page","link":"https:\/\/panochrome.fr\/fr\/panoramas\/france\/eze\/","title":{"rendered":"Eze"},"content":{"rendered":"\n<p>Panoramas du village d\u2019Eze, dans les Alpes Maritimes.<br><\/p>\n\n\n\n<div class=\"wp-block-columns has-2-columns is-layout-flex wp-container-core-columns-is-layout-9d6595d7 wp-block-columns-is-layout-flex\">\n<div class=\"wp-block-column is-layout-flow wp-block-column-is-layout-flow\">\n<div class=\"wp-block-advgb-image advgb-image-block full-width\" style=\"background-image:url(http:\/\/panochrome.fr\/fr\/wp-content\/uploads\/2019\/07\/france-eze-parvis_eglise.jpg);height:250px;width:500px;justify-content:flex-end;align-items:flex-start\" data-image=\"http:\/\/panochrome.fr\/fr\/wp-content\/uploads\/2019\/07\/france-eze-parvis_eglise.jpg\"><a class=\"advgb-image-overlay\" style=\"background-color:#eeeeee\" target=\"_blank\" rel=\"noopener noreferrer\" href=\"https:\/\/www.panochrome.fr\/panoramas\/france\/eze\/eglise_parvis\/eze_parvis_eglise.html\"><\/a><\/div>\n\n\n\n<p><br><\/p>\n<\/div>\n\n\n\n<div class=\"wp-block-column is-layout-flow wp-block-column-is-layout-flow\">\n<h5 class=\"wp-block-heading\"><strong><span style=\"text-decoration: underline;\"><a href=\"https:\/\/www.panochrome.fr\/panoramas\/france\/eze\/eglise_parvis\/eze_parvis_eglise.html\" target=\"_blank\" rel=\"noreferrer noopener\" aria-label=\" (s\u2019ouvre dans un nouvel onglet)\">Parvis Eglise<\/a><\/span><\/strong><\/h5>\n\n\n\n<p><br><br><br><br><br><br><\/p>\n\n\n\n<p><em>Mat\u00e9riel: Pentax K7 \/ Nodal Ninja 3<\/em><\/p>\n<\/div>\n<\/div>\n\n\n\n<div class=\"wp-block-columns has-2-columns is-layout-flex wp-container-core-columns-is-layout-9d6595d7 wp-block-columns-is-layout-flex\">\n<div class=\"wp-block-column is-layout-flow wp-block-column-is-layout-flow\">\n<div class=\"wp-block-advgb-image advgb-image-block full-width\" style=\"background-image:url(http:\/\/panochrome.fr\/fr\/wp-content\/uploads\/2019\/07\/france-eze-eglise.jpg);height:250px;width:500px;justify-content:flex-end;align-items:flex-start\" data-image=\"http:\/\/panochrome.fr\/fr\/wp-content\/uploads\/2019\/07\/france-eze-eglise.jpg\"><a class=\"advgb-image-overlay\" style=\"background-color:#eeeeee\" target=\"_blank\" rel=\"noopener noreferrer\" href=\"https:\/\/www.panochrome.fr\/panoramas\/france\/eze\/eglise\/eze_eglise.html\"><\/a><\/div>\n\n\n\n<p><br><\/p>\n<\/div>\n\n\n\n<div class=\"wp-block-column is-layout-flow wp-block-column-is-layout-flow\">\n<h5 class=\"wp-block-heading\"><strong><span style=\"text-decoration: underline;\"><a href=\"https:\/\/www.panochrome.fr\/panoramas\/france\/eze\/eglise\/eze_eglise.html\" target=\"_blank\" rel=\"noreferrer noopener\" aria-label=\" (s\u2019ouvre dans un nouvel onglet)\">Eglise<\/a><\/span><\/strong><\/h5>\n\n\n\n<p><br><br><br><br><br><br><\/p>\n\n\n\n<p><em>Mat\u00e9riel: Pentax K7 \/ Nodal Ninja 3<\/em><\/p>\n<\/div>\n<\/div>\n\n\n\n<div class=\"wp-block-columns has-2-columns is-layout-flex wp-container-core-columns-is-layout-9d6595d7 wp-block-columns-is-layout-flex\">\n<div class=\"wp-block-column is-layout-flow wp-block-column-is-layout-flow\">\n<div class=\"wp-block-advgb-image advgb-image-block full-width\" style=\"background-image:url(http:\/\/panochrome.fr\/fr\/wp-content\/uploads\/2019\/07\/france-eze-tour.jpg);height:250px;width:500px;justify-content:flex-end;align-items:flex-start\" data-image=\"http:\/\/panochrome.fr\/fr\/wp-content\/uploads\/2019\/07\/france-eze-tour.jpg\"><a class=\"advgb-image-overlay\" style=\"background-color:#eeeeee\" target=\"_blank\" rel=\"noopener noreferrer\" href=\"https:\/\/www.panochrome.fr\/panoramas\/france\/eze\/tour\/eze_tour.html\"><\/a><\/div>\n\n\n\n<p><br><\/p>\n<\/div>\n\n\n\n<div class=\"wp-block-column is-layout-flow wp-block-column-is-layout-flow\">\n<h5 class=\"wp-block-heading\"><strong><span style=\"text-decoration: underline;\"><a href=\"https:\/\/www.panochrome.fr\/panoramas\/france\/eze\/tour\/eze_tour.html\" target=\"_blank\" rel=\"noreferrer noopener\" aria-label=\" (s\u2019ouvre dans un nouvel onglet)\">Tour<\/a><\/span><\/strong><\/h5>\n\n\n\n<p><br><br><br><br><br><br><\/p>\n\n\n\n<p><em>Mat\u00e9riel: Pentax K7 \/ Nodal Ninja 3<\/em><\/p>\n<\/div>\n<\/div>\n\n\n\n<div class=\"wp-block-columns has-2-columns is-layout-flex wp-container-core-columns-is-layout-9d6595d7 wp-block-columns-is-layout-flex\">\n<div class=\"wp-block-column is-layout-flow wp-block-column-is-layout-flow\">\n<div class=\"wp-block-advgb-image advgb-image-block full-width\" style=\"background-image:url(http:\/\/panochrome.fr\/fr\/wp-content\/uploads\/2019\/07\/france-eze-fontaine.jpg);height:250px;width:500px;justify-content:flex-end;align-items:flex-start\" data-image=\"http:\/\/panochrome.fr\/fr\/wp-content\/uploads\/2019\/07\/france-eze-fontaine.jpg\"><a class=\"advgb-image-overlay\" style=\"background-color:#eeeeee\" target=\"_blank\" rel=\"noopener noreferrer\" href=\"https:\/\/www.panochrome.fr\/panoramas\/france\/eze\/fontaine\/eze_fontaine.html\"><\/a><\/div>\n\n\n\n<p><br><\/p>\n<\/div>\n\n\n\n<div class=\"wp-block-column is-layout-flow wp-block-column-is-layout-flow\">\n<h5 class=\"wp-block-heading\"><strong><span style=\"text-decoration: underline;\"><a href=\"https:\/\/www.panochrome.fr\/panoramas\/france\/eze\/fontaine\/eze_fontaine.html\" target=\"_blank\" rel=\"noreferrer noopener\" aria-label=\" (s\u2019ouvre dans un nouvel onglet)\">Fontaine<\/a><\/span><\/strong><\/h5>\n\n\n\n<p><br><br><br><br><br><br><\/p>\n\n\n\n<p><em>Mat\u00e9riel: Pentax K7 \/ Nodal Ninja 3<\/em><\/p>\n<\/div>\n<\/div>\n","protected":false},"excerpt":{"rendered":"<p>Panoramas du village d\u2019Eze, dans les Alpes Maritimes. Parvis Eglise Mat\u00e9riel: Pentax K7 \/ Nodal Ninja 3 Eglise Mat\u00e9riel: Pentax K7 \/ Nodal Ninja 3 Tour Mat\u00e9riel: Pentax K7 \/ Nodal Ninja 3 Fontaine Mat\u00e9riel: Pentax K7 \/ Nodal Ninja 3<\/p>\n","protected":false},"author":1,"featured_media":0,"parent":346,"menu_order":3,"comment_status":"closed","ping_status":"closed","template":"","meta":{"_uag_custom_page_level_css":"","advgb_blocks_editor_width":"","advgb_blocks_columns_visual_guide":"","footnotes":""},"class_list":["post-623","page","type-page","status-publish","hentry"],"uagb_featured_image_src":{"full":false,"thumbnail":false,"medium":false,"medium_large":false,"large":false,"1536x1536":false,"2048x2048":false},"uagb_author_info":{"display_name":"Etienne","author_link":"https:\/\/panochrome.fr\/fr\/author\/edgeat51-wp\/"},"uagb_comment_info":0,"uagb_excerpt":"Panoramas du village d\u2019Eze, dans les Alpes Maritimes. Parvis Eglise Mat\u00e9riel: Pentax K7 \/ Nodal Ninja 3 Eglise Mat\u00e9riel: Pentax K7 \/ Nodal Ninja 3 Tour Mat\u00e9riel: Pentax K7 \/ Nodal Ninja 3 Fontaine Mat\u00e9riel: Pentax K7 \/ Nodal Ninja 3","coauthors":[],"author_meta":{"author_link":"https:\/\/panochrome.fr\/fr\/author\/edgeat51-wp\/","display_name":"Etienne"},"relative_dates":{"created":"Publi\u00e9 7 ans il y a","modified":"Mis \u00e0 jour 7 ans il y a"},"absolute_dates":{"created":"Publi\u00e9 le 6 juillet 2019","modified":"Mise \u00e0 jour le 19 ao\u00fbt 2019"},"absolute_dates_time":{"created":"Publi\u00e9 le 6 juillet 2019 15 h 54 min","modified":"Mise \u00e0 jour le 19 ao\u00fbt 2019 16 h 32 min"},"featured_img_caption":"","featured_img":false,"series_order":"","_links":{"self":[{"href":"https:\/\/panochrome.fr\/fr\/wp-json\/wp\/v2\/pages\/623","targetHints":{"allow":["GET"]}}],"collection":[{"href":"https:\/\/panochrome.fr\/fr\/wp-json\/wp\/v2\/pages"}],"about":[{"href":"https:\/\/panochrome.fr\/fr\/wp-json\/wp\/v2\/types\/page"}],"author":[{"embeddable":true,"href":"https:\/\/panochrome.fr\/fr\/wp-json\/wp\/v2\/users\/1"}],"replies":[{"embeddable":true,"href":"https:\/\/panochrome.fr\/fr\/wp-json\/wp\/v2\/comments?post=623"}],"version-history":[{"count":5,"href":"https:\/\/panochrome.fr\/fr\/wp-json\/wp\/v2\/pages\/623\/revisions"}],"predecessor-version":[{"id":1524,"href":"https:\/\/panochrome.fr\/fr\/wp-json\/wp\/v2\/pages\/623\/revisions\/1524"}],"up":[{"embeddable":true,"href":"https:\/\/panochrome.fr\/fr\/wp-json\/wp\/v2\/pages\/346"}],"wp:attachment":[{"href":"https:\/\/panochrome.fr\/fr\/wp-json\/wp\/v2\/media?parent=623"}],"curies":[{"name":"wp","href":"https:\/\/api.w.org\/{rel}","templated":true}]}}