{"id":621,"date":"2019-07-06T15:54:27","date_gmt":"2019-07-06T13:54:27","guid":{"rendered":"http:\/\/panochrome.fr\/fr\/?page_id=621"},"modified":"2019-08-19T16:30:52","modified_gmt":"2019-08-19T14:30:52","slug":"douarnenez","status":"publish","type":"page","link":"https:\/\/panochrome.fr\/fr\/panoramas\/france\/douarnenez\/","title":{"rendered":"Douarnenez"},"content":{"rendered":"\n<div class=\"wp-block-columns has-2-columns is-layout-flex wp-container-core-columns-is-layout-9d6595d7 wp-block-columns-is-layout-flex\">\n<div class=\"wp-block-column is-layout-flow wp-block-column-is-layout-flow\">\n<div class=\"wp-block-advgb-image advgb-image-block full-width\" style=\"background-image:url(http:\/\/panochrome.fr\/fr\/wp-content\/uploads\/2019\/07\/france-douarnenez-digue.jpg);height:250px;width:500px;justify-content:flex-end;align-items:flex-start\" data-image=\"http:\/\/panochrome.fr\/fr\/wp-content\/uploads\/2019\/07\/france-douarnenez-digue.jpg\"><a class=\"advgb-image-overlay\" style=\"background-color:#eeeeee\" target=\"_blank\" rel=\"noopener noreferrer\" href=\"https:\/\/panochrome.fr\/panoramas\/france\/bretagne\/port\/index.html\"><\/a><\/div>\n\n\n\n<p><br><\/p>\n<\/div>\n\n\n\n<div class=\"wp-block-column is-layout-flow wp-block-column-is-layout-flow\">\n<h5 class=\"wp-block-heading\"><strong><span style=\"text-decoration: underline;\"><a href=\"https:\/\/panochrome.fr\/panoramas\/france\/bretagne\/port\/index.html\" target=\"_blank\" rel=\"noreferrer noopener\" aria-label=\" (s\u2019ouvre dans un nouvel onglet)\">Digue<\/a><\/span><\/strong><\/h5>\n\n\n\n<p>Pendant que certains tentaient le ski nautique, d\u2019autres continuaient \u00e0 p\u00eacher sur le port de Douarnenez. Bilan: un lieu. QTVRAS m\u2019a encore une fois impressionn\u00e9: malgr\u00e9 les prises de vue horribles, le r\u00e9sultat est plus que correct !<br><br><br><br><\/p>\n\n\n\n<p><em>Mat\u00e9riel: Nokia 6680 \/ Prise de vue \u00e0 la vol\u00e9e<\/em><\/p>\n<\/div>\n<\/div>\n\n\n\n<div class=\"wp-block-columns has-2-columns is-layout-flex wp-container-core-columns-is-layout-9d6595d7 wp-block-columns-is-layout-flex\">\n<div class=\"wp-block-column is-layout-flow wp-block-column-is-layout-flow\">\n<div class=\"wp-block-advgb-image advgb-image-block full-width\" style=\"background-image:url(http:\/\/panochrome.fr\/fr\/wp-content\/uploads\/2019\/07\/france-douarnenez-partie-peche.jpg);height:250px;width:500px;justify-content:flex-end;align-items:flex-start\" data-image=\"http:\/\/panochrome.fr\/fr\/wp-content\/uploads\/2019\/07\/france-douarnenez-partie-peche.jpg\"><a class=\"advgb-image-overlay\" style=\"background-color:#eeeeee\" target=\"_blank\" rel=\"noopener noreferrer\" href=\"https:\/\/panochrome.fr\/panoramas\/france\/bretagne\/partie-de-peche\/index.html\"><\/a><\/div>\n\n\n\n<p><br><\/p>\n<\/div>\n\n\n\n<div class=\"wp-block-column is-layout-flow wp-block-column-is-layout-flow\">\n<h5 class=\"wp-block-heading\"><a rel=\"noreferrer noopener\" aria-label=\"Partie de p\u00eache (s\u2019ouvre dans un nouvel onglet)\" href=\"http:\/\/panochrome.fr\/panoramas\/france\/bretagne\/partie-de-peche\/index.html\" target=\"_blank\"><strong><span style=\"text-decoration: underline;\">Partie d<\/span><\/strong><\/a><strong><span style=\"text-decoration: underline;\"><a href=\"https:\/\/panochrome.fr\/panoramas\/france\/bretagne\/partie-de-peche\/index.html\" target=\"_blank\" rel=\"noreferrer noopener\" aria-label=\"e p\u00eache (s\u2019ouvre dans un nouvel onglet)\">e p\u00eache<\/a><\/span><\/strong><\/h5>\n\n\n\n<p>Partie de p\u00eache sur la falaise au fond du jardin. Bilan de ces deux heures intensives: 5 vieilles.<br><br><br><br><br><\/p>\n\n\n\n<p><em>Mat\u00e9riel: Nokia 6680 \/ Prise de vue \u00e0 la vol\u00e9e<\/em><\/p>\n<\/div>\n<\/div>\n","protected":false},"excerpt":{"rendered":"<p>Digue Pendant que certains tentaient le ski nautique, d\u2019autres continuaient \u00e0 p\u00eacher sur le port de Douarnenez. Bilan: un lieu. QTVRAS m\u2019a encore une fois impressionn\u00e9: malgr\u00e9 les prises de vue horribles, le r\u00e9sultat est plus que correct ! Mat\u00e9riel: Nokia 6680 \/ Prise de vue \u00e0 la vol\u00e9e Partie de p\u00eache Partie de p\u00eache [&hellip;]<\/p>\n","protected":false},"author":1,"featured_media":0,"parent":346,"menu_order":3,"comment_status":"closed","ping_status":"closed","template":"","meta":{"_uag_custom_page_level_css":"","advgb_blocks_editor_width":"","advgb_blocks_columns_visual_guide":"","footnotes":""},"class_list":["post-621","page","type-page","status-publish","hentry"],"uagb_featured_image_src":{"full":false,"thumbnail":false,"medium":false,"medium_large":false,"large":false,"1536x1536":false,"2048x2048":false},"uagb_author_info":{"display_name":"Etienne","author_link":"https:\/\/panochrome.fr\/fr\/author\/edgeat51-wp\/"},"uagb_comment_info":0,"uagb_excerpt":"Digue Pendant que certains tentaient le ski nautique, d\u2019autres continuaient \u00e0 p\u00eacher sur le port de Douarnenez. Bilan: un lieu. QTVRAS m\u2019a encore une fois impressionn\u00e9: malgr\u00e9 les prises de vue horribles, le r\u00e9sultat est plus que correct ! Mat\u00e9riel: Nokia 6680 \/ Prise de vue \u00e0 la vol\u00e9e Partie de p\u00eache Partie de p\u00eache\u2026","coauthors":[],"author_meta":{"author_link":"https:\/\/panochrome.fr\/fr\/author\/edgeat51-wp\/","display_name":"Etienne"},"relative_dates":{"created":"Publi\u00e9 7 ans il y a","modified":"Mis \u00e0 jour 7 ans il y a"},"absolute_dates":{"created":"Publi\u00e9 le 6 juillet 2019","modified":"Mise \u00e0 jour le 19 ao\u00fbt 2019"},"absolute_dates_time":{"created":"Publi\u00e9 le 6 juillet 2019 15 h 54 min","modified":"Mise \u00e0 jour le 19 ao\u00fbt 2019 16 h 30 min"},"featured_img_caption":"","featured_img":false,"series_order":"","_links":{"self":[{"href":"https:\/\/panochrome.fr\/fr\/wp-json\/wp\/v2\/pages\/621","targetHints":{"allow":["GET"]}}],"collection":[{"href":"https:\/\/panochrome.fr\/fr\/wp-json\/wp\/v2\/pages"}],"about":[{"href":"https:\/\/panochrome.fr\/fr\/wp-json\/wp\/v2\/types\/page"}],"author":[{"embeddable":true,"href":"https:\/\/panochrome.fr\/fr\/wp-json\/wp\/v2\/users\/1"}],"replies":[{"embeddable":true,"href":"https:\/\/panochrome.fr\/fr\/wp-json\/wp\/v2\/comments?post=621"}],"version-history":[{"count":5,"href":"https:\/\/panochrome.fr\/fr\/wp-json\/wp\/v2\/pages\/621\/revisions"}],"predecessor-version":[{"id":1523,"href":"https:\/\/panochrome.fr\/fr\/wp-json\/wp\/v2\/pages\/621\/revisions\/1523"}],"up":[{"embeddable":true,"href":"https:\/\/panochrome.fr\/fr\/wp-json\/wp\/v2\/pages\/346"}],"wp:attachment":[{"href":"https:\/\/panochrome.fr\/fr\/wp-json\/wp\/v2\/media?parent=621"}],"curies":[{"name":"wp","href":"https:\/\/api.w.org\/{rel}","templated":true}]}}