{"id":545,"date":"2019-07-01T12:39:52","date_gmt":"2019-07-01T10:39:52","guid":{"rendered":"http:\/\/panochrome.fr\/fr\/?page_id=545"},"modified":"2019-08-18T19:31:41","modified_gmt":"2019-08-18T17:31:41","slug":"espagne","status":"publish","type":"page","link":"https:\/\/panochrome.fr\/fr\/panoramas\/europe\/espagne\/","title":{"rendered":"Espagne"},"content":{"rendered":"\n<p>Premi\u00e8re destination du voyage p\u00e9dagogique organis\u00e9 par l\u2019Ecole Nationale des Ponts et Chauss\u00e9es, en partenariat avec Eiffage.<br>Au programme: d\u00e9couverte de la ville de Barcelone, le site olympique, Gaudi, &#8230;<br><br><\/p>\n\n\n\n<p><\/p>\n\n\n\n<div class=\"wp-block-columns has-2-columns is-layout-flex wp-container-core-columns-is-layout-9d6595d7 wp-block-columns-is-layout-flex\">\n<div class=\"wp-block-column is-layout-flow wp-block-column-is-layout-flow\">\n<div class=\"wp-block-advgb-image advgb-image-block full-width\" style=\"background-image:url(http:\/\/panochrome.fr\/fr\/wp-content\/uploads\/2019\/07\/espagne-barcelone-place_catalonya.jpg);height:250px;width:500px;justify-content:flex-end;align-items:flex-start\" data-image=\"http:\/\/panochrome.fr\/fr\/wp-content\/uploads\/2019\/07\/espagne-barcelone-place_catalonya.jpg\"><a class=\"advgb-image-overlay\" style=\"background-color:#eeeeee\" target=\"_blank\" rel=\"noopener noreferrer\" href=\"https:\/\/www.panochrome.fr\/panoramas\/europe\/espagne\/place_catalonya\/place_catalonya.html\"><\/a><\/div>\n\n\n\n<p><br><\/p>\n<\/div>\n\n\n\n<div class=\"wp-block-column is-layout-flow wp-block-column-is-layout-flow\">\n<h5 class=\"wp-block-heading\"><strong><span style=\"text-decoration: underline;\"><a href=\"https:\/\/www.panochrome.fr\/panoramas\/europe\/espagne\/place_catalonya\/place_catalonya.html\" target=\"_blank\" rel=\"noreferrer noopener\" aria-label=\" (s\u2019ouvre dans un nouvel onglet)\">Place de Catalunya<\/a><\/span><\/strong><\/h5>\n\n\n\n<p>Une des grandes places de Barcelone, tr\u00e8s agr\u00e9able. ce panorama a \u00e9t\u00e9 pris de nuit (enfin, tr\u00e8s t\u00f4t le matin), avec un temps d\u2019exposition de 1 seconde.<br><br><br><br><br><\/p>\n\n\n\n<p><em>Mat\u00e9riel: Pentax K10D \/ T\u00eate panoramique<\/em><\/p>\n<\/div>\n<\/div>\n","protected":false},"excerpt":{"rendered":"<p>Premi\u00e8re destination du voyage p\u00e9dagogique organis\u00e9 par l\u2019Ecole Nationale des Ponts et Chauss\u00e9es, en partenariat avec Eiffage.Au programme: d\u00e9couverte de la ville de Barcelone, le site olympique, Gaudi, &#8230; Place de Catalunya Une des grandes places de Barcelone, tr\u00e8s agr\u00e9able. ce panorama a \u00e9t\u00e9 pris de nuit (enfin, tr\u00e8s t\u00f4t le matin), avec un temps [&hellip;]<\/p>\n","protected":false},"author":1,"featured_media":0,"parent":344,"menu_order":3,"comment_status":"closed","ping_status":"closed","template":"","meta":{"_uag_custom_page_level_css":"","advgb_blocks_editor_width":"","advgb_blocks_columns_visual_guide":"","footnotes":""},"class_list":["post-545","page","type-page","status-publish","hentry"],"uagb_featured_image_src":{"full":false,"thumbnail":false,"medium":false,"medium_large":false,"large":false,"1536x1536":false,"2048x2048":false},"uagb_author_info":{"display_name":"Etienne","author_link":"https:\/\/panochrome.fr\/fr\/author\/edgeat51-wp\/"},"uagb_comment_info":0,"uagb_excerpt":"Premi\u00e8re destination du voyage p\u00e9dagogique organis\u00e9 par l\u2019Ecole Nationale des Ponts et Chauss\u00e9es, en partenariat avec Eiffage.Au programme: d\u00e9couverte de la ville de Barcelone, le site olympique, Gaudi, &#8230; Place de Catalunya Une des grandes places de Barcelone, tr\u00e8s agr\u00e9able. ce panorama a \u00e9t\u00e9 pris de nuit (enfin, tr\u00e8s t\u00f4t le matin), avec un temps\u2026","coauthors":[],"author_meta":{"author_link":"https:\/\/panochrome.fr\/fr\/author\/edgeat51-wp\/","display_name":"Etienne"},"relative_dates":{"created":"Publi\u00e9 7 ans il y a","modified":"Mis \u00e0 jour 7 ans il y a"},"absolute_dates":{"created":"Publi\u00e9 le 1 juillet 2019","modified":"Mise \u00e0 jour le 18 ao\u00fbt 2019"},"absolute_dates_time":{"created":"Publi\u00e9 le 1 juillet 2019 12 h 39 min","modified":"Mise \u00e0 jour le 18 ao\u00fbt 2019 19 h 31 min"},"featured_img_caption":"","featured_img":false,"series_order":"","_links":{"self":[{"href":"https:\/\/panochrome.fr\/fr\/wp-json\/wp\/v2\/pages\/545","targetHints":{"allow":["GET"]}}],"collection":[{"href":"https:\/\/panochrome.fr\/fr\/wp-json\/wp\/v2\/pages"}],"about":[{"href":"https:\/\/panochrome.fr\/fr\/wp-json\/wp\/v2\/types\/page"}],"author":[{"embeddable":true,"href":"https:\/\/panochrome.fr\/fr\/wp-json\/wp\/v2\/users\/1"}],"replies":[{"embeddable":true,"href":"https:\/\/panochrome.fr\/fr\/wp-json\/wp\/v2\/comments?post=545"}],"version-history":[{"count":4,"href":"https:\/\/panochrome.fr\/fr\/wp-json\/wp\/v2\/pages\/545\/revisions"}],"predecessor-version":[{"id":1516,"href":"https:\/\/panochrome.fr\/fr\/wp-json\/wp\/v2\/pages\/545\/revisions\/1516"}],"up":[{"embeddable":true,"href":"https:\/\/panochrome.fr\/fr\/wp-json\/wp\/v2\/pages\/344"}],"wp:attachment":[{"href":"https:\/\/panochrome.fr\/fr\/wp-json\/wp\/v2\/media?parent=545"}],"curies":[{"name":"wp","href":"https:\/\/api.w.org\/{rel}","templated":true}]}}