{"id":543,"date":"2019-07-01T12:39:39","date_gmt":"2019-07-01T10:39:39","guid":{"rendered":"http:\/\/panochrome.fr\/fr\/?page_id=543"},"modified":"2019-08-18T19:31:21","modified_gmt":"2019-08-18T17:31:21","slug":"allemagne","status":"publish","type":"page","link":"https:\/\/panochrome.fr\/fr\/panoramas\/europe\/allemagne\/","title":{"rendered":"Allemagne"},"content":{"rendered":"\n<p>Berlin, capitale de l\u2019Allemagne. Ces panoramas ont \u00e9t\u00e9 r\u00e9alis\u00e9s en 2010 juste avant de faire le Marathon Roller de Berlin. Le mat\u00e9riel utilis\u00e9 \u00e9tait la rotule Nodal Ninja R1, revendue peu de temps apr\u00e8s car inadapt\u00e9e \u00e0 un capteur APS-C.<\/p>\n\n\n\n<div class=\"wp-block-columns has-2-columns is-layout-flex wp-container-core-columns-is-layout-9d6595d7 wp-block-columns-is-layout-flex\">\n<div class=\"wp-block-column is-layout-flow wp-block-column-is-layout-flow\">\n<div class=\"wp-block-advgb-image advgb-image-block full-width\" style=\"background-image:url(http:\/\/panochrome.fr\/fr\/wp-content\/uploads\/2019\/07\/allemagne-berlin-ice.jpg);height:250px;width:500px;justify-content:flex-end;align-items:flex-start\" data-image=\"http:\/\/panochrome.fr\/fr\/wp-content\/uploads\/2019\/07\/allemagne-berlin-ice.jpg\"><a class=\"advgb-image-overlay\" style=\"background-color:#eeeeee\" target=\"_blank\" rel=\"noopener noreferrer\" href=\"https:\/\/www.panochrome.fr\/panoramas\/europe\/allemagne\/berlin-ice\/berlin-ICE_.html\"><\/a><\/div>\n\n\n\n<p><br><\/p>\n<\/div>\n\n\n\n<div class=\"wp-block-column is-layout-flow wp-block-column-is-layout-flow\">\n<h5 class=\"wp-block-heading\"><strong><span style=\"text-decoration: underline;\"><a href=\"https:\/\/www.panochrome.fr\/panoramas\/europe\/allemagne\/berlin-ice\/berlin-ICE_.html\" target=\"_blank\" rel=\"noreferrer noopener\" aria-label=\" (s\u2019ouvre dans un nouvel onglet)\">ICE &#8211; Voiture 1<\/a><\/span><\/strong><\/h5>\n\n\n\n<p>Panorama pris dans la premi\u00e8re voiture de la rame ICE. Toute l\u2019\u00e9quipe du PUC Roller est pr\u00e9sente pour faire le mythique Marathon Roller de Berlin.<br><br><br><br><br><\/p>\n\n\n\n<p><em>Mat\u00e9riel: Pentax K10D \/ T\u00eate Nodal Ninja R1 \/ Monopod<\/em><\/p>\n<\/div>\n<\/div>\n\n\n\n<div class=\"wp-block-columns has-2-columns is-layout-flex wp-container-core-columns-is-layout-9d6595d7 wp-block-columns-is-layout-flex\">\n<div class=\"wp-block-column is-layout-flow wp-block-column-is-layout-flow\">\n<div class=\"wp-block-advgb-image advgb-image-block full-width\" style=\"background-image:url(http:\/\/panochrome.fr\/fr\/wp-content\/uploads\/2019\/07\/allemagne-berlin-bundestag-parc.jpg);height:250px;width:500px;justify-content:flex-end;align-items:flex-start\" data-image=\"http:\/\/panochrome.fr\/fr\/wp-content\/uploads\/2019\/07\/allemagne-berlin-bundestag-parc.jpg\"><a class=\"advgb-image-overlay\" style=\"background-color:#eeeeee\" target=\"_blank\" rel=\"noopener noreferrer\" href=\"https:\/\/www.panochrome.fr\/panoramas\/europe\/allemagne\/berlin-parc-bundestag\/bundestag-parc.html\"><\/a><\/div>\n\n\n\n<p><br><\/p>\n<\/div>\n\n\n\n<div class=\"wp-block-column is-layout-flow wp-block-column-is-layout-flow\">\n<h5 class=\"wp-block-heading\"><strong><span style=\"text-decoration: underline;\"><a href=\"https:\/\/www.panochrome.fr\/panoramas\/europe\/allemagne\/berlin-parc-bundestag\/bundestag-parc.html\" target=\"_blank\" rel=\"noreferrer noopener\" aria-label=\" (s\u2019ouvre dans un nouvel onglet)\">Bundestag &#8211; Parc<\/a><\/span><\/strong><\/h5>\n\n\n\n<p>Vue du Bundestag depuis le parc.<br><br><br><br><br><br><br><\/p>\n\n\n\n<p><em>Mat\u00e9riel: Pentax K10D \/ T\u00eate Nodal Ninja R1 \/ Monopod<\/em><\/p>\n<\/div>\n<\/div>\n\n\n\n<div class=\"wp-block-columns has-2-columns is-layout-flex wp-container-core-columns-is-layout-9d6595d7 wp-block-columns-is-layout-flex\">\n<div class=\"wp-block-column is-layout-flow wp-block-column-is-layout-flow\">\n<div class=\"wp-block-advgb-image advgb-image-block full-width\" style=\"background-image:url(http:\/\/panochrome.fr\/fr\/wp-content\/uploads\/2019\/07\/allemagne-berlin-escalier-reichtag.jpg);height:250px;width:500px;justify-content:flex-end;align-items:flex-start\" data-image=\"http:\/\/panochrome.fr\/fr\/wp-content\/uploads\/2019\/07\/allemagne-berlin-escalier-reichtag.jpg\"><a class=\"advgb-image-overlay\" style=\"background-color:#eeeeee\" target=\"_blank\" rel=\"noopener noreferrer\" href=\"https:\/\/www.panochrome.fr\/panoramas\/europe\/allemagne\/berlin-entree-bundestag\/escalier-reichtag.html\"><\/a><\/div>\n\n\n\n<p><br><\/p>\n<\/div>\n\n\n\n<div class=\"wp-block-column is-layout-flow wp-block-column-is-layout-flow\">\n<h5 class=\"wp-block-heading\"><strong><span style=\"text-decoration: underline;\"><a href=\"https:\/\/www.panochrome.fr\/panoramas\/europe\/allemagne\/berlin-entree-bundestag\/escalier-reichtag.html\" target=\"_blank\" rel=\"noreferrer noopener\" aria-label=\" (s\u2019ouvre dans un nouvel onglet)\">Bundestag &#8211; Entr\u00e9e<\/a><\/span><\/strong><\/h5>\n\n\n\n<p>Description ligne 1<br><br><br><br><br><br><br><\/p>\n\n\n\n<p><em>Mat\u00e9riel: Pentax K10D \/ T\u00eate Nodal Ninja R1 \/ Monopod<\/em><\/p>\n<\/div>\n<\/div>\n\n\n\n<div class=\"wp-block-columns has-2-columns is-layout-flex wp-container-core-columns-is-layout-9d6595d7 wp-block-columns-is-layout-flex\">\n<div class=\"wp-block-column is-layout-flow wp-block-column-is-layout-flow\">\n<div class=\"wp-block-advgb-image advgb-image-block full-width\" style=\"background-image:url(http:\/\/panochrome.fr\/fr\/wp-content\/uploads\/2019\/07\/allemagne-berlin-coupole_reichtag.jpg);height:250px;width:500px;justify-content:flex-end;align-items:flex-start\" data-image=\"http:\/\/panochrome.fr\/fr\/wp-content\/uploads\/2019\/07\/allemagne-berlin-coupole_reichtag.jpg\"><a class=\"advgb-image-overlay\" style=\"background-color:#eeeeee\" target=\"_blank\" rel=\"noopener noreferrer\" href=\"https:\/\/www.panochrome.fr\/panoramas\/europe\/allemagne\/berlin-coupole-bundestag\/berlin-coupole_reichtag.html\"><\/a><\/div>\n\n\n\n<p><br><\/p>\n<\/div>\n\n\n\n<div class=\"wp-block-column is-layout-flow wp-block-column-is-layout-flow\">\n<h5 class=\"wp-block-heading\"><strong><span style=\"text-decoration: underline;\"><a href=\"https:\/\/www.panochrome.fr\/panoramas\/europe\/allemagne\/berlin-coupole-bundestag\/berlin-coupole_reichtag.html\" target=\"_blank\" rel=\"noreferrer noopener\" aria-label=\" (s\u2019ouvre dans un nouvel onglet)\">Bundestag &#8211; Coupole<\/a><\/span><\/strong><\/h5>\n\n\n\n<p>Vue depuis l\u2019int\u00e9rieur de la coupole du Bundestag.<br><br><br><br><br><br><br><\/p>\n\n\n\n<p><em>Mat\u00e9riel: Pentax K10D \/ T\u00eate Nodal Ninja R1 \/ Monopod<\/em><\/p>\n<\/div>\n<\/div>\n\n\n\n<div class=\"wp-block-columns has-2-columns is-layout-flex wp-container-core-columns-is-layout-9d6595d7 wp-block-columns-is-layout-flex\">\n<div class=\"wp-block-column is-layout-flow wp-block-column-is-layout-flow\">\n<div class=\"wp-block-advgb-image advgb-image-block full-width\" style=\"background-image:url(http:\/\/panochrome.fr\/fr\/wp-content\/uploads\/2019\/08\/allemagne-berlin-haut_coupole_reichstag.jpg);height:250px;width:500px;justify-content:flex-end;align-items:flex-start\" data-image=\"http:\/\/panochrome.fr\/fr\/wp-content\/uploads\/2019\/08\/allemagne-berlin-haut_coupole_reichstag.jpg\"><a class=\"advgb-image-overlay\" style=\"background-color:#eeeeee\" target=\"_blank\" rel=\"noopener noreferrer\" href=\"https:\/\/panochrome.fr\/panoramas\/europe\/allemagne\/berlin-haut-bundestag\/index.html\"><\/a><\/div>\n\n\n\n<p><br><\/p>\n<\/div>\n\n\n\n<div class=\"wp-block-column is-layout-flow wp-block-column-is-layout-flow\">\n<h5 class=\"wp-block-heading\"><strong><span style=\"text-decoration: underline;\"><a href=\"https:\/\/panochrome.fr\/panoramas\/europe\/allemagne\/berlin-haut-bundestag\/index.html\" target=\"_blank\" rel=\"noreferrer noopener\" aria-label=\" (s\u2019ouvre dans un nouvel onglet)\">Bundestag &#8211; Sommet D\u00f4me<\/a><\/span><\/strong><\/h5>\n\n\n\n<p>Vue du sommet de la coupole.<br><br><br><br><br><br><br><\/p>\n\n\n\n<p><em>Mat\u00e9riel: Pentax K10D \/ T\u00eate Nodal Ninja R1 \/ Monopod<\/em><\/p>\n<\/div>\n<\/div>\n\n\n\n<div class=\"wp-block-columns has-2-columns is-layout-flex wp-container-core-columns-is-layout-9d6595d7 wp-block-columns-is-layout-flex\">\n<div class=\"wp-block-column is-layout-flow wp-block-column-is-layout-flow\">\n<div class=\"wp-block-advgb-image advgb-image-block full-width\" style=\"background-image:url(http:\/\/panochrome.fr\/fr\/wp-content\/uploads\/2019\/07\/allemagne-berlin-reichtag-exterieur-coupole.jpg);height:250px;width:500px;justify-content:flex-end;align-items:flex-start\" data-image=\"http:\/\/panochrome.fr\/fr\/wp-content\/uploads\/2019\/07\/allemagne-berlin-reichtag-exterieur-coupole.jpg\"><a class=\"advgb-image-overlay\" style=\"background-color:#eeeeee\" target=\"_blank\" rel=\"noopener noreferrer\" href=\"https:\/\/www.panochrome.fr\/panoramas\/europe\/allemagne\/berlin-bundestag-toit\/Reichtag-exterieur-coupole.html\"><\/a><\/div>\n\n\n\n<p><br><\/p>\n<\/div>\n\n\n\n<div class=\"wp-block-column is-layout-flow wp-block-column-is-layout-flow\">\n<h5 class=\"wp-block-heading\"><strong><span style=\"text-decoration: underline;\"><a href=\"https:\/\/www.panochrome.fr\/panoramas\/europe\/allemagne\/berlin-bundestag-toit\/Reichtag-exterieur-coupole.html\" target=\"_blank\" rel=\"noreferrer noopener\" aria-label=\" (s\u2019ouvre dans un nouvel onglet)\">Bundestag &#8211; Toits<\/a><\/span><\/strong><\/h5>\n\n\n\n<p>Vue depuis le toit du Bundestag, avec la c\u00e9l\u00e8bre coupole.<br><br><br><br><br><br><br><\/p>\n\n\n\n<p><em>Mat\u00e9riel: Pentax K10D \/ T\u00eate Nodal Ninja R1 \/ Monopod<\/em><\/p>\n<\/div>\n<\/div>\n\n\n\n<div class=\"wp-block-columns has-2-columns is-layout-flex wp-container-core-columns-is-layout-9d6595d7 wp-block-columns-is-layout-flex\">\n<div class=\"wp-block-column is-layout-flow wp-block-column-is-layout-flow\">\n<div class=\"wp-block-advgb-image advgb-image-block full-width\" style=\"background-image:url(http:\/\/panochrome.fr\/fr\/wp-content\/uploads\/2019\/07\/allemagne-berlin-monument_holocaust_sphere.jpg);height:250px;width:500px;justify-content:flex-end;align-items:flex-start\" data-image=\"http:\/\/panochrome.fr\/fr\/wp-content\/uploads\/2019\/07\/allemagne-berlin-monument_holocaust_sphere.jpg\"><a class=\"advgb-image-overlay\" style=\"background-color:#eeeeee\" target=\"_blank\" rel=\"noopener noreferrer\" href=\"https:\/\/www.panochrome.fr\/panoramas\/europe\/allemagne\/berlin-monument-holocauste\/monument_holocaust_sphere.html\"><\/a><\/div>\n\n\n\n<p><br><\/p>\n<\/div>\n\n\n\n<div class=\"wp-block-column is-layout-flow wp-block-column-is-layout-flow\">\n<h5 class=\"wp-block-heading\"><strong><span style=\"text-decoration: underline;\"><a href=\"https:\/\/www.panochrome.fr\/panoramas\/europe\/allemagne\/berlin-monument-holocauste\/monument_holocaust_sphere.html\" target=\"_blank\" rel=\"noreferrer noopener\" aria-label=\" (s\u2019ouvre dans un nouvel onglet)\">M\u00e9morial aux Juifs assassin\u00e9s d&rsquo;Europe<\/a><\/span><\/strong><\/h5>\n\n\n\n<p>Vue du M\u00e9morial aux Juifs assassin\u00e9s d&rsquo;Europe, \u00e0 Berlin.<br><br><br><br><br><br><br><\/p>\n\n\n\n<p><em>Mat\u00e9riel: Pentax K10D \/ T\u00eate Nodal Ninja R1 \/ Monopod<\/em><\/p>\n<\/div>\n<\/div>\n","protected":false},"excerpt":{"rendered":"<p>Berlin, capitale de l\u2019Allemagne. Ces panoramas ont \u00e9t\u00e9 r\u00e9alis\u00e9s en 2010 juste avant de faire le Marathon Roller de Berlin. Le mat\u00e9riel utilis\u00e9 \u00e9tait la rotule Nodal Ninja R1, revendue peu de temps apr\u00e8s car inadapt\u00e9e \u00e0 un capteur APS-C. ICE &#8211; Voiture 1 Panorama pris dans la premi\u00e8re voiture de la rame ICE. Toute [&hellip;]<\/p>\n","protected":false},"author":1,"featured_media":0,"parent":344,"menu_order":3,"comment_status":"closed","ping_status":"closed","template":"","meta":{"_uag_custom_page_level_css":"","advgb_blocks_editor_width":"","advgb_blocks_columns_visual_guide":"","footnotes":""},"class_list":["post-543","page","type-page","status-publish","hentry"],"uagb_featured_image_src":{"full":false,"thumbnail":false,"medium":false,"medium_large":false,"large":false,"1536x1536":false,"2048x2048":false},"uagb_author_info":{"display_name":"Etienne","author_link":"https:\/\/panochrome.fr\/fr\/author\/edgeat51-wp\/"},"uagb_comment_info":0,"uagb_excerpt":"Berlin, capitale de l\u2019Allemagne. Ces panoramas ont \u00e9t\u00e9 r\u00e9alis\u00e9s en 2010 juste avant de faire le Marathon Roller de Berlin. Le mat\u00e9riel utilis\u00e9 \u00e9tait la rotule Nodal Ninja R1, revendue peu de temps apr\u00e8s car inadapt\u00e9e \u00e0 un capteur APS-C. ICE &#8211; Voiture 1 Panorama pris dans la premi\u00e8re voiture de la rame ICE. Toute\u2026","coauthors":[],"author_meta":{"author_link":"https:\/\/panochrome.fr\/fr\/author\/edgeat51-wp\/","display_name":"Etienne"},"relative_dates":{"created":"Publi\u00e9 7 ans il y a","modified":"Mis \u00e0 jour 7 ans il y a"},"absolute_dates":{"created":"Publi\u00e9 le 1 juillet 2019","modified":"Mise \u00e0 jour le 18 ao\u00fbt 2019"},"absolute_dates_time":{"created":"Publi\u00e9 le 1 juillet 2019 12 h 39 min","modified":"Mise \u00e0 jour le 18 ao\u00fbt 2019 19 h 31 min"},"featured_img_caption":"","featured_img":false,"series_order":"","_links":{"self":[{"href":"https:\/\/panochrome.fr\/fr\/wp-json\/wp\/v2\/pages\/543","targetHints":{"allow":["GET"]}}],"collection":[{"href":"https:\/\/panochrome.fr\/fr\/wp-json\/wp\/v2\/pages"}],"about":[{"href":"https:\/\/panochrome.fr\/fr\/wp-json\/wp\/v2\/types\/page"}],"author":[{"embeddable":true,"href":"https:\/\/panochrome.fr\/fr\/wp-json\/wp\/v2\/users\/1"}],"replies":[{"embeddable":true,"href":"https:\/\/panochrome.fr\/fr\/wp-json\/wp\/v2\/comments?post=543"}],"version-history":[{"count":12,"href":"https:\/\/panochrome.fr\/fr\/wp-json\/wp\/v2\/pages\/543\/revisions"}],"predecessor-version":[{"id":1515,"href":"https:\/\/panochrome.fr\/fr\/wp-json\/wp\/v2\/pages\/543\/revisions\/1515"}],"up":[{"embeddable":true,"href":"https:\/\/panochrome.fr\/fr\/wp-json\/wp\/v2\/pages\/344"}],"wp:attachment":[{"href":"https:\/\/panochrome.fr\/fr\/wp-json\/wp\/v2\/media?parent=543"}],"curies":[{"name":"wp","href":"https:\/\/api.w.org\/{rel}","templated":true}]}}