{"id":502,"date":"2019-06-30T22:49:48","date_gmt":"2019-06-30T20:49:48","guid":{"rendered":"http:\/\/panochrome.fr\/fr\/?page_id=502"},"modified":"2019-08-18T19:26:48","modified_gmt":"2019-08-18T17:26:48","slug":"etats-unis","status":"publish","type":"page","link":"https:\/\/panochrome.fr\/fr\/panoramas\/monde\/etats-unis\/","title":{"rendered":"\u00c9tats-Unis"},"content":{"rendered":"\n<p>Carnet de voyage panoramique pour mes vacances aux USA en avril 2011!<br><br>Plusieurs milliers de kilom\u00e8tres, 3 \u00e9tapes et des centaines de photos. Voici quelques panoramas de new-York, La Nouvelle Orl\u00e9ans et San-francisco, tr\u00e8s diff\u00e9rentes les unes des autres.<br><\/p>\n\n\n\n<h5 class=\"wp-block-heading\"><strong>New-York<\/strong><\/h5>\n\n\n\n<div class=\"wp-block-columns has-2-columns is-layout-flex wp-container-core-columns-is-layout-9d6595d7 wp-block-columns-is-layout-flex\">\n<div class=\"wp-block-column is-layout-flow wp-block-column-is-layout-flow\">\n<div class=\"wp-block-advgb-image advgb-image-block full-width\" style=\"background-image:url(http:\/\/panochrome.fr\/fr\/wp-content\/uploads\/2019\/06\/USA-NY-time_square.jpg);height:250px;width:500px;justify-content:flex-end;align-items:flex-start\" data-image=\"http:\/\/panochrome.fr\/fr\/wp-content\/uploads\/2019\/06\/USA-NY-time_square.jpg\"><a class=\"advgb-image-overlay\" style=\"background-color:#eeeeee\" target=\"_blank\" rel=\"noopener noreferrer\" href=\"https:\/\/www.panochrome.fr\/panoramas\/monde\/usa\/new_york\/time_square\/time_square.html\"><\/a><\/div>\n\n\n\n<p><br><\/p>\n<\/div>\n\n\n\n<div class=\"wp-block-column is-layout-flow wp-block-column-is-layout-flow\">\n<h5 class=\"wp-block-heading\"><strong><span style=\"text-decoration: underline;\"><a href=\"https:\/\/www.panochrome.fr\/panoramas\/monde\/usa\/new_york\/time_square\/time_square.html\" target=\"_blank\" rel=\"noreferrer noopener\" aria-label=\" (s\u2019ouvre dans un nouvel onglet)\">Time Square<\/a><\/span><\/strong><\/h5>\n\n\n\n<p>La seule id\u00e9e qui me vient \u00e0 l\u2019esprit est \u00abd\u00e9bauche de photons\u00bb. Je pense que cela r\u00e9sume tout \u00e0 fait ce lieu.<br><br><br><br><br><br><\/p>\n\n\n\n<p><em>Mat\u00e9riel: Pentax k7 \/ Nodal Ninja 3 MkII<\/em><\/p>\n<\/div>\n<\/div>\n\n\n\n<div class=\"wp-block-columns has-2-columns is-layout-flex wp-container-core-columns-is-layout-9d6595d7 wp-block-columns-is-layout-flex\">\n<div class=\"wp-block-column is-layout-flow wp-block-column-is-layout-flow\">\n<div class=\"wp-block-advgb-image advgb-image-block full-width\" style=\"background-image:url(http:\/\/panochrome.fr\/fr\/wp-content\/uploads\/2019\/06\/USA-NY-wall_street.jpg);height:250px;width:500px;justify-content:flex-end;align-items:flex-start\" data-image=\"http:\/\/panochrome.fr\/fr\/wp-content\/uploads\/2019\/06\/USA-NY-wall_street.jpg\"><a class=\"advgb-image-overlay\" style=\"background-color:#eeeeee\" target=\"_blank\" rel=\"noopener noreferrer\" href=\"https:\/\/www.panochrome.fr\/panoramas\/monde\/usa\/new_york\/wall_street\/wall_street.html\"><\/a><\/div>\n\n\n\n<p><br><\/p>\n<\/div>\n\n\n\n<div class=\"wp-block-column is-layout-flow wp-block-column-is-layout-flow\">\n<h5 class=\"wp-block-heading\"><strong><span style=\"text-decoration: underline;\"><a href=\"https:\/\/www.panochrome.fr\/panoramas\/monde\/usa\/new_york\/wall_street\/wall_street.html\" target=\"_blank\" rel=\"noreferrer noopener\" aria-label=\" (s\u2019ouvre dans un nouvel onglet)\">Wall Street<\/a><\/span><\/strong><\/h5>\n\n\n\n<p>Le coeur de la finance! Pas beaucoup de cols blancs, mais beaucoup de touristes. Difficile de s\u2019imaginer que tant d\u2019argent circule derri\u00e8re ces murs.<br><br><br><br><br><br><\/p>\n\n\n\n<p><em>Mat\u00e9riel: Pentax k7 \/ Nodal Ninja 3 MkII<\/em><\/p>\n<\/div>\n<\/div>\n\n\n\n<div class=\"wp-block-columns has-2-columns is-layout-flex wp-container-core-columns-is-layout-9d6595d7 wp-block-columns-is-layout-flex\">\n<div class=\"wp-block-column is-layout-flow wp-block-column-is-layout-flow\">\n<div class=\"wp-block-advgb-image advgb-image-block full-width\" style=\"background-image:url(http:\/\/panochrome.fr\/fr\/wp-content\/uploads\/2019\/06\/USA-NY-cimetiere_wall_street.jpg);height:250px;width:500px;justify-content:flex-end;align-items:flex-start\" data-image=\"http:\/\/panochrome.fr\/fr\/wp-content\/uploads\/2019\/06\/USA-NY-cimetiere_wall_street.jpg\"><a class=\"advgb-image-overlay\" style=\"background-color:#eeeeee\" target=\"_blank\" rel=\"noopener noreferrer\" href=\"https:\/\/www.panochrome.fr\/panoramas\/monde\/usa\/new_york\/trinity_church_cemetery\/trinity_church_cemetery.html\"><\/a><\/div>\n\n\n\n<p><br><\/p>\n<\/div>\n\n\n\n<div class=\"wp-block-column is-layout-flow wp-block-column-is-layout-flow\">\n<h5 class=\"wp-block-heading\"><strong><span style=\"text-decoration: underline;\"><a href=\"https:\/\/www.panochrome.fr\/panoramas\/monde\/usa\/new_york\/trinity_church_cemetery\/trinity_church_cemetery.html\" target=\"_blank\" rel=\"noreferrer noopener\" aria-label=\" (s\u2019ouvre dans un nouvel onglet)\">Cimeti\u00e8re de l\u2019\u00e9glise Trinity<\/a><\/span><\/strong><\/h5>\n\n\n\n<p>En plein coeur de Manhattan, \u00e0 quelques m\u00e8tres de Wall Street se trouve ce charmant cimeti\u00e8re. Entour\u00e9 de buildings, l\u2019endroit est tr\u00e8s agr\u00e9able.<br><br><br><br><br><br><\/p>\n\n\n\n<p><em>Mat\u00e9riel: Pentax k7 \/ Nodal Ninja 3 MkII<\/em><\/p>\n<\/div>\n<\/div>\n\n\n\n<div class=\"wp-block-columns has-2-columns is-layout-flex wp-container-core-columns-is-layout-9d6595d7 wp-block-columns-is-layout-flex\">\n<div class=\"wp-block-column is-layout-flow wp-block-column-is-layout-flow\">\n<div class=\"wp-block-advgb-image advgb-image-block full-width\" style=\"background-image:url(http:\/\/panochrome.fr\/fr\/wp-content\/uploads\/2019\/06\/USA-NY-pont_brooklyn.jpg);height:250px;width:500px;justify-content:flex-end;align-items:flex-start\" data-image=\"http:\/\/panochrome.fr\/fr\/wp-content\/uploads\/2019\/06\/USA-NY-pont_brooklyn.jpg\"><a class=\"advgb-image-overlay\" style=\"background-color:#eeeeee\" target=\"_blank\" rel=\"noopener noreferrer\" href=\"https:\/\/www.panochrome.fr\/panoramas\/monde\/usa\/new_york\/brooklyn_bridge\/pont_brooklyn.html\"><\/a><\/div>\n\n\n\n<p><br><\/p>\n<\/div>\n\n\n\n<div class=\"wp-block-column is-layout-flow wp-block-column-is-layout-flow\">\n<h5 class=\"wp-block-heading\"><strong><span style=\"text-decoration: underline;\"><a href=\"https:\/\/www.panochrome.fr\/panoramas\/monde\/usa\/new_york\/brooklyn_bridge\/pont_brooklyn.html\" target=\"_blank\" rel=\"noreferrer noopener\" aria-label=\" (s\u2019ouvre dans un nouvel onglet)\">Pont de Brooklyn<\/a><\/span><\/strong><\/h5>\n\n\n\n<p>Alors bien s\u00fbr, ce n\u2019est pas sur le pont qu\u2019on le voit le mieux. Par contre le point de vu sur Brooklyn et Manhattan est imbattable.<br><br><br><br><br><\/p>\n\n\n\n<p><em>Mat\u00e9riel: Pentax k7 \/ Nodal Ninja 3 MkII<\/em><\/p>\n<\/div>\n<\/div>\n\n\n\n<div class=\"wp-block-columns has-2-columns is-layout-flex wp-container-core-columns-is-layout-9d6595d7 wp-block-columns-is-layout-flex\">\n<div class=\"wp-block-column is-layout-flow wp-block-column-is-layout-flow\">\n<div class=\"wp-block-advgb-image advgb-image-block full-width\" style=\"background-image:url(http:\/\/panochrome.fr\/fr\/wp-content\/uploads\/2019\/06\/USA-NY-rockefeller_center.jpg);height:250px;width:500px;justify-content:flex-end;align-items:flex-start\" data-image=\"http:\/\/panochrome.fr\/fr\/wp-content\/uploads\/2019\/06\/USA-NY-rockefeller_center.jpg\"><a class=\"advgb-image-overlay\" style=\"background-color:#eeeeee\" target=\"_blank\" rel=\"noopener noreferrer\" href=\"https:\/\/www.panochrome.fr\/panoramas\/monde\/usa\/new_york\/rockefeller_center\/rockefeller_center.html\"><\/a><\/div>\n\n\n\n<p><br><\/p>\n<\/div>\n\n\n\n<div class=\"wp-block-column is-layout-flow wp-block-column-is-layout-flow\">\n<h5 class=\"wp-block-heading\"><strong><span style=\"text-decoration: underline;\"><a href=\"https:\/\/www.panochrome.fr\/panoramas\/monde\/usa\/new_york\/rockefeller_center\/rockefeller_center.html\" target=\"_blank\" rel=\"noreferrer noopener\" aria-label=\" (s\u2019ouvre dans un nouvel onglet)\">Rockefeller Center<\/a><\/span><\/strong><\/h5>\n\n\n\n<p>Ce panorama ne rend pas hommage \u00e0 l\u2019architecture de ce bloc, mon pr\u00e9f\u00e9r\u00e9 de New York. C\u2019est ici qu\u2019est dress\u00e9 chaque ann\u00e9e le sapin de No\u00ebl. Au pieds de la tour se trouve une patinoire en plein air, encore ouverte d\u00e9but avril.<br><br><br><br><\/p>\n\n\n\n<p><em>Mat\u00e9riel: Pentax k7 \/ Nodal Ninja 3 MkII<\/em><\/p>\n<\/div>\n<\/div>\n\n\n\n<div class=\"wp-block-columns has-2-columns is-layout-flex wp-container-core-columns-is-layout-9d6595d7 wp-block-columns-is-layout-flex\">\n<div class=\"wp-block-column is-layout-flow wp-block-column-is-layout-flow\">\n<div class=\"wp-block-advgb-image advgb-image-block full-width\" style=\"background-image:url(http:\/\/panochrome.fr\/fr\/wp-content\/uploads\/2019\/06\/USA-NY-top_of_the_rock.jpg);height:250px;width:500px;justify-content:flex-end;align-items:flex-start\" data-image=\"http:\/\/panochrome.fr\/fr\/wp-content\/uploads\/2019\/06\/USA-NY-top_of_the_rock.jpg\"><a class=\"advgb-image-overlay\" style=\"background-color:#eeeeee\" target=\"_blank\" rel=\"noopener noreferrer\" href=\"https:\/\/panochrome.fr\/panoramas\/monde\/usa\/new_york\/top-of-the-rock\/index.html\"><\/a><\/div>\n\n\n\n<p><br><\/p>\n<\/div>\n\n\n\n<div class=\"wp-block-column is-layout-flow wp-block-column-is-layout-flow\">\n<h5 class=\"wp-block-heading\"><strong><span style=\"text-decoration: underline;\"><a href=\"https:\/\/panochrome.fr\/panoramas\/monde\/usa\/new_york\/top-of-the-rock\/index.html\" target=\"_blank\" rel=\"noreferrer noopener\" aria-label=\" (s\u2019ouvre dans un nouvel onglet)\">Top of the Rock<\/a><\/span><\/strong><\/h5>\n\n\n\n<p>Vue de New-York depuis le haut du Rockfeller center.<br><br><br><br><br><br><\/p>\n\n\n\n<p><em>Mat\u00e9riel: Pentax k7 \/ Nodal Ninja 3 MkII<\/em><\/p>\n<\/div>\n<\/div>\n\n\n\n<div class=\"wp-block-columns has-2-columns is-layout-flex wp-container-core-columns-is-layout-9d6595d7 wp-block-columns-is-layout-flex\">\n<div class=\"wp-block-column is-layout-flow wp-block-column-is-layout-flow\">\n<div class=\"wp-block-advgb-image advgb-image-block full-width\" style=\"background-image:url(http:\/\/panochrome.fr\/fr\/wp-content\/uploads\/2019\/06\/USA-NY-central_park.jpg);height:250px;width:500px;justify-content:flex-end;align-items:flex-start\" data-image=\"http:\/\/panochrome.fr\/fr\/wp-content\/uploads\/2019\/06\/USA-NY-central_park.jpg\"><a class=\"advgb-image-overlay\" style=\"background-color:#eeeeee\" target=\"_blank\" rel=\"noopener noreferrer\" href=\"https:\/\/www.panochrome.fr\/panoramas\/monde\/usa\/new_york\/central_park\/central_park.html\"><\/a><\/div>\n\n\n\n<p><br><\/p>\n<\/div>\n\n\n\n<div class=\"wp-block-column is-layout-flow wp-block-column-is-layout-flow\">\n<h5 class=\"wp-block-heading\"><strong><span style=\"text-decoration: underline;\"><a href=\"https:\/\/www.panochrome.fr\/panoramas\/monde\/usa\/new_york\/central_park\/central_park.html\" target=\"_blank\" rel=\"noreferrer noopener\" aria-label=\" (s\u2019ouvre dans un nouvel onglet)\">Central Park<\/a><\/span><\/strong><\/h5>\n\n\n\n<p>Le poumon vert de la ville. Il faut dire que les rues ne comportent aucun arbre. Je pense que Central Park est indispensable pour tenir \u00e0 New York.<br><br><br><br><br><\/p>\n\n\n\n<p><em>Mat\u00e9riel: Pentax k7 \/ Nodal Ninja 3 MkII<\/em><\/p>\n<\/div>\n<\/div>\n\n\n\n<h5 class=\"wp-block-heading\"><strong>La Nouvelle-Orl\u00e9ans<\/strong><\/h5>\n\n\n\n<div class=\"wp-block-columns has-2-columns is-layout-flex wp-container-core-columns-is-layout-9d6595d7 wp-block-columns-is-layout-flex\">\n<div class=\"wp-block-column is-layout-flow wp-block-column-is-layout-flow\">\n<div class=\"wp-block-advgb-image advgb-image-block full-width\" style=\"background-image:url(http:\/\/panochrome.fr\/fr\/wp-content\/uploads\/2019\/07\/USA-NO-place-armes.jpg);height:250px;width:500px;justify-content:flex-end;align-items:flex-start\" data-image=\"http:\/\/panochrome.fr\/fr\/wp-content\/uploads\/2019\/07\/USA-NO-place-armes.jpg\"><a class=\"advgb-image-overlay\" style=\"background-color:#eeeeee\" target=\"_blank\" rel=\"noopener noreferrer\" href=\"https:\/\/www.panochrome.fr\/panoramas\/monde\/usa\/new_orleans\/place_darmes\/new_orleans.html\"><\/a><\/div>\n\n\n\n<p><br><\/p>\n<\/div>\n\n\n\n<div class=\"wp-block-column is-layout-flow wp-block-column-is-layout-flow\">\n<h5 class=\"wp-block-heading\"><strong><span style=\"text-decoration: underline;\"><a href=\"https:\/\/www.panochrome.fr\/panoramas\/monde\/usa\/new_orleans\/place_darmes\/new_orleans.html\" target=\"_blank\" rel=\"noreferrer noopener\" aria-label=\" (s\u2019ouvre dans un nouvel onglet)\">Place d\u2019Armes<\/a><\/span><\/strong><\/h5>\n\n\n\n<p>La place d\u2019armes de la Nouvelle Orl\u00e9ans, dans le French Quarter, sur un air de jazz.<br><br><br><br><br><br><br><\/p>\n\n\n\n<p><em>Mat\u00e9riel: Pentax k7 \/ Nodal Ninja 3 MkII<\/em><\/p>\n<\/div>\n<\/div>\n\n\n\n<h5 class=\"wp-block-heading\"><strong>Sans-Fransisco<\/strong><\/h5>\n\n\n\n<div class=\"wp-block-columns has-2-columns is-layout-flex wp-container-core-columns-is-layout-9d6595d7 wp-block-columns-is-layout-flex\">\n<div class=\"wp-block-column is-layout-flow wp-block-column-is-layout-flow\">\n<div class=\"wp-block-advgb-image advgb-image-block full-width\" style=\"background-image:url(http:\/\/panochrome.fr\/fr\/wp-content\/uploads\/2019\/07\/USA-SF-alcatraz_promenade.jpg);height:250px;width:500px;justify-content:flex-end;align-items:flex-start\" data-image=\"http:\/\/panochrome.fr\/fr\/wp-content\/uploads\/2019\/07\/USA-SF-alcatraz_promenade.jpg\"><a class=\"advgb-image-overlay\" style=\"background-color:#eeeeee\" target=\"_blank\" rel=\"noopener noreferrer\" href=\"https:\/\/www.panochrome.fr\/panoramas\/monde\/usa\/san_francisco\/alcatraz\/alcatraz_promenade.html\"><\/a><\/div>\n\n\n\n<p><br><\/p>\n<\/div>\n\n\n\n<div class=\"wp-block-column is-layout-flow wp-block-column-is-layout-flow\">\n<h5 class=\"wp-block-heading\"><strong><span style=\"text-decoration: underline;\"><a href=\"https:\/\/www.panochrome.fr\/panoramas\/monde\/usa\/san_francisco\/alcatraz\/alcatraz_promenade.html\" target=\"_blank\" rel=\"noreferrer noopener\" aria-label=\" (s\u2019ouvre dans un nouvel onglet)\">Alcatraz<\/a><\/span><\/strong><\/h5>\n\n\n\n<p>La prison la plus connue au monde, mais aussi une r\u00e9serve naturelle pour oiseaux. Tr\u00e8s belle \u00eele, en ruine, mais cela fait son charme.<br><br><br><br><br><\/p>\n\n\n\n<p><em>Mat\u00e9riel: Pentax k7 \/ Nodal Ninja 3 MkII<\/em><\/p>\n<\/div>\n<\/div>\n\n\n\n<div class=\"wp-block-columns has-2-columns is-layout-flex wp-container-core-columns-is-layout-9d6595d7 wp-block-columns-is-layout-flex\">\n<div class=\"wp-block-column is-layout-flow wp-block-column-is-layout-flow\">\n<div class=\"wp-block-advgb-image advgb-image-block full-width\" style=\"background-image:url(http:\/\/panochrome.fr\/fr\/wp-content\/uploads\/2019\/07\/USA-SF-china_town.jpg);height:250px;width:500px;justify-content:flex-end;align-items:flex-start\" data-image=\"http:\/\/panochrome.fr\/fr\/wp-content\/uploads\/2019\/07\/USA-SF-china_town.jpg\"><a class=\"advgb-image-overlay\" style=\"background-color:#eeeeee\" target=\"_blank\" rel=\"noopener noreferrer\" href=\"https:\/\/www.panochrome.fr\/panoramas\/monde\/usa\/san_francisco\/china_town\/china_town.html\"><\/a><\/div>\n\n\n\n<p><br><\/p>\n<\/div>\n\n\n\n<div class=\"wp-block-column is-layout-flow wp-block-column-is-layout-flow\">\n<h5 class=\"wp-block-heading\"><strong><span style=\"text-decoration: underline;\"><a href=\"https:\/\/www.panochrome.fr\/panoramas\/monde\/usa\/san_francisco\/china_town\/china_town.html\" target=\"_blank\" rel=\"noreferrer noopener\" aria-label=\" (s\u2019ouvre dans un nouvel onglet)\">China Town<\/a><\/span><\/strong><\/h5>\n\n\n\n<p>Le vrai China Town, comme dans les films!<br><br><br><br><br><br><\/p>\n\n\n\n<p><em>Mat\u00e9riel: Pentax k7 \/ Nodal Ninja 3 MkII<\/em><\/p>\n<\/div>\n<\/div>\n\n\n\n<div class=\"wp-block-columns has-2-columns is-layout-flex wp-container-core-columns-is-layout-9d6595d7 wp-block-columns-is-layout-flex\">\n<div class=\"wp-block-column is-layout-flow wp-block-column-is-layout-flow\">\n<div class=\"wp-block-advgb-image advgb-image-block full-width\" style=\"background-image:url(http:\/\/panochrome.fr\/fr\/wp-content\/uploads\/2019\/07\/USA-SF-golden_gate_park.jpg);height:250px;width:500px;justify-content:flex-end;align-items:flex-start\" data-image=\"http:\/\/panochrome.fr\/fr\/wp-content\/uploads\/2019\/07\/USA-SF-golden_gate_park.jpg\"><a class=\"advgb-image-overlay\" style=\"background-color:#eeeeee\" target=\"_blank\" rel=\"noopener noreferrer\" href=\"https:\/\/www.panochrome.fr\/panoramas\/monde\/usa\/san_francisco\/golden_gate_park\/golden_gate_park.html\"><\/a><\/div>\n\n\n\n<p><br><\/p>\n<\/div>\n\n\n\n<div class=\"wp-block-column is-layout-flow wp-block-column-is-layout-flow\">\n<h5 class=\"wp-block-heading\"><a href=\"https:\/\/www.panochrome.fr\/panoramas\/monde\/usa\/san_francisco\/golden_gate_park\/golden_gate_park.html\" target=\"_blank\" rel=\"noreferrer noopener\" aria-label=\" (s\u2019ouvre dans un nouvel onglet)\">Golden Gate Park<\/a><\/h5>\n\n\n\n<p>Panorama au milieu des foug\u00e8res g\u00e9antes. Le parc est tr\u00e8s joli, mais il faut surtout visiter l\u2019acad\u00e9mie des sciences!<br><br><br><br><br><br><\/p>\n\n\n\n<p><em>Mat\u00e9riel: Pentax k7 \/ Nodal Ninja 3 MkII<\/em><\/p>\n<\/div>\n<\/div>\n","protected":false},"excerpt":{"rendered":"<p>Carnet de voyage panoramique pour mes vacances aux USA en avril 2011! Plusieurs milliers de kilom\u00e8tres, 3 \u00e9tapes et des centaines de photos. Voici quelques panoramas de new-York, La Nouvelle Orl\u00e9ans et San-francisco, tr\u00e8s diff\u00e9rentes les unes des autres. New-York Time Square La seule id\u00e9e qui me vient \u00e0 l\u2019esprit est \u00abd\u00e9bauche de photons\u00bb. Je [&hellip;]<\/p>\n","protected":false},"author":1,"featured_media":0,"parent":341,"menu_order":3,"comment_status":"closed","ping_status":"closed","template":"","meta":{"_uag_custom_page_level_css":"","advgb_blocks_editor_width":"","advgb_blocks_columns_visual_guide":"","footnotes":""},"class_list":["post-502","page","type-page","status-publish","hentry"],"uagb_featured_image_src":{"full":false,"thumbnail":false,"medium":false,"medium_large":false,"large":false,"1536x1536":false,"2048x2048":false},"uagb_author_info":{"display_name":"Etienne","author_link":"https:\/\/panochrome.fr\/fr\/author\/edgeat51-wp\/"},"uagb_comment_info":0,"uagb_excerpt":"Carnet de voyage panoramique pour mes vacances aux USA en avril 2011! Plusieurs milliers de kilom\u00e8tres, 3 \u00e9tapes et des centaines de photos. Voici quelques panoramas de new-York, La Nouvelle Orl\u00e9ans et San-francisco, tr\u00e8s diff\u00e9rentes les unes des autres. New-York Time Square La seule id\u00e9e qui me vient \u00e0 l\u2019esprit est \u00abd\u00e9bauche de photons\u00bb. Je\u2026","coauthors":[],"author_meta":{"author_link":"https:\/\/panochrome.fr\/fr\/author\/edgeat51-wp\/","display_name":"Etienne"},"relative_dates":{"created":"Publi\u00e9 7 ans il y a","modified":"Mis \u00e0 jour 7 ans il y a"},"absolute_dates":{"created":"Publi\u00e9 le 30 juin 2019","modified":"Mise \u00e0 jour le 18 ao\u00fbt 2019"},"absolute_dates_time":{"created":"Publi\u00e9 le 30 juin 2019 22 h 49 min","modified":"Mise \u00e0 jour le 18 ao\u00fbt 2019 19 h 26 min"},"featured_img_caption":"","featured_img":false,"series_order":"","_links":{"self":[{"href":"https:\/\/panochrome.fr\/fr\/wp-json\/wp\/v2\/pages\/502","targetHints":{"allow":["GET"]}}],"collection":[{"href":"https:\/\/panochrome.fr\/fr\/wp-json\/wp\/v2\/pages"}],"about":[{"href":"https:\/\/panochrome.fr\/fr\/wp-json\/wp\/v2\/types\/page"}],"author":[{"embeddable":true,"href":"https:\/\/panochrome.fr\/fr\/wp-json\/wp\/v2\/users\/1"}],"replies":[{"embeddable":true,"href":"https:\/\/panochrome.fr\/fr\/wp-json\/wp\/v2\/comments?post=502"}],"version-history":[{"count":8,"href":"https:\/\/panochrome.fr\/fr\/wp-json\/wp\/v2\/pages\/502\/revisions"}],"predecessor-version":[{"id":1510,"href":"https:\/\/panochrome.fr\/fr\/wp-json\/wp\/v2\/pages\/502\/revisions\/1510"}],"up":[{"embeddable":true,"href":"https:\/\/panochrome.fr\/fr\/wp-json\/wp\/v2\/pages\/341"}],"wp:attachment":[{"href":"https:\/\/panochrome.fr\/fr\/wp-json\/wp\/v2\/media?parent=502"}],"curies":[{"name":"wp","href":"https:\/\/api.w.org\/{rel}","templated":true}]}}