{"id":495,"date":"2019-06-30T21:15:49","date_gmt":"2019-06-30T19:15:49","guid":{"rendered":"http:\/\/panochrome.fr\/fr\/?page_id=495"},"modified":"2019-08-18T19:28:56","modified_gmt":"2019-08-18T17:28:56","slug":"kenya","status":"publish","type":"page","link":"https:\/\/panochrome.fr\/fr\/panoramas\/monde\/kenya\/","title":{"rendered":"Kenya"},"content":{"rendered":"\n<p>Panorama r\u00e9alis\u00e9 au K\u00e9nya en octobre 2011.<\/p>\n\n\n\n<div class=\"wp-block-columns has-2-columns is-layout-flex wp-container-core-columns-is-layout-9d6595d7 wp-block-columns-is-layout-flex\">\n<div class=\"wp-block-column is-layout-flow wp-block-column-is-layout-flow\">\n<div class=\"wp-block-advgb-image advgb-image-block full-width\" style=\"background-image:url(http:\/\/panochrome.fr\/fr\/wp-content\/uploads\/2019\/06\/kenya-cooperative_mombassa.jpg);height:250px;width:500px;justify-content:flex-end;align-items:flex-start\" data-image=\"http:\/\/panochrome.fr\/fr\/wp-content\/uploads\/2019\/06\/kenya-cooperative_mombassa.jpg\"><a class=\"advgb-image-overlay\" style=\"background-color:#eeeeee\" target=\"_blank\" rel=\"noopener noreferrer\" href=\"https:\/\/www.panochrome.fr\/panoramas\/monde\/kenya\/cooperative_mombassa\/cooperative_mombassa.html\"><\/a><\/div>\n\n\n\n<p><br><\/p>\n<\/div>\n\n\n\n<div class=\"wp-block-column is-layout-flow wp-block-column-is-layout-flow\">\n<h5 class=\"wp-block-heading\"><strong><span style=\"text-decoration: underline;\"><a rel=\"noreferrer noopener\" aria-label=\"Coop\u00e9rative Akamba (s\u2019ouvre dans un nouvel onglet)\" href=\"http:\/\/www.panochrome.fr\/panoramas\/monde\/kenya\/cooperative_mombassa\/cooperative_mombassa.html\" target=\"_blank\">Coop\u00e9rative <\/a><a href=\"https:\/\/www.panochrome.fr\/panoramas\/monde\/kenya\/cooperative_mombassa\/cooperative_mombassa.html\" target=\"_blank\" rel=\"noreferrer noopener\" aria-label=\"Akamba (s\u2019ouvre dans un nouvel onglet)\">Akamba<\/a><\/span><\/strong><\/h5>\n\n\n\n<p>Panorama r\u00e9alis\u00e9 \u00e0 la coop\u00e9rative Akamba. La lumi\u00e8re tr\u00e8s dure et les poussi\u00e8res sur le capteur ne rendent pas hommage au lieu et aux personnes qui y travaillent.<br><br><br><br><br><\/p>\n\n\n\n<p><em>Mat\u00e9riel: Pentax k7 \/ Nodal Ninja 3 MkII \/ Monopod<\/em><\/p>\n\n\n\n<p><\/p>\n<\/div>\n<\/div>\n\n\n\n<p><\/p>\n","protected":false},"excerpt":{"rendered":"<p>Panorama r\u00e9alis\u00e9 au K\u00e9nya en octobre 2011. Coop\u00e9rative Akamba Panorama r\u00e9alis\u00e9 \u00e0 la coop\u00e9rative Akamba. La lumi\u00e8re tr\u00e8s dure et les poussi\u00e8res sur le capteur ne rendent pas hommage au lieu et aux personnes qui y travaillent. Mat\u00e9riel: Pentax k7 \/ Nodal Ninja 3 MkII \/ Monopod<\/p>\n","protected":false},"author":1,"featured_media":0,"parent":341,"menu_order":3,"comment_status":"closed","ping_status":"closed","template":"","meta":{"_uag_custom_page_level_css":"","advgb_blocks_editor_width":"","advgb_blocks_columns_visual_guide":"","footnotes":""},"class_list":["post-495","page","type-page","status-publish","hentry"],"uagb_featured_image_src":{"full":false,"thumbnail":false,"medium":false,"medium_large":false,"large":false,"1536x1536":false,"2048x2048":false},"uagb_author_info":{"display_name":"Etienne","author_link":"https:\/\/panochrome.fr\/fr\/author\/edgeat51-wp\/"},"uagb_comment_info":0,"uagb_excerpt":"Panorama r\u00e9alis\u00e9 au K\u00e9nya en octobre 2011. Coop\u00e9rative Akamba Panorama r\u00e9alis\u00e9 \u00e0 la coop\u00e9rative Akamba. La lumi\u00e8re tr\u00e8s dure et les poussi\u00e8res sur le capteur ne rendent pas hommage au lieu et aux personnes qui y travaillent. Mat\u00e9riel: Pentax k7 \/ Nodal Ninja 3 MkII \/ Monopod","coauthors":[],"author_meta":{"author_link":"https:\/\/panochrome.fr\/fr\/author\/edgeat51-wp\/","display_name":"Etienne"},"relative_dates":{"created":"Publi\u00e9 7 ans il y a","modified":"Mis \u00e0 jour 7 ans il y a"},"absolute_dates":{"created":"Publi\u00e9 le 30 juin 2019","modified":"Mise \u00e0 jour le 18 ao\u00fbt 2019"},"absolute_dates_time":{"created":"Publi\u00e9 le 30 juin 2019 21 h 15 min","modified":"Mise \u00e0 jour le 18 ao\u00fbt 2019 19 h 28 min"},"featured_img_caption":"","featured_img":false,"series_order":"","_links":{"self":[{"href":"https:\/\/panochrome.fr\/fr\/wp-json\/wp\/v2\/pages\/495","targetHints":{"allow":["GET"]}}],"collection":[{"href":"https:\/\/panochrome.fr\/fr\/wp-json\/wp\/v2\/pages"}],"about":[{"href":"https:\/\/panochrome.fr\/fr\/wp-json\/wp\/v2\/types\/page"}],"author":[{"embeddable":true,"href":"https:\/\/panochrome.fr\/fr\/wp-json\/wp\/v2\/users\/1"}],"replies":[{"embeddable":true,"href":"https:\/\/panochrome.fr\/fr\/wp-json\/wp\/v2\/comments?post=495"}],"version-history":[{"count":5,"href":"https:\/\/panochrome.fr\/fr\/wp-json\/wp\/v2\/pages\/495\/revisions"}],"predecessor-version":[{"id":1512,"href":"https:\/\/panochrome.fr\/fr\/wp-json\/wp\/v2\/pages\/495\/revisions\/1512"}],"up":[{"embeddable":true,"href":"https:\/\/panochrome.fr\/fr\/wp-json\/wp\/v2\/pages\/341"}],"wp:attachment":[{"href":"https:\/\/panochrome.fr\/fr\/wp-json\/wp\/v2\/media?parent=495"}],"curies":[{"name":"wp","href":"https:\/\/api.w.org\/{rel}","templated":true}]}}