{"id":436,"date":"2019-06-30T19:24:13","date_gmt":"2019-06-30T17:24:13","guid":{"rendered":"http:\/\/panochrome.fr\/fr\/?page_id=436"},"modified":"2019-08-18T19:28:36","modified_gmt":"2019-08-18T17:28:36","slug":"japon","status":"publish","type":"page","link":"https:\/\/panochrome.fr\/fr\/panoramas\/monde\/japon\/","title":{"rendered":"Japon"},"content":{"rendered":"\n<h5 class=\"wp-block-heading\"><strong>Tokyo<\/strong><\/h5>\n\n\n\n<div class=\"wp-block-columns has-2-columns is-layout-flex wp-container-core-columns-is-layout-9d6595d7 wp-block-columns-is-layout-flex\">\n<div class=\"wp-block-column is-layout-flow wp-block-column-is-layout-flow\">\n<div class=\"wp-block-advgb-image advgb-image-block full-width\" style=\"background-image:url(http:\/\/panochrome.fr\/fr\/wp-content\/uploads\/2019\/06\/asakusa-temple.jpg);height:250px;width:500px;justify-content:flex-end;align-items:flex-start\" data-image=\"http:\/\/panochrome.fr\/fr\/wp-content\/uploads\/2019\/06\/asakusa-temple.jpg\"><a class=\"advgb-image-overlay\" style=\"background-color:#eeeeee\" target=\"_blank\" rel=\"noopener noreferrer\" href=\"https:\/\/www.panochrome.fr\/panoramas\/monde\/japon\/tokyo\/temple-asakusa\/asakusa-temple.html\"><\/a><\/div>\n\n\n\n<p><br><\/p>\n<\/div>\n\n\n\n<div class=\"wp-block-column is-layout-flow wp-block-column-is-layout-flow\">\n<h5 class=\"wp-block-heading\"><strong><span style=\"text-decoration: underline;\"><a href=\"https:\/\/www.panochrome.fr\/panoramas\/monde\/japon\/tokyo\/temple-asakusa\/asakusa-temple.html\" target=\"_blank\" rel=\"noreferrer noopener\" aria-label=\" (s\u2019ouvre dans un nouvel onglet)\">Temple Asakusa<\/a><\/span><\/strong><\/h5>\n\n\n\n<p>Superbe temple en plein c\u0153ur de Tokyo.<br><br><br><br><br><br><br><\/p>\n\n\n\n<p><em>Mat\u00e9riel: Pentax k1 \/ Nodal Ninja 3 MkII<\/em><\/p>\n<\/div>\n<\/div>\n\n\n\n<div class=\"wp-block-columns has-2-columns is-layout-flex wp-container-core-columns-is-layout-9d6595d7 wp-block-columns-is-layout-flex\">\n<div class=\"wp-block-column is-layout-flow wp-block-column-is-layout-flow\">\n<div class=\"wp-block-advgb-image advgb-image-block full-width\" style=\"background-image:url(http:\/\/panochrome.fr\/fr\/wp-content\/uploads\/2019\/06\/sengoku-ji-vue-1.jpg);height:250px;width:500px;justify-content:flex-end;align-items:flex-start\" data-image=\"http:\/\/panochrome.fr\/fr\/wp-content\/uploads\/2019\/06\/sengoku-ji-vue-1.jpg\"><a class=\"advgb-image-overlay\" style=\"background-color:#eeeeee\" target=\"_blank\" rel=\"noopener noreferrer\" href=\"https:\/\/www.panochrome.fr\/panoramas\/monde\/japon\/tokyo\/sengoku-ji-1\/sengoku-ji-1.html\"><\/a><\/div>\n\n\n\n<p><br><\/p>\n<\/div>\n\n\n\n<div class=\"wp-block-column is-layout-flow wp-block-column-is-layout-flow\">\n<h5 class=\"wp-block-heading\"><strong><span style=\"text-decoration: underline;\"><a href=\"https:\/\/www.panochrome.fr\/panoramas\/monde\/japon\/tokyo\/sengoku-ji-1\/sengoku-ji-1.html\" target=\"_blank\" rel=\"noreferrer noopener\" aria-label=\" (s\u2019ouvre dans un nouvel onglet)\">Temple Segaku-Ji &#8211; Vue 1<\/a><\/span><\/strong><\/h5>\n\n\n\n<p>Temple des 47 Ronins. Tr\u00e8s peu de touriste, mais ce temple \u00e0 une ambiance particuli\u00e8re.<br><br><br><br><br><br><\/p>\n\n\n\n<p><em>Mat\u00e9riel: Pentax k1 \/ Nodal Ninja 3 MkII<\/em><\/p>\n<\/div>\n<\/div>\n\n\n\n<div class=\"wp-block-columns has-2-columns is-layout-flex wp-container-core-columns-is-layout-9d6595d7 wp-block-columns-is-layout-flex\">\n<div class=\"wp-block-column is-layout-flow wp-block-column-is-layout-flow\">\n<div class=\"wp-block-advgb-image advgb-image-block full-width\" style=\"background-image:url(http:\/\/panochrome.fr\/fr\/wp-content\/uploads\/2019\/06\/sengoku-ji-vue-2.jpg);height:250px;width:500px;justify-content:flex-end;align-items:flex-start\" data-image=\"http:\/\/panochrome.fr\/fr\/wp-content\/uploads\/2019\/06\/sengoku-ji-vue-2.jpg\"><a class=\"advgb-image-overlay\" style=\"background-color:#eeeeee\" target=\"_blank\" rel=\"noopener noreferrer\" href=\"https:\/\/www.panochrome.fr\/panoramas\/monde\/japon\/tokyo\/sengoku-ji-2\/sengoku-ji-2.html\"><\/a><\/div>\n\n\n\n<p><br><\/p>\n<\/div>\n\n\n\n<div class=\"wp-block-column is-layout-flow wp-block-column-is-layout-flow\">\n<h5 class=\"wp-block-heading\"><strong><span style=\"text-decoration: underline;\"><a href=\"https:\/\/www.panochrome.fr\/panoramas\/monde\/japon\/tokyo\/sengoku-ji-2\/sengoku-ji-2.html\" target=\"_blank\" rel=\"noreferrer noopener\" aria-label=\" (s\u2019ouvre dans un nouvel onglet)\">Temple Segaku-Ji &#8211; Vue 2<\/a><\/span><\/strong><\/h5>\n\n\n\n<p>Vue de la porte principale du temple.<br><br><br><br><br><br><br><\/p>\n\n\n\n<p><em>Mat\u00e9riel: Pentax k1 \/ Nodal Ninja 3 MkII<\/em><\/p>\n<\/div>\n<\/div>\n\n\n\n<div class=\"wp-block-columns has-2-columns is-layout-flex wp-container-core-columns-is-layout-9d6595d7 wp-block-columns-is-layout-flex\">\n<div class=\"wp-block-column is-layout-flow wp-block-column-is-layout-flow\">\n<div class=\"wp-block-advgb-image advgb-image-block full-width\" style=\"background-image:url(http:\/\/panochrome.fr\/fr\/wp-content\/uploads\/2019\/06\/tokyo-maison-the.jpg);height:250px;width:500px;justify-content:flex-end;align-items:flex-start\" data-image=\"http:\/\/panochrome.fr\/fr\/wp-content\/uploads\/2019\/06\/tokyo-maison-the.jpg\"><a class=\"advgb-image-overlay\" style=\"background-color:#eeeeee\" target=\"_blank\" rel=\"noopener noreferrer\" href=\"https:\/\/www.panochrome.fr\/panoramas\/monde\/japon\/tokyo\/shinjuku-garden\/shinjuku-garden.html\"><\/a><\/div>\n\n\n\n<p><br><\/p>\n<\/div>\n\n\n\n<div class=\"wp-block-column is-layout-flow wp-block-column-is-layout-flow\">\n<h5 class=\"wp-block-heading\"><strong><span style=\"text-decoration: underline;\"><a href=\"https:\/\/www.panochrome.fr\/panoramas\/monde\/japon\/tokyo\/shinjuku-garden\/shinjuku-garden.html\" target=\"_blank\" rel=\"noreferrer noopener\" aria-label=\" (s\u2019ouvre dans un nouvel onglet)\">Jardin de Shinjuku<\/a><\/span><\/strong><\/h5>\n\n\n\n<p>Parc de Shinjuku, \u00e0 l\u2019ouest de Tokyo. Tr\u00e8s beau parc qui permet de voir un peu de nature au milieu de la m\u00e9galopole.<br><br><br><br><br><br><\/p>\n\n\n\n<p><em>Mat\u00e9riel: Pentax k1 \/ Nodal Ninja 3 MkII<\/em><\/p>\n<\/div>\n<\/div>\n\n\n\n<h5 class=\"wp-block-heading\"><strong>Nikko<\/strong><\/h5>\n\n\n\n<div class=\"wp-block-columns has-2-columns is-layout-flex wp-container-core-columns-is-layout-9d6595d7 wp-block-columns-is-layout-flex\">\n<div class=\"wp-block-column is-layout-flow wp-block-column-is-layout-flow\">\n<div class=\"wp-block-advgb-image advgb-image-block full-width\" style=\"background-image:url(http:\/\/panochrome.fr\/fr\/wp-content\/uploads\/2019\/06\/nikko-temple-1.jpg);height:250px;width:500px;justify-content:flex-end;align-items:flex-start\" data-image=\"http:\/\/panochrome.fr\/fr\/wp-content\/uploads\/2019\/06\/nikko-temple-1.jpg\"><a class=\"advgb-image-overlay\" style=\"background-color:#eeeeee\" target=\"_blank\" rel=\"noopener noreferrer\" href=\"https:\/\/www.panochrome.fr\/panoramas\/monde\/japon\/nikko\/nikko-temple\/nikko-temple-1.html\"><\/a><\/div>\n\n\n\n<p><br><\/p>\n<\/div>\n\n\n\n<div class=\"wp-block-column is-layout-flow wp-block-column-is-layout-flow\">\n<h5 class=\"wp-block-heading\"><span style=\"text-decoration: underline;\"><strong><a href=\"https:\/\/www.panochrome.fr\/panoramas\/monde\/japon\/nikko\/nikko-temple\/nikko-temple-1.html\" target=\"_blank\" rel=\"noreferrer noopener\" aria-label=\" (s\u2019ouvre dans un nouvel onglet)\">Nikko &#8211; Taiy\u016b-in<\/a><\/strong><\/span><\/h5>\n\n\n\n<p>Int\u00e9rieur du temple de Taiyu-in, \u00e0 Nikko. Tr\u00e8s peu de touristes sur ce superbe site, ces derniers se limitant \u00e0 Tosho-gu.<br><br><br><br><br><br><\/p>\n\n\n\n<p><em>Mat\u00e9riel: Pentax k1 \/ Nodal Ninja 3 MkII<\/em><\/p>\n<\/div>\n<\/div>\n\n\n\n<div class=\"wp-block-columns has-2-columns is-layout-flex wp-container-core-columns-is-layout-9d6595d7 wp-block-columns-is-layout-flex\">\n<div class=\"wp-block-column is-layout-flow wp-block-column-is-layout-flow\">\n<div class=\"wp-block-advgb-image advgb-image-block full-width\" style=\"background-image:url(http:\/\/panochrome.fr\/fr\/wp-content\/uploads\/2019\/06\/nikko-temple-2.jpg);height:250px;width:500px;justify-content:flex-end;align-items:flex-start\" data-image=\"http:\/\/panochrome.fr\/fr\/wp-content\/uploads\/2019\/06\/nikko-temple-2.jpg\"><a class=\"advgb-image-overlay\" style=\"background-color:#eeeeee\" target=\"_blank\" rel=\"noopener noreferrer\" href=\"https:\/\/www.panochrome.fr\/panoramas\/monde\/japon\/nikko\/nikko-temple-2\/nikko-temple-2.html\"><\/a><\/div>\n\n\n\n<p><br><\/p>\n<\/div>\n\n\n\n<div class=\"wp-block-column is-layout-flow wp-block-column-is-layout-flow\">\n<h5 class=\"wp-block-heading\"><span style=\"text-decoration: underline;\"><strong><a href=\"https:\/\/www.panochrome.fr\/panoramas\/monde\/japon\/nikko\/nikko-temple-2\/nikko-temple-2.html\" target=\"_blank\" rel=\"noreferrer noopener\" aria-label=\" (s\u2019ouvre dans un nouvel onglet)\">Temple T\u014dsh\u014d-g\u016b\u00a0&#8211; Vue 1\u00a0<\/a><\/strong><\/span><\/h5>\n\n\n\n<p>Temple tr\u00e8s impressionnant par son architecture et sa superficie. Malheureusement, le tr\u00e8s grand nombre de touristes complique un peu la visite.<br><br><br><br><br><\/p>\n\n\n\n<p><em>Mat\u00e9riel: Pentax k1 \/ Nodal Ninja 3 MkII<\/em><\/p>\n<\/div>\n<\/div>\n\n\n\n<div class=\"wp-block-columns has-2-columns is-layout-flex wp-container-core-columns-is-layout-9d6595d7 wp-block-columns-is-layout-flex\">\n<div class=\"wp-block-column is-layout-flow wp-block-column-is-layout-flow\">\n<div class=\"wp-block-advgb-image advgb-image-block full-width\" style=\"background-image:url(http:\/\/panochrome.fr\/fr\/wp-content\/uploads\/2019\/06\/nikko-temple-3.jpg);height:250px;width:500px;justify-content:flex-end;align-items:flex-start\" data-image=\"http:\/\/panochrome.fr\/fr\/wp-content\/uploads\/2019\/06\/nikko-temple-3.jpg\"><a class=\"advgb-image-overlay\" style=\"background-color:#eeeeee\" target=\"_blank\" rel=\"noopener noreferrer\" href=\"https:\/\/www.panochrome.fr\/panoramas\/monde\/japon\/nikko\/nikko-temple-3\/nikko-temple-3.html\"><\/a><\/div>\n\n\n\n<p><br><\/p>\n<\/div>\n\n\n\n<div class=\"wp-block-column is-layout-flow wp-block-column-is-layout-flow\">\n<h5 class=\"wp-block-heading\"><strong><span style=\"text-decoration: underline;\"><a href=\"https:\/\/www.panochrome.fr\/panoramas\/monde\/japon\/nikko\/nikko-temple-3\/nikko-temple-3.html\" target=\"_blank\" rel=\"noreferrer noopener\" aria-label=\" (s\u2019ouvre dans un nouvel onglet)\">Temple T\u014dsh\u014d-g\u016b\u00a0&#8211; Vue 2\u00a0<\/a><\/span><\/strong><\/h5>\n\n\n\n<p>Vue de la premi\u00e8re cour en fin de journ\u00e9e, peu avant la fermeture.<br><br><br><br><br><br><br><\/p>\n\n\n\n<p><em>Mat\u00e9riel: Pentax k1 \/ Nodal Ninja 3 MkII<\/em><\/p>\n<\/div>\n<\/div>\n\n\n\n<h5 class=\"wp-block-heading\"><strong>Kamakura<\/strong><\/h5>\n\n\n\n<div class=\"wp-block-columns has-2-columns is-layout-flex wp-container-core-columns-is-layout-9d6595d7 wp-block-columns-is-layout-flex\">\n<div class=\"wp-block-column is-layout-flow wp-block-column-is-layout-flow\">\n<div class=\"wp-block-advgb-image advgb-image-block full-width\" style=\"background-image:url(http:\/\/panochrome.fr\/fr\/wp-content\/uploads\/2019\/06\/kamakura-temple-1.jpg);height:250px;width:500px;justify-content:flex-end;align-items:flex-start\" data-image=\"http:\/\/panochrome.fr\/fr\/wp-content\/uploads\/2019\/06\/kamakura-temple-1.jpg\"><a class=\"advgb-image-overlay\" style=\"background-color:#eeeeee\" target=\"_blank\" rel=\"noopener noreferrer\" href=\"https:\/\/www.panochrome.fr\/panoramas\/monde\/japon\/kamakura\/zeniarai-benten\/temple-prosperite.html\"><\/a><\/div>\n\n\n\n<p><br><\/p>\n<\/div>\n\n\n\n<div class=\"wp-block-column is-layout-flow wp-block-column-is-layout-flow\">\n<h5 class=\"wp-block-heading\"><strong><span style=\"text-decoration: underline;\"><a href=\"https:\/\/www.panochrome.fr\/panoramas\/monde\/japon\/kamakura\/zeniarai-benten\/temple-prosperite.html\" target=\"_blank\" rel=\"noreferrer noopener\" aria-label=\" (s\u2019ouvre dans un nouvel onglet)\">Zeniari Benten<\/a><\/span><\/strong><\/h5>\n\n\n\n<p>Temple d\u00e9di\u00e9 \u00e0 la prosp\u00e9rit\u00e9. Son entr\u00e9e se fait par une caverne taill\u00e9e dans la montagne.<br><br><br><br><br><br><\/p>\n\n\n\n<p><em>Mat\u00e9riel: Pentax k1 \/ Nodal Ninja 3 MkII<\/em><\/p>\n<\/div>\n<\/div>\n\n\n\n<div class=\"wp-block-columns has-2-columns is-layout-flex wp-container-core-columns-is-layout-9d6595d7 wp-block-columns-is-layout-flex\">\n<div class=\"wp-block-column is-layout-flow wp-block-column-is-layout-flow\">\n<div class=\"wp-block-advgb-image advgb-image-block full-width\" style=\"background-image:url(http:\/\/panochrome.fr\/fr\/wp-content\/uploads\/2019\/06\/kamakura-temple-2.jpg);height:250px;width:500px;justify-content:flex-end;align-items:flex-start\" data-image=\"http:\/\/panochrome.fr\/fr\/wp-content\/uploads\/2019\/06\/kamakura-temple-2.jpg\"><a class=\"advgb-image-overlay\" style=\"background-color:#eeeeee\" target=\"_blank\" rel=\"noopener noreferrer\" href=\"https:\/\/www.panochrome.fr\/panoramas\/monde\/japon\/kamakura\/sasuke-inari\/temple-renard.html\"><\/a><\/div>\n\n\n\n<p><br><\/p>\n<\/div>\n\n\n\n<div class=\"wp-block-column is-layout-flow wp-block-column-is-layout-flow\">\n<h5 class=\"wp-block-heading\"><strong><span style=\"text-decoration: underline;\"><a href=\"https:\/\/www.panochrome.fr\/panoramas\/monde\/japon\/kamakura\/sasuke-inari\/temple-renard.html\" target=\"_blank\" rel=\"noreferrer noopener\" aria-label=\" (s\u2019ouvre dans un nouvel onglet)\">Sasuke Inari<\/a><\/span><\/strong><\/h5>\n\n\n\n<p>Petit temple d\u00e9di\u00e9 au dieu renard, sur une coline de kamajura. Ambiance calme et de tr\u00e8s nombreuses statues du dieu renard Kitsune.<br><br><br><br><br><\/p>\n\n\n\n<p><em>Mat\u00e9riel: Pentax k1 \/ Nodal Ninja 3 MkII<\/em><\/p>\n<\/div>\n<\/div>\n\n\n\n<h5 class=\"wp-block-heading\"><strong>Kyoto<\/strong><\/h5>\n\n\n\n<div class=\"wp-block-columns has-2-columns is-layout-flex wp-container-core-columns-is-layout-9d6595d7 wp-block-columns-is-layout-flex\">\n<div class=\"wp-block-column is-layout-flow wp-block-column-is-layout-flow\">\n<div class=\"wp-block-advgb-image advgb-image-block full-width\" style=\"background-image:url(http:\/\/panochrome.fr\/fr\/wp-content\/uploads\/2019\/06\/kyoto-temple-porte-red.jpg);height:250px;width:500px;justify-content:flex-end;align-items:flex-start\" data-image=\"http:\/\/panochrome.fr\/fr\/wp-content\/uploads\/2019\/06\/kyoto-temple-porte-red.jpg\"><a class=\"advgb-image-overlay\" style=\"background-color:#eeeeee\" target=\"_blank\" rel=\"noopener noreferrer\" href=\"https:\/\/www.panochrome.fr\/panoramas\/monde\/japon\/kyoto\/fushimi-inari-tisha\/temple-tori.html\"><\/a><\/div>\n\n\n\n<p><br><\/p>\n<\/div>\n\n\n\n<div class=\"wp-block-column is-layout-flow wp-block-column-is-layout-flow\">\n<h5 class=\"wp-block-heading\"><strong><span style=\"text-decoration: underline;\"><a rel=\"noreferrer noopener\" aria-label=\"Fushimi Inari Tisha (s\u2019ouvre dans un nouvel onglet)\" href=\"http:\/\/www.panochrome.fr\/panoramas\/monde\/japon\/kyoto\/fushimi-inari-tisha\/temple-tori.html\" target=\"_blank\">Fushi<\/a><a href=\"https:\/\/www.panochrome.fr\/panoramas\/monde\/japon\/kyoto\/fushimi-inari-tisha\/temple-tori.html\" target=\"_blank\" rel=\"noreferrer noopener\" aria-label=\"m (s\u2019ouvre dans un nouvel onglet)\">m<\/a><a rel=\"noreferrer noopener\" aria-label=\"Fushimi Inari Tisha (s\u2019ouvre dans un nouvel onglet)\" href=\"http:\/\/www.panochrome.fr\/panoramas\/monde\/japon\/kyoto\/fushimi-inari-tisha\/temple-tori.html\" target=\"_blank\">i Inari Tisha<\/a><\/span><\/strong><\/h5>\n\n\n\n<p>C\u00e9l\u00e8bre temple de Kyoto avec ses tr\u00e8s nombreuses Tori. Il est possible de marcher plusieurs heures sous ces portes.<br>Il ne faut pas h\u00e9siter \u00e0 monter tout en heut de la montagne pour voir les nombreux autels dispers\u00e9s, et profiter d\u2019un panorama de Kyoto.<br><br><br><\/p>\n\n\n\n<p><em>Mat\u00e9riel: Pentax k1 \/ Nodal Ninja 3 MkII<\/em><\/p>\n<\/div>\n<\/div>\n\n\n\n<h5 class=\"wp-block-heading\"><strong>Hakone<\/strong><\/h5>\n\n\n\n<div class=\"wp-block-columns has-2-columns is-layout-flex wp-container-core-columns-is-layout-9d6595d7 wp-block-columns-is-layout-flex\">\n<div class=\"wp-block-column is-layout-flow wp-block-column-is-layout-flow\">\n<div class=\"wp-block-advgb-image advgb-image-block full-width\" style=\"background-image:url(http:\/\/panochrome.fr\/fr\/wp-content\/uploads\/2019\/06\/hakone-tokaido.jpg);height:250px;width:500px;justify-content:flex-end;align-items:flex-start\" data-image=\"http:\/\/panochrome.fr\/fr\/wp-content\/uploads\/2019\/06\/hakone-tokaido.jpg\"><a class=\"advgb-image-overlay\" style=\"background-color:#eeeeee\" target=\"_blank\" rel=\"noopener noreferrer\" href=\"https:\/\/www.panochrome.fr\/panoramas\/monde\/japon\/hakone\/route-tokkaido\/hakone-tokaido.html\"><\/a><\/div>\n\n\n\n<p><br><\/p>\n<\/div>\n\n\n\n<div class=\"wp-block-column is-layout-flow wp-block-column-is-layout-flow\">\n<h5 class=\"wp-block-heading\"><strong><span style=\"text-decoration: underline;\"><a href=\"https:\/\/www.panochrome.fr\/panoramas\/monde\/japon\/hakone\/route-tokkaido\/hakone-tokaido.html\" target=\"_blank\" rel=\"noreferrer noopener\" aria-label=\" (s\u2019ouvre dans un nouvel onglet)\">Route du Tokaido<\/a><\/span><\/strong><\/h5>\n\n\n\n<p>Une des rare parties conserv\u00e9e de la route commerciale du Tokkaido, qui reliait Tokyo et Kyoto.<br><br><br><br><br><br><\/p>\n\n\n\n<p><em>Mat\u00e9riel: Pentax k1 \/ Nodal Ninja 3 MkII<\/em><\/p>\n<\/div>\n<\/div>\n\n\n\n<h5 class=\"wp-block-heading\"><strong>Takayama<\/strong><\/h5>\n\n\n\n<div class=\"wp-block-columns has-2-columns is-layout-flex wp-container-core-columns-is-layout-9d6595d7 wp-block-columns-is-layout-flex\">\n<div class=\"wp-block-column is-layout-flow wp-block-column-is-layout-flow\">\n<div class=\"wp-block-advgb-image advgb-image-block full-width\" style=\"background-image:url(http:\/\/panochrome.fr\/fr\/wp-content\/uploads\/2019\/06\/takayama-ryokan.jpg);height:250px;width:500px;justify-content:flex-end;align-items:flex-start\" data-image=\"http:\/\/panochrome.fr\/fr\/wp-content\/uploads\/2019\/06\/takayama-ryokan.jpg\"><a class=\"advgb-image-overlay\" style=\"background-color:#eeeeee\" target=\"_blank\" rel=\"noopener noreferrer\" href=\"https:\/\/www.panochrome.fr\/panoramas\/monde\/japon\/takayama\/ryokan\/takayama-ryokan.html\"><\/a><\/div>\n\n\n\n<p><br><\/p>\n<\/div>\n\n\n\n<div class=\"wp-block-column is-layout-flow wp-block-column-is-layout-flow\">\n<h5 class=\"wp-block-heading\"><strong><span style=\"text-decoration: underline;\"><a href=\"https:\/\/www.panochrome.fr\/panoramas\/monde\/japon\/takayama\/ryokan\/takayama-ryokan.html\" target=\"_blank\" rel=\"noreferrer noopener\" aria-label=\" (s\u2019ouvre dans un nouvel onglet)\">Chambre d\u2019un Ryokan<\/a><\/span><\/strong><\/h5>\n\n\n\n<p>Chambre dans une auberge traditionnelle, appel\u00e9e au Japon Ryokan.<br><br><br><br><br><br><br><\/p>\n\n\n\n<p><em>Mat\u00e9riel: Pentax k1 \/ Nodal Ninja 3 MkII<\/em><\/p>\n<\/div>\n<\/div>\n\n\n\n<h5 class=\"wp-block-heading\"><strong>Hiroshima<\/strong><\/h5>\n\n\n\n<div class=\"wp-block-columns has-2-columns is-layout-flex wp-container-core-columns-is-layout-9d6595d7 wp-block-columns-is-layout-flex\">\n<div class=\"wp-block-column is-layout-flow wp-block-column-is-layout-flow\">\n<div class=\"wp-block-advgb-image advgb-image-block full-width\" style=\"background-image:url(http:\/\/panochrome.fr\/fr\/wp-content\/uploads\/2019\/06\/hiroshima-memorial.jpg);height:250px;width:500px;justify-content:flex-end;align-items:flex-start\" data-image=\"http:\/\/panochrome.fr\/fr\/wp-content\/uploads\/2019\/06\/hiroshima-memorial.jpg\"><a class=\"advgb-image-overlay\" style=\"background-color:#eeeeee\" target=\"_blank\" rel=\"noopener noreferrer\" href=\"https:\/\/www.panochrome.fr\/panoramas\/monde\/japon\/hiroshima\/a-bomb-memorial\/hiroshima-memorial.html\"><\/a><\/div>\n\n\n\n<p><br><\/p>\n<\/div>\n\n\n\n<div class=\"wp-block-column is-layout-flow wp-block-column-is-layout-flow\">\n<h5 class=\"wp-block-heading\"><strong><span style=\"text-decoration: underline;\"><a href=\"https:\/\/www.panochrome.fr\/panoramas\/monde\/japon\/hiroshima\/a-bomb-memorial\/hiroshima-memorial.html\" target=\"_blank\" rel=\"noreferrer noopener\" aria-label=\" (s\u2019ouvre dans un nouvel onglet)\">Hiroshima &#8211; Parc du m\u00e9morial de la paix<\/a><\/span><\/strong><\/h5>\n\n\n\n<p>Image montrant les monuments du m\u00e9morial d\u2019Hirshima: le A-Bomb dome, la cloche de la Paix, le C\u00e9notaphe et le mus\u00e9e du m\u00e9morial.<br><br><br><br><br><br><\/p>\n\n\n\n<p><em>Mat\u00e9riel: Pentax k1 \/ Nodal Ninja 3 MkII<\/em><\/p>\n<\/div>\n<\/div>\n","protected":false},"excerpt":{"rendered":"<p>Tokyo Temple Asakusa Superbe temple en plein c\u0153ur de Tokyo. Mat\u00e9riel: Pentax k1 \/ Nodal Ninja 3 MkII Temple Segaku-Ji &#8211; Vue 1 Temple des 47 Ronins. Tr\u00e8s peu de touriste, mais ce temple \u00e0 une ambiance particuli\u00e8re. Mat\u00e9riel: Pentax k1 \/ Nodal Ninja 3 MkII Temple Segaku-Ji &#8211; Vue 2 Vue de la porte [&hellip;]<\/p>\n","protected":false},"author":1,"featured_media":0,"parent":341,"menu_order":3,"comment_status":"closed","ping_status":"closed","template":"","meta":{"_uag_custom_page_level_css":"","advgb_blocks_editor_width":"","advgb_blocks_columns_visual_guide":"","footnotes":""},"class_list":["post-436","page","type-page","status-publish","hentry"],"uagb_featured_image_src":{"full":false,"thumbnail":false,"medium":false,"medium_large":false,"large":false,"1536x1536":false,"2048x2048":false},"uagb_author_info":{"display_name":"Etienne","author_link":"https:\/\/panochrome.fr\/fr\/author\/edgeat51-wp\/"},"uagb_comment_info":0,"uagb_excerpt":"Tokyo Temple Asakusa Superbe temple en plein c\u0153ur de Tokyo. Mat\u00e9riel: Pentax k1 \/ Nodal Ninja 3 MkII Temple Segaku-Ji &#8211; Vue 1 Temple des 47 Ronins. Tr\u00e8s peu de touriste, mais ce temple \u00e0 une ambiance particuli\u00e8re. Mat\u00e9riel: Pentax k1 \/ Nodal Ninja 3 MkII Temple Segaku-Ji &#8211; Vue 2 Vue de la porte\u2026","coauthors":[],"author_meta":{"author_link":"https:\/\/panochrome.fr\/fr\/author\/edgeat51-wp\/","display_name":"Etienne"},"relative_dates":{"created":"Publi\u00e9 7 ans il y a","modified":"Mis \u00e0 jour 7 ans il y a"},"absolute_dates":{"created":"Publi\u00e9 le 30 juin 2019","modified":"Mise \u00e0 jour le 18 ao\u00fbt 2019"},"absolute_dates_time":{"created":"Publi\u00e9 le 30 juin 2019 19 h 24 min","modified":"Mise \u00e0 jour le 18 ao\u00fbt 2019 19 h 28 min"},"featured_img_caption":"","featured_img":false,"series_order":"","_links":{"self":[{"href":"https:\/\/panochrome.fr\/fr\/wp-json\/wp\/v2\/pages\/436","targetHints":{"allow":["GET"]}}],"collection":[{"href":"https:\/\/panochrome.fr\/fr\/wp-json\/wp\/v2\/pages"}],"about":[{"href":"https:\/\/panochrome.fr\/fr\/wp-json\/wp\/v2\/types\/page"}],"author":[{"embeddable":true,"href":"https:\/\/panochrome.fr\/fr\/wp-json\/wp\/v2\/users\/1"}],"replies":[{"embeddable":true,"href":"https:\/\/panochrome.fr\/fr\/wp-json\/wp\/v2\/comments?post=436"}],"version-history":[{"count":39,"href":"https:\/\/panochrome.fr\/fr\/wp-json\/wp\/v2\/pages\/436\/revisions"}],"predecessor-version":[{"id":1511,"href":"https:\/\/panochrome.fr\/fr\/wp-json\/wp\/v2\/pages\/436\/revisions\/1511"}],"up":[{"embeddable":true,"href":"https:\/\/panochrome.fr\/fr\/wp-json\/wp\/v2\/pages\/341"}],"wp:attachment":[{"href":"https:\/\/panochrome.fr\/fr\/wp-json\/wp\/v2\/media?parent=436"}],"curies":[{"name":"wp","href":"https:\/\/api.w.org\/{rel}","templated":true}]}}