{"id":422,"date":"2019-06-30T16:00:55","date_gmt":"2019-06-30T14:00:55","guid":{"rendered":"http:\/\/panochrome.fr\/fr\/?page_id=422"},"modified":"2019-07-20T19:30:03","modified_gmt":"2019-07-20T17:30:03","slug":"divers-2","status":"publish","type":"page","link":"https:\/\/panochrome.fr\/fr\/panoramas\/divers-2\/","title":{"rendered":"Divers"},"content":{"rendered":"\n<div class=\"wp-block-columns has-2-columns is-layout-flex wp-container-core-columns-is-layout-9d6595d7 wp-block-columns-is-layout-flex\">\n<div class=\"wp-block-column is-layout-flow wp-block-column-is-layout-flow\">\n<div class=\"wp-block-advgb-image advgb-image-block\" style=\"background-image:url(http:\/\/panochrome.fr\/fr\/wp-content\/uploads\/2019\/07\/divers-maison-cerisier_fleur-1.jpg);height:300px;width:300px;justify-content:center;align-items:center\" data-image=\"http:\/\/panochrome.fr\/fr\/wp-content\/uploads\/2019\/07\/divers-maison-cerisier_fleur-1.jpg\"><a class=\"advgb-image-overlay\" style=\"background-color:#2196f3\" target=\"_self\" rel=\"noopener noreferrer\" href=\"http:\/\/panochrome.fr\/fr\/panoramas\/divers-2\/maison-jardin\/\"><\/a><\/div>\n\n\n\n<h5 class=\"wp-block-heading\" style=\"text-align:center\"><strong><a href=\"http:\/\/panochrome.fr\/fr\/panoramas\/divers-2\/maison-jardin\/\"><span style=\"text-decoration: underline;\">Maison &#8211; Jardin<\/span><\/a><\/strong><a href=\"http:\/\/panochrome.fr\/fr\/panoramas\/divers-2\/maison-jardin\/\"><span style=\"text-decoration: underline;\"><br><\/span><\/a><br><\/h5>\n\n\n\n<div class=\"wp-block-advgb-image advgb-image-block\" style=\"background-image:url(http:\/\/panochrome.fr\/fr\/wp-content\/uploads\/2019\/07\/jeux-video-epic_citadel-riviere.jpg);height:300px;width:300px;justify-content:center;align-items:center\" data-image=\"http:\/\/panochrome.fr\/fr\/wp-content\/uploads\/2019\/07\/jeux-video-epic_citadel-riviere.jpg\"><a class=\"advgb-image-overlay\" style=\"background-color:#2196f3\" target=\"_blank\" rel=\"noopener noreferrer\" href=\"http:\/\/panochrome.fr\/fr\/panoramas\/divers-2\/jeux-video\/\"><\/a><\/div>\n\n\n\n<h5 class=\"wp-block-heading\" style=\"text-align:center\"><strong><a href=\"http:\/\/panochrome.fr\/fr\/panoramas\/divers-2\/jeux-video\/\"><span style=\"text-decoration: underline;\">Jeux-Vid\u00e9o<\/span><\/a><\/strong><\/h5>\n<\/div>\n\n\n\n<div class=\"wp-block-column is-layout-flow wp-block-column-is-layout-flow\">\n<div class=\"wp-block-advgb-image advgb-image-block\" style=\"background-image:url(http:\/\/panochrome.fr\/fr\/wp-content\/uploads\/2019\/07\/divers-sport-roller-entrainement_briefing.jpg);height:300px;width:300px;justify-content:center;align-items:center\" data-image=\"http:\/\/panochrome.fr\/fr\/wp-content\/uploads\/2019\/07\/divers-sport-roller-entrainement_briefing.jpg\"><a class=\"advgb-image-overlay\" style=\"background-color:#2196f3\" target=\"_self\" rel=\"noopener noreferrer\" href=\"http:\/\/panochrome.fr\/fr\/panoramas\/divers-2\/sport\/\"><\/a><\/div>\n\n\n\n<h5 class=\"wp-block-heading\" style=\"text-align:center\"><strong><a href=\"http:\/\/panochrome.fr\/fr\/panoramas\/divers-2\/sport\/\"><span style=\"text-decoration: underline;\">Sport<\/span><\/a><\/strong><a href=\"http:\/\/panochrome.fr\/fr\/panoramas\/divers-2\/sport\/\"><br><\/a><br><\/h5>\n\n\n\n<div class=\"wp-block-advgb-image advgb-image-block\" style=\"background-image:url(http:\/\/panochrome.fr\/fr\/wp-content\/uploads\/2019\/07\/divers-inclassable-insolite.jpg);height:300px;width:300px;justify-content:center;align-items:center\" data-image=\"http:\/\/panochrome.fr\/fr\/wp-content\/uploads\/2019\/07\/divers-inclassable-insolite.jpg\"><a class=\"advgb-image-overlay\" style=\"background-color:#2196f3\" target=\"_self\" rel=\"noopener noreferrer\" href=\"http:\/\/panochrome.fr\/fr\/panoramas\/divers-2\/inclassable\/\"><\/a><\/div>\n\n\n\n<h5 class=\"wp-block-heading\" style=\"text-align:center\"><strong><a href=\"http:\/\/panochrome.fr\/fr\/panoramas\/divers-2\/inclassable\/\"><span style=\"text-decoration: underline;\">Inclassable<\/span><\/a><\/strong><\/h5>\n\n\n\n<p><\/p>\n<\/div>\n<\/div>\n","protected":false},"excerpt":{"rendered":"<p>Maison &#8211; Jardin Jeux-Vid\u00e9o Sport Inclassable<\/p>\n","protected":false},"author":1,"featured_media":0,"parent":276,"menu_order":2,"comment_status":"closed","ping_status":"closed","template":"","meta":{"_uag_custom_page_level_css":"","advgb_blocks_editor_width":"","advgb_blocks_columns_visual_guide":"","footnotes":""},"class_list":["post-422","page","type-page","status-publish","hentry"],"uagb_featured_image_src":{"full":false,"thumbnail":false,"medium":false,"medium_large":false,"large":false,"1536x1536":false,"2048x2048":false},"uagb_author_info":{"display_name":"Etienne","author_link":"https:\/\/panochrome.fr\/fr\/author\/edgeat51-wp\/"},"uagb_comment_info":0,"uagb_excerpt":"Maison &#8211; Jardin Jeux-Vid\u00e9o Sport Inclassable","coauthors":[],"author_meta":{"author_link":"https:\/\/panochrome.fr\/fr\/author\/edgeat51-wp\/","display_name":"Etienne"},"relative_dates":{"created":"Publi\u00e9 7 ans il y a","modified":"Mis \u00e0 jour 7 ans il y a"},"absolute_dates":{"created":"Publi\u00e9 le 30 juin 2019","modified":"Mise \u00e0 jour le 20 juillet 2019"},"absolute_dates_time":{"created":"Publi\u00e9 le 30 juin 2019 16 h 00 min","modified":"Mise \u00e0 jour le 20 juillet 2019 19 h 30 min"},"featured_img_caption":"","featured_img":false,"series_order":"","_links":{"self":[{"href":"https:\/\/panochrome.fr\/fr\/wp-json\/wp\/v2\/pages\/422","targetHints":{"allow":["GET"]}}],"collection":[{"href":"https:\/\/panochrome.fr\/fr\/wp-json\/wp\/v2\/pages"}],"about":[{"href":"https:\/\/panochrome.fr\/fr\/wp-json\/wp\/v2\/types\/page"}],"author":[{"embeddable":true,"href":"https:\/\/panochrome.fr\/fr\/wp-json\/wp\/v2\/users\/1"}],"replies":[{"embeddable":true,"href":"https:\/\/panochrome.fr\/fr\/wp-json\/wp\/v2\/comments?post=422"}],"version-history":[{"count":5,"href":"https:\/\/panochrome.fr\/fr\/wp-json\/wp\/v2\/pages\/422\/revisions"}],"predecessor-version":[{"id":884,"href":"https:\/\/panochrome.fr\/fr\/wp-json\/wp\/v2\/pages\/422\/revisions\/884"}],"up":[{"embeddable":true,"href":"https:\/\/panochrome.fr\/fr\/wp-json\/wp\/v2\/pages\/276"}],"wp:attachment":[{"href":"https:\/\/panochrome.fr\/fr\/wp-json\/wp\/v2\/media?parent=422"}],"curies":[{"name":"wp","href":"https:\/\/api.w.org\/{rel}","templated":true}]}}