{"id":40,"date":"2019-06-09T16:05:39","date_gmt":"2019-06-09T14:05:39","guid":{"rendered":"http:\/\/panochrome.fr\/fr\/?page_id=40"},"modified":"2019-08-03T14:51:30","modified_gmt":"2019-08-03T12:51:30","slug":"materiel-photo","status":"publish","type":"page","link":"https:\/\/panochrome.fr\/fr\/materiel-photo\/","title":{"rendered":"EQUIPEMENT"},"content":{"rendered":"\n<h2 class=\"wp-block-heading\" style=\"text-align:center\"><strong><span style=\"text-decoration: underline;\">Mat\u00e9riel photo<\/span><\/strong><\/h2>\n\n\n\n<h3 class=\"wp-block-heading\">Pentax K1<\/h3>\n\n\n\n<div class=\"wp-block-media-text alignwide\" style=\"grid-template-columns:38% auto\"><figure class=\"wp-block-media-text__media\"><img loading=\"lazy\" decoding=\"async\" width=\"1024\" height=\"802\" src=\"http:\/\/panochrome.fr\/fr\/wp-content\/uploads\/2019\/06\/pentax-k1-1024x802.png\" alt=\"\" class=\"wp-image-128\" srcset=\"https:\/\/panochrome.fr\/fr\/wp-content\/uploads\/2019\/06\/pentax-k1.png 1024w, https:\/\/panochrome.fr\/fr\/wp-content\/uploads\/2019\/06\/pentax-k1-300x235.png 300w, https:\/\/panochrome.fr\/fr\/wp-content\/uploads\/2019\/06\/pentax-k1-768x602.png 768w\" sizes=\"auto, (max-width: 1024px) 100vw, 1024px\" \/><\/figure><div class=\"wp-block-media-text__content\">\n<p><span style=\"text-decoration: underline;\">Type :<br><\/span> Appareil photo re\ufb02ex num\u00e9rique plein format, autofocus \u00e0 objectifs interchangeables. Ch\u00e2ssis en m\u00e9tal et bo\u00eetier renforc\u00e9.<br> Capteur :<br> Capteur CMOS adapt\u00e9 \u00e0 la vid\u00e9o<br>    &#8211; 36,40 M\u00e9gapixels<br> &nbsp; &#8211; 24 x 36,9 mm<br>   &#8211;  14 bits en RAW<br><span style=\"text-decoration: underline;\"> Exposition :<br><\/span>   &#8211; -3 \u00e0 18 IL, <br>   &#8211; 100 \u00e0 204 800 ISO<br><span style=\"text-decoration: underline;\"> Vitesse d\u2019obturation :<br><\/span>   &#8211; 1\/8000e sec \u00e0 30 sec et pose B<br><span style=\"text-decoration: underline;\"> Dimensions et poids :<br><\/span> 136,5 x 110 x 85,5 mm&nbsp;<br> 925g nu<\/p>\n<\/div><\/div>\n\n\n\n<h3 class=\"wp-block-heading\"><br>Pentax fisheye 10-17mm f\/3.4-4.5<\/h3>\n\n\n\n<div class=\"wp-block-media-text alignwide has-media-on-the-right\" style=\"grid-template-columns:auto 16%\"><figure class=\"wp-block-media-text__media\"><img loading=\"lazy\" decoding=\"async\" width=\"194\" height=\"275\" src=\"http:\/\/panochrome.fr\/fr\/wp-content\/uploads\/2019\/06\/Pentax-10-17mm.png\" alt=\"\" class=\"wp-image-129\"\/><\/figure><div class=\"wp-block-media-text__content\">\n<p>Plage focale: 10 \u00e0 17 mm<br>Ouverture max: f\/3.5-4.5<br>Ouverture min: f\/22-29<br>Angles de champ: 100\u00b0 \u00e0 180\u00b0 (APS-C)<br>Mise au point mini: 14 cm<br>Dimensions: 70 x 71.1 mm<br>Poids: 350g<\/p>\n\n\n\n<p><em><span style=\"text-decoration: underline;\">Note:<\/span> utilisation de 2008 \u00e0 2019<\/em><\/p>\n<\/div><\/div>\n\n\n\n<h3 class=\"wp-block-heading\"><br>Samyang fisheye 12mm f\/2.8<\/h3>\n\n\n\n<div class=\"wp-block-media-text alignwide\" style=\"grid-template-columns:16% auto\"><figure class=\"wp-block-media-text__media\"><img loading=\"lazy\" decoding=\"async\" width=\"651\" height=\"660\" src=\"http:\/\/panochrome.fr\/fr\/wp-content\/uploads\/2019\/08\/materiel-samyang-12mm-f28-ed-as-ncs.png\" alt=\"\" class=\"wp-image-1061\" srcset=\"https:\/\/panochrome.fr\/fr\/wp-content\/uploads\/2019\/08\/materiel-samyang-12mm-f28-ed-as-ncs.png 651w, https:\/\/panochrome.fr\/fr\/wp-content\/uploads\/2019\/08\/materiel-samyang-12mm-f28-ed-as-ncs-296x300.png 296w\" sizes=\"auto, (max-width: 651px) 100vw, 651px\" \/><\/figure><div class=\"wp-block-media-text__content\">\n<p style=\"text-align:right\">Focale: 12 mm<br>Ouverture max: f\/2.8<br>Ouverture min: f\/22<br>Angles de champ: 180\u00b0 (FF)<br>Mise au point mini: 20 cm<br>Dimensions: 70.2 x 77.3 mm<br>Poids: 500g<\/p>\n\n\n\n<p style=\"text-align:right\"><em><span style=\"text-decoration: underline;\">Note<\/span>: utilisation \u00e0 partir de l&rsquo;\u00e9t\u00e9 2019<\/em><\/p>\n<\/div><\/div>\n\n\n\n<h2 class=\"wp-block-heading\" style=\"text-align:center\"><br><strong><span style=\"text-decoration: underline;\">T\u00eate panoramique et tr\u00e9pieds<\/span><\/strong><\/h2>\n\n\n\n<h3 class=\"wp-block-heading\"><br>Nodal Ninja MKII + RD16<\/h3>\n\n\n\n<div class=\"wp-block-media-text alignwide\" style=\"grid-template-columns:23% auto\"><figure class=\"wp-block-media-text__media\"><img loading=\"lazy\" decoding=\"async\" width=\"800\" height=\"800\" src=\"http:\/\/panochrome.fr\/fr\/wp-content\/uploads\/2019\/06\/nodal-ninja-mk2.png\" alt=\"\" class=\"wp-image-130\" srcset=\"https:\/\/panochrome.fr\/fr\/wp-content\/uploads\/2019\/06\/nodal-ninja-mk2.png 800w, https:\/\/panochrome.fr\/fr\/wp-content\/uploads\/2019\/06\/nodal-ninja-mk2-150x150.png 150w, https:\/\/panochrome.fr\/fr\/wp-content\/uploads\/2019\/06\/nodal-ninja-mk2-300x300.png 300w, https:\/\/panochrome.fr\/fr\/wp-content\/uploads\/2019\/06\/nodal-ninja-mk2-768x768.png 768w\" sizes=\"auto, (max-width: 800px) 100vw, 800px\" \/><\/figure><div class=\"wp-block-media-text__content\">\n<p>Les t\u00eates panoramiques Nodal Ninja font parties des meilleurs du march\u00e9. Elles sont rigides et poss\u00e8dent un positionneurs r\u00e9glable qui permet de d\u00e9finir l\u2019angle entre chaque photo.<br>Cette t\u00eate est plus cher que la Panosaurus, mais pr\u00e9sente l\u2019avantage d\u2019\u00eatre beaucoup moins encombrante.<\/p>\n<\/div><\/div>\n\n\n\n<h3 class=\"wp-block-heading\"><br>Benro C-058 M8 Carbon<\/h3>\n\n\n\n<div class=\"wp-block-media-text alignwide has-media-on-the-right\" style=\"grid-template-columns:auto 21%\"><figure class=\"wp-block-media-text__media\"><img loading=\"lazy\" decoding=\"async\" width=\"778\" height=\"1024\" src=\"http:\/\/panochrome.fr\/fr\/wp-content\/uploads\/2019\/06\/benro-c-058-carbon-778x1024.png\" alt=\"\" class=\"wp-image-132\" srcset=\"https:\/\/panochrome.fr\/fr\/wp-content\/uploads\/2019\/06\/benro-c-058-carbon-778x1024.png 778w, https:\/\/panochrome.fr\/fr\/wp-content\/uploads\/2019\/06\/benro-c-058-carbon-228x300.png 228w, https:\/\/panochrome.fr\/fr\/wp-content\/uploads\/2019\/06\/benro-c-058-carbon-768x1011.png 768w, https:\/\/panochrome.fr\/fr\/wp-content\/uploads\/2019\/06\/benro-c-058-carbon.png 912w\" sizes=\"auto, (max-width: 778px) 100vw, 778px\" \/><\/figure><div class=\"wp-block-media-text__content\">\n<p>Nb de sections : 3<br>Hauteur totale avec colonne : 140,0 cm<br>Hauteur minimum : 32,5 cm<br>Longueur repli\u00e9e : 45,5 cm<br>Charge totale admissible : 5,0 kg<br>Poids : 0,920 kg<\/p>\n<\/div><\/div>\n\n\n\n<h3 class=\"wp-block-heading\">Monopod Benro C29T<\/h3>\n\n\n\n<div class=\"wp-block-media-text alignwide\" style=\"grid-template-columns:19% auto\"><figure class=\"wp-block-media-text__media\"><img loading=\"lazy\" decoding=\"async\" width=\"423\" height=\"600\" src=\"http:\/\/panochrome.fr\/fr\/wp-content\/uploads\/2019\/06\/benro-c29t-1.png\" alt=\"\" class=\"wp-image-138\" srcset=\"https:\/\/panochrome.fr\/fr\/wp-content\/uploads\/2019\/06\/benro-c29t-1.png 423w, https:\/\/panochrome.fr\/fr\/wp-content\/uploads\/2019\/06\/benro-c29t-1-212x300.png 212w\" sizes=\"auto, (max-width: 423px) 100vw, 423px\" \/><\/figure><div class=\"wp-block-media-text__content\">\n<p>Nb de sections : 5<br>Hauteur d\u00e9ploy\u00e9 : 147,5 cm<br>Longueur repli\u00e9 : 43,5 cm<br>Charge totale admissible : 10 kg<br>Poids : 0,410 kg<\/p>\n<\/div><\/div>\n\n\n\n<h2 class=\"wp-block-heading\" style=\"text-align:center\"><br><strong><span style=\"text-decoration: underline;\">Logiciels<\/span><\/strong><\/h2>\n\n\n\n<h3 class=\"wp-block-heading\">PT Gui<\/h3>\n\n\n\n<div class=\"wp-block-media-text alignwide\" style=\"grid-template-columns:21% auto\"><figure class=\"wp-block-media-text__media\"><img loading=\"lazy\" decoding=\"async\" width=\"128\" height=\"128\" src=\"http:\/\/panochrome.fr\/fr\/wp-content\/uploads\/2019\/06\/ptgui-logo.png\" alt=\"\" class=\"wp-image-140\"\/><\/figure><div class=\"wp-block-media-text__content\">\n<p>PTGUI est un logiciel d&rsquo;assemblage tr\u00e8s puissant, utilisant fortement la puissance de la carte graphique pour acc\u00e9l\u00e9rer les assemblages. Il permet de travailler directement les fichiers Raw, et offre une qualit\u00e9 d\u2019assemblage bien sup\u00e9rieure \u00e0 l&rsquo;alternative gratuite Hugin.<br>De plus, la fonction \u00abViewpoint\u00bb permet d\u2019ins\u00e9rer facilement un nadir pris \u00e0 main lev\u00e9e dans le panorama mais aussi de rattraper les \u00e9ventuels probl\u00e8me de r\u00e9glage de la t\u00eate panoramique.<br>La gestion des masques directement dans le logiciel est un vrai plus.<br><\/p>\n<\/div><\/div>\n\n\n\n<p><br><\/p>\n\n\n\n<h3 class=\"wp-block-heading\"><br>DXO PhotoLab<\/h3>\n\n\n\n<div class=\"wp-block-media-text alignwide has-media-on-the-right\" style=\"grid-template-columns:auto 23%\"><figure class=\"wp-block-media-text__media\"><img loading=\"lazy\" decoding=\"async\" width=\"1024\" height=\"965\" src=\"http:\/\/panochrome.fr\/fr\/wp-content\/uploads\/2019\/06\/photolab-logo-1024x965.png\" alt=\"\" class=\"wp-image-141\" srcset=\"https:\/\/panochrome.fr\/fr\/wp-content\/uploads\/2019\/06\/photolab-logo.png 1024w, https:\/\/panochrome.fr\/fr\/wp-content\/uploads\/2019\/06\/photolab-logo-300x283.png 300w, https:\/\/panochrome.fr\/fr\/wp-content\/uploads\/2019\/06\/photolab-logo-768x724.png 768w\" sizes=\"auto, (max-width: 1024px) 100vw, 1024px\" \/><\/figure><div class=\"wp-block-media-text__content\">\n<p>DxO Optic Pro permet de d\u00e9velopper ses images RAW, et d\u2019y appliquer un grand nombre de corrections, et ce de mani\u00e8re automatique.<br>Les fonctionnalit\u00e9s de DxO sont nombreuses:<br>   &#8211; Correction automatique du vignettage,<br>   &#8211; Correction optique,<br>   &#8211; Conversion RAW,<br>   &#8211; Optimisation de l\u2019exposition et du contraste,<br>   &#8211; \u2026<\/p>\n<\/div><\/div>\n\n\n\n<h3 class=\"wp-block-heading\"><br>Photoshop CC<\/h3>\n\n\n\n<div class=\"wp-block-media-text alignwide\" style=\"grid-template-columns:23% auto\"><figure class=\"wp-block-media-text__media\"><img loading=\"lazy\" decoding=\"async\" width=\"978\" height=\"957\" src=\"http:\/\/panochrome.fr\/fr\/wp-content\/uploads\/2019\/06\/photoshopcc-logo.png\" alt=\"\" class=\"wp-image-148\" srcset=\"https:\/\/panochrome.fr\/fr\/wp-content\/uploads\/2019\/06\/photoshopcc-logo.png 978w, https:\/\/panochrome.fr\/fr\/wp-content\/uploads\/2019\/06\/photoshopcc-logo-300x294.png 300w, https:\/\/panochrome.fr\/fr\/wp-content\/uploads\/2019\/06\/photoshopcc-logo-768x752.png 768w\" sizes=\"auto, (max-width: 978px) 100vw, 978px\" \/><\/figure><div class=\"wp-block-media-text__content\">\n<p>Logiciel de retouche d\u2019image d\u00e9velopp\u00e9 par Adobe. Indispensable pour retoucher les panoramas assembl\u00e9s.<br>Les principales utilisations de Photoshop dans mon flux de production sont les suivantes:<br>   &#8211; Am\u00e9lioration de la nettet\u00e9 des panorama,<br>   &#8211; Retouche du nadir,<br>   &#8211; Correction des \u00e9ventuels probl\u00e8mes de raccord entre les image apr\u00e8s assemblage,<br>   &#8211; R\u00e9alisation de la projection \u00abLittle Planet\u00bb,<br>   &#8211; \u2026<\/p>\n<\/div><\/div>\n\n\n\n<p><\/p>\n","protected":false},"excerpt":{"rendered":"<p>Mat\u00e9riel photo Pentax K1 Type : Appareil photo re\ufb02ex num\u00e9rique plein format, autofocus \u00e0 objectifs interchangeables. Ch\u00e2ssis en m\u00e9tal et bo\u00eetier renforc\u00e9. Capteur : Capteur CMOS adapt\u00e9 \u00e0 la vid\u00e9o &#8211; 36,40 M\u00e9gapixels &nbsp; &#8211; 24 x 36,9 mm &#8211; 14 bits en RAW Exposition : &#8211; -3 \u00e0 18 IL, &#8211; 100 \u00e0 204 [&hellip;]<\/p>\n","protected":false},"author":1,"featured_media":0,"parent":0,"menu_order":2,"comment_status":"closed","ping_status":"closed","template":"fullwidth.php","meta":{"_uag_custom_page_level_css":"","advgb_blocks_editor_width":"","advgb_blocks_columns_visual_guide":"","footnotes":""},"class_list":["post-40","page","type-page","status-publish","hentry"],"uagb_featured_image_src":{"full":false,"thumbnail":false,"medium":false,"medium_large":false,"large":false,"1536x1536":false,"2048x2048":false},"uagb_author_info":{"display_name":"Etienne","author_link":"https:\/\/panochrome.fr\/fr\/author\/edgeat51-wp\/"},"uagb_comment_info":0,"uagb_excerpt":"Mat\u00e9riel photo Pentax K1 Type : Appareil photo re\ufb02ex num\u00e9rique plein format, autofocus \u00e0 objectifs interchangeables. Ch\u00e2ssis en m\u00e9tal et bo\u00eetier renforc\u00e9. Capteur : Capteur CMOS adapt\u00e9 \u00e0 la vid\u00e9o &#8211; 36,40 M\u00e9gapixels &nbsp; &#8211; 24 x 36,9 mm &#8211; 14 bits en RAW Exposition : &#8211; -3 \u00e0 18 IL, &#8211; 100 \u00e0 204\u2026","coauthors":[],"author_meta":{"author_link":"https:\/\/panochrome.fr\/fr\/author\/edgeat51-wp\/","display_name":"Etienne"},"relative_dates":{"created":"Publi\u00e9 7 ans il y a","modified":"Mis \u00e0 jour 7 ans il y a"},"absolute_dates":{"created":"Publi\u00e9 le 9 juin 2019","modified":"Mise \u00e0 jour le 3 ao\u00fbt 2019"},"absolute_dates_time":{"created":"Publi\u00e9 le 9 juin 2019 16 h 05 min","modified":"Mise \u00e0 jour le 3 ao\u00fbt 2019 14 h 51 min"},"featured_img_caption":"","featured_img":false,"series_order":"","_links":{"self":[{"href":"https:\/\/panochrome.fr\/fr\/wp-json\/wp\/v2\/pages\/40","targetHints":{"allow":["GET"]}}],"collection":[{"href":"https:\/\/panochrome.fr\/fr\/wp-json\/wp\/v2\/pages"}],"about":[{"href":"https:\/\/panochrome.fr\/fr\/wp-json\/wp\/v2\/types\/page"}],"author":[{"embeddable":true,"href":"https:\/\/panochrome.fr\/fr\/wp-json\/wp\/v2\/users\/1"}],"replies":[{"embeddable":true,"href":"https:\/\/panochrome.fr\/fr\/wp-json\/wp\/v2\/comments?post=40"}],"version-history":[{"count":36,"href":"https:\/\/panochrome.fr\/fr\/wp-json\/wp\/v2\/pages\/40\/revisions"}],"predecessor-version":[{"id":1062,"href":"https:\/\/panochrome.fr\/fr\/wp-json\/wp\/v2\/pages\/40\/revisions\/1062"}],"wp:attachment":[{"href":"https:\/\/panochrome.fr\/fr\/wp-json\/wp\/v2\/media?parent=40"}],"curies":[{"name":"wp","href":"https:\/\/api.w.org\/{rel}","templated":true}]}}