{"id":350,"date":"2019-06-25T13:23:46","date_gmt":"2019-06-25T11:23:46","guid":{"rendered":"http:\/\/panochrome.fr\/fr\/?page_id=350"},"modified":"2019-08-18T19:29:29","modified_gmt":"2019-08-18T17:29:29","slug":"maroc","status":"publish","type":"page","link":"https:\/\/panochrome.fr\/fr\/panoramas\/monde\/maroc\/","title":{"rendered":"Maroc"},"content":{"rendered":"\n<p>Quelques images du Maroc.<\/p>\n\n\n\n<div class=\"wp-block-columns has-2-columns is-layout-flex wp-container-core-columns-is-layout-9d6595d7 wp-block-columns-is-layout-flex\">\n<div class=\"wp-block-column is-layout-flow wp-block-column-is-layout-flow\">\n<div class=\"wp-block-advgb-image advgb-image-block full-width\" style=\"background-image:url(http:\/\/panochrome.fr\/fr\/wp-content\/uploads\/2019\/07\/maroc-dakhla-source-chaude.jpg);height:250px;width:500px;justify-content:flex-end;align-items:flex-start\" data-image=\"http:\/\/panochrome.fr\/fr\/wp-content\/uploads\/2019\/07\/maroc-dakhla-source-chaude.jpg\"><a class=\"advgb-image-overlay\" style=\"background-color:#eeeeee\" target=\"_blank\" rel=\"noopener noreferrer\" href=\"https:\/\/www.panochrome.fr\/panoramas\/monde\/maroc\/dakhla-source-chaude\/dakhla-source-chaude.html\"><\/a><\/div>\n\n\n\n<p><br><\/p>\n<\/div>\n\n\n\n<div class=\"wp-block-column is-layout-flow wp-block-column-is-layout-flow\">\n<h5 class=\"wp-block-heading\"><strong><span style=\"text-decoration: underline;\"><a href=\"https:\/\/www.panochrome.fr\/panoramas\/monde\/maroc\/dakhla-source-chaude\/dakhla-source-chaude.html\" target=\"_blank\" rel=\"noreferrer noopener\" aria-label=\" (s\u2019ouvre dans un nouvel onglet)\">Dakhla &#8211; Sources chaudes<\/a><\/span><\/strong><\/h5>\n\n\n\n<p>Source chaudes au sahara occidental. Un cocktail sable \/ eau \/ verdure et d\u00e9tritus.<br><br><br><br><br><br><\/p>\n\n\n\n<p><em>Mat\u00e9riel: Pentax k5 \/ Nodal Ninja 3 MkII \/ Monopod Benro<\/em><\/p>\n<\/div>\n<\/div>\n\n\n\n<div class=\"wp-block-columns has-2-columns is-layout-flex wp-container-core-columns-is-layout-9d6595d7 wp-block-columns-is-layout-flex\">\n<div class=\"wp-block-column is-layout-flow wp-block-column-is-layout-flow\">\n<div class=\"wp-block-advgb-image advgb-image-block full-width\" style=\"background-image:url(http:\/\/panochrome.fr\/fr\/wp-content\/uploads\/2019\/07\/maroc-atlas-direction-atlas.jpg);height:250px;width:500px;justify-content:flex-end;align-items:flex-start\" data-image=\"http:\/\/panochrome.fr\/fr\/wp-content\/uploads\/2019\/07\/maroc-atlas-direction-atlas.jpg\"><a class=\"advgb-image-overlay\" style=\"background-color:#eeeeee\" target=\"_blank\" rel=\"noopener noreferrer\" href=\"https:\/\/www.panochrome.fr\/panoramas\/monde\/maroc\/direction-atlas\/direction-atlas.html\"><\/a><\/div>\n\n\n\n<p><br><\/p>\n<\/div>\n\n\n\n<div class=\"wp-block-column is-layout-flow wp-block-column-is-layout-flow\">\n<h5 class=\"wp-block-heading\"><strong><span style=\"text-decoration: underline;\"><a href=\"https:\/\/www.panochrome.fr\/panoramas\/monde\/maroc\/direction-atlas\/direction-atlas.html\" target=\"_blank\" rel=\"noreferrer noopener\" aria-label=\" (s\u2019ouvre dans un nouvel onglet)\">Direction l\u2019Atlas<\/a><\/span><\/strong><\/h5>\n\n\n\n<p>Un reg et de courageux marcheurs lanc\u00e9s dans une semaine de treck dans l\u2019Atlas.<br><br><br><br><br><\/p>\n\n\n\n<p><em>Mat\u00e9riel: Canon SnapShot A80 \/ Prise de vue \u00e0 la vol\u00e9e &#8211; Pas de blocage des r\u00e9glages d\u2019exposition<\/em><\/p>\n<\/div>\n<\/div>\n\n\n\n<div class=\"wp-block-columns has-2-columns is-layout-flex wp-container-core-columns-is-layout-9d6595d7 wp-block-columns-is-layout-flex\">\n<div class=\"wp-block-column is-layout-flow wp-block-column-is-layout-flow\">\n<div class=\"wp-block-advgb-image advgb-image-block full-width\" style=\"background-image:url(http:\/\/panochrome.fr\/fr\/wp-content\/uploads\/2019\/07\/maroc-atlas.jpg);height:250px;width:500px;justify-content:flex-end;align-items:flex-start\" data-image=\"http:\/\/panochrome.fr\/fr\/wp-content\/uploads\/2019\/07\/maroc-atlas.jpg\"><a class=\"advgb-image-overlay\" style=\"background-color:#eeeeee\" target=\"_blank\" rel=\"noopener noreferrer\" href=\"https:\/\/www.panochrome.fr\/panoramas\/monde\/maroc\/pause-ruisseau\/pause_ruisseau.html\"><\/a><\/div>\n\n\n\n<p><br><\/p>\n<\/div>\n\n\n\n<div class=\"wp-block-column is-layout-flow wp-block-column-is-layout-flow\">\n<h5 class=\"wp-block-heading\"><strong><span style=\"text-decoration: underline;\"><a href=\"https:\/\/www.panochrome.fr\/panoramas\/monde\/maroc\/pause-ruisseau\/pause_ruisseau.html\" target=\"_blank\" rel=\"noreferrer noopener\" aria-label=\" (s\u2019ouvre dans un nouvel onglet)\">Pause pr\u00e8s d\u2019un ruisseau<\/a><\/span><\/strong><\/h5>\n\n\n\n<p>Dans l\u2019Atlas, un petit oasis entoure le ruisseau.<br><br><br><br><br><br><\/p>\n\n\n\n<p><em>Mat\u00e9riel: Canon SnapShot A80 \/ Prise de vue \u00e0 la vol\u00e9e &#8211; Pas de blocage des r\u00e9glages d\u2019exposition<\/em><\/p>\n<\/div>\n<\/div>\n","protected":false},"excerpt":{"rendered":"<p>Quelques images du Maroc. Dakhla &#8211; Sources chaudes Source chaudes au sahara occidental. Un cocktail sable \/ eau \/ verdure et d\u00e9tritus. Mat\u00e9riel: Pentax k5 \/ Nodal Ninja 3 MkII \/ Monopod Benro Direction l\u2019Atlas Un reg et de courageux marcheurs lanc\u00e9s dans une semaine de treck dans l\u2019Atlas. Mat\u00e9riel: Canon SnapShot A80 \/ Prise [&hellip;]<\/p>\n","protected":false},"author":1,"featured_media":0,"parent":341,"menu_order":3,"comment_status":"closed","ping_status":"closed","template":"","meta":{"_uag_custom_page_level_css":"","advgb_blocks_editor_width":"","advgb_blocks_columns_visual_guide":"","footnotes":""},"class_list":["post-350","page","type-page","status-publish","hentry"],"uagb_featured_image_src":{"full":false,"thumbnail":false,"medium":false,"medium_large":false,"large":false,"1536x1536":false,"2048x2048":false},"uagb_author_info":{"display_name":"Etienne","author_link":"https:\/\/panochrome.fr\/fr\/author\/edgeat51-wp\/"},"uagb_comment_info":0,"uagb_excerpt":"Quelques images du Maroc. Dakhla &#8211; Sources chaudes Source chaudes au sahara occidental. Un cocktail sable \/ eau \/ verdure et d\u00e9tritus. Mat\u00e9riel: Pentax k5 \/ Nodal Ninja 3 MkII \/ Monopod Benro Direction l\u2019Atlas Un reg et de courageux marcheurs lanc\u00e9s dans une semaine de treck dans l\u2019Atlas. Mat\u00e9riel: Canon SnapShot A80 \/ Prise\u2026","coauthors":[],"author_meta":{"author_link":"https:\/\/panochrome.fr\/fr\/author\/edgeat51-wp\/","display_name":"Etienne"},"relative_dates":{"created":"Publi\u00e9 7 ans il y a","modified":"Mis \u00e0 jour 7 ans il y a"},"absolute_dates":{"created":"Publi\u00e9 le 25 juin 2019","modified":"Mise \u00e0 jour le 18 ao\u00fbt 2019"},"absolute_dates_time":{"created":"Publi\u00e9 le 25 juin 2019 13 h 23 min","modified":"Mise \u00e0 jour le 18 ao\u00fbt 2019 19 h 29 min"},"featured_img_caption":"","featured_img":false,"series_order":"","_links":{"self":[{"href":"https:\/\/panochrome.fr\/fr\/wp-json\/wp\/v2\/pages\/350","targetHints":{"allow":["GET"]}}],"collection":[{"href":"https:\/\/panochrome.fr\/fr\/wp-json\/wp\/v2\/pages"}],"about":[{"href":"https:\/\/panochrome.fr\/fr\/wp-json\/wp\/v2\/types\/page"}],"author":[{"embeddable":true,"href":"https:\/\/panochrome.fr\/fr\/wp-json\/wp\/v2\/users\/1"}],"replies":[{"embeddable":true,"href":"https:\/\/panochrome.fr\/fr\/wp-json\/wp\/v2\/comments?post=350"}],"version-history":[{"count":7,"href":"https:\/\/panochrome.fr\/fr\/wp-json\/wp\/v2\/pages\/350\/revisions"}],"predecessor-version":[{"id":1513,"href":"https:\/\/panochrome.fr\/fr\/wp-json\/wp\/v2\/pages\/350\/revisions\/1513"}],"up":[{"embeddable":true,"href":"https:\/\/panochrome.fr\/fr\/wp-json\/wp\/v2\/pages\/341"}],"wp:attachment":[{"href":"https:\/\/panochrome.fr\/fr\/wp-json\/wp\/v2\/media?parent=350"}],"curies":[{"name":"wp","href":"https:\/\/api.w.org\/{rel}","templated":true}]}}