{"id":348,"date":"2019-06-10T11:04:46","date_gmt":"2019-06-10T09:04:46","guid":{"rendered":"http:\/\/panochrome.fr\/fr\/?page_id=348"},"modified":"2019-11-10T17:22:37","modified_gmt":"2019-11-10T16:22:37","slug":"genie-civil-construction","status":"publish","type":"page","link":"https:\/\/panochrome.fr\/fr\/panoramas\/genie-civil-construction\/","title":{"rendered":"G\u00e9nie Civil &#038; Construction"},"content":{"rendered":"\n<p><\/p>\n\n\n\n<div class=\"wp-block-columns has-2-columns is-layout-flex wp-container-core-columns-is-layout-9d6595d7 wp-block-columns-is-layout-flex\">\n<div class=\"wp-block-column is-layout-flow wp-block-column-is-layout-flow\">\n<div class=\"wp-block-advgb-image advgb-image-block advgb-img-23e65535-1eb7-48fa-8e65-55ced7e8b6e5\" style=\"background-image:url(http:\/\/panochrome.fr\/fr\/wp-content\/uploads\/2019\/07\/genie-civil-viaduc-lgvee-dettwiller-avant-bec.jpg);height:300px;width:300px;justify-content:center;align-items:center\" data-image=\"http:\/\/panochrome.fr\/fr\/wp-content\/uploads\/2019\/07\/genie-civil-viaduc-lgvee-dettwiller-avant-bec.jpg\"><a class=\"advgb-image-overlay\" style=\"background-color:#2196f3\" target=\"_self\" rel=\"noopener noreferrer\" href=\"https:\/\/panochrome.fr\/fr\/panoramas\/genie-civil-construction\/viaducs-ponts\/\"><\/a><\/div>\n\n\n\n<h5 class=\"wp-block-heading\" style=\"text-align:center\"><strong><span style=\"text-decoration: underline;\"><a href=\"https:\/\/panochrome.fr\/fr\/panoramas\/genie-civil-construction\/viaducs-ponts\/\">Viaducs &#8211; Ponts<br><\/a><\/span><\/strong><br><\/h5>\n\n\n\n<div class=\"wp-block-advgb-image advgb-image-block advgb-img-202b2d64-f49f-4641-8507-c31d07e23b04\" style=\"background-image:url(https:\/\/panochrome.fr\/fr\/wp-content\/uploads\/2019\/11\/genie-civil-souterrain-IGR-Drone.jpg);height:300px;width:300px;justify-content:center;align-items:center\" data-image=\"https:\/\/panochrome.fr\/fr\/wp-content\/uploads\/2019\/11\/genie-civil-souterrain-IGR-Drone.jpg\"><a class=\"advgb-image-overlay\" style=\"background-color:#2196f3\" target=\"_self\" rel=\"noopener noreferrer\" href=\"https:\/\/panochrome.fr\/fr\/panoramas\/genie-civil-construction\/ouvrages-souterrains\/\"><\/a><\/div>\n\n\n\n<h5 class=\"wp-block-heading\" style=\"text-align:center\"><strong><a href=\"http:\/\/panochrome.fr\/fr\/panoramas\/genie-civil-construction\/ouvrages-souterrains\/\"><span style=\"text-decoration: underline;\">Ouvrages sout<\/span><\/a><span style=\"text-decoration: underline;\"><a href=\"https:\/\/panochrome.fr\/fr\/panoramas\/genie-civil-construction\/ouvrages-souterrains\/\">e<\/a><\/span><a href=\"http:\/\/panochrome.fr\/fr\/panoramas\/genie-civil-construction\/ouvrages-souterrains\/\"><span style=\"text-decoration: underline;\">rrains<\/span><\/a><\/strong><\/h5>\n\n\n\n<p><\/p>\n<\/div>\n\n\n\n<div class=\"wp-block-column is-layout-flow wp-block-column-is-layout-flow\">\n<div class=\"wp-block-advgb-image advgb-image-block advgb-img-b981946d-540c-49b7-8537-41fb18c47ef9\" style=\"background-image:url(http:\/\/panochrome.fr\/fr\/wp-content\/uploads\/2019\/07\/genie-civil-tunnel-LGVEE-saverne_tunnel.jpg);height:300px;width:300px;justify-content:center;align-items:center\" data-image=\"http:\/\/panochrome.fr\/fr\/wp-content\/uploads\/2019\/07\/genie-civil-tunnel-LGVEE-saverne_tunnel.jpg\"><a class=\"advgb-image-overlay\" style=\"background-color:#2196f3\" target=\"_self\" rel=\"noopener noreferrer\" href=\"https:\/\/panochrome.fr\/fr\/panoramas\/genie-civil-construction\/tunnel\/\"><\/a><\/div>\n\n\n\n<h5 class=\"wp-block-heading\" style=\"text-align:center\"><strong><a href=\"http:\/\/panochrome.fr\/fr\/panoramas\/genie-civil-construction\/tunnel\/\"><span style=\"text-decoration: underline;\">Tu<\/span><\/a><span style=\"text-decoration: underline;\"><a href=\"https:\/\/panochrome.fr\/fr\/panoramas\/genie-civil-construction\/tunnel\/\">nnel<\/a><\/span><\/strong><span style=\"text-decoration: underline;\"><a href=\"https:\/\/panochrome.fr\/fr\/panoramas\/genie-civil-construction\/tunnel\/\"><br><\/a><\/span><br><\/h5>\n\n\n\n<div class=\"wp-block-advgb-image advgb-image-block advgb-img-441767c9-f9d7-42ef-96e0-ca08fd7dc57b\" style=\"background-image:url(http:\/\/panochrome.fr\/fr\/wp-content\/uploads\/2019\/07\/bat_indus-maison_asso-pano-4e-etage.jpg);height:300px;width:300px;justify-content:center;align-items:center\" data-image=\"http:\/\/panochrome.fr\/fr\/wp-content\/uploads\/2019\/07\/bat_indus-maison_asso-pano-4e-etage.jpg\"><a class=\"advgb-image-overlay\" style=\"background-color:#2196f3\" target=\"_self\" rel=\"noopener noreferrer\" href=\"https:\/\/panochrome.fr\/fr\/panoramas\/genie-civil-construction\/industriel-autre\/\"><\/a><\/div>\n\n\n\n<h5 class=\"wp-block-heading\" style=\"text-align:center\"><strong><span style=\"text-decoration: underline;\"><a href=\"https:\/\/panochrome.fr\/fr\/panoramas\/genie-civil-construction\/industriel-autre\/\">Industriels &#8211; Autre<\/a><\/span><\/strong><\/h5>\n\n\n\n<p><\/p>\n<\/div>\n<\/div>\n<style class=\"advgb-styles-renderer\">.advgb-img-23e65535-1eb7-48fa-8e65-55ced7e8b6e5.advgb-image-block .advgb-image-overlay{opacity:0 !important;}.advgb-img-23e65535-1eb7-48fa-8e65-55ced7e8b6e5.advgb-image-block:hover .advgb-image-overlay{opacity:0.2 !important;}.advgb-img-202b2d64-f49f-4641-8507-c31d07e23b04.advgb-image-block .advgb-image-overlay{opacity:0 !important;}.advgb-img-202b2d64-f49f-4641-8507-c31d07e23b04.advgb-image-block:hover .advgb-image-overlay{opacity:0.2 !important;}.advgb-img-23e65535-1eb7-48fa-8e65-55ced7e8b6e5.advgb-image-block .advgb-image-overlay{opacity:0 !important;}.advgb-img-23e65535-1eb7-48fa-8e65-55ced7e8b6e5.advgb-image-block:hover .advgb-image-overlay{opacity:0.2 !important;}.advgb-img-202b2d64-f49f-4641-8507-c31d07e23b04.advgb-image-block .advgb-image-overlay{opacity:0 !important;}.advgb-img-202b2d64-f49f-4641-8507-c31d07e23b04.advgb-image-block:hover .advgb-image-overlay{opacity:0.2 !important;}.advgb-img-b981946d-540c-49b7-8537-41fb18c47ef9.advgb-image-block .advgb-image-overlay{opacity:0 !important;}.advgb-img-b981946d-540c-49b7-8537-41fb18c47ef9.advgb-image-block:hover .advgb-image-overlay{opacity:0.2 !important;}.advgb-img-441767c9-f9d7-42ef-96e0-ca08fd7dc57b.advgb-image-block .advgb-image-overlay{opacity:0 !important;}.advgb-img-441767c9-f9d7-42ef-96e0-ca08fd7dc57b.advgb-image-block:hover .advgb-image-overlay{opacity:0.2 !important;}.advgb-img-b981946d-540c-49b7-8537-41fb18c47ef9.advgb-image-block .advgb-image-overlay{opacity:0 !important;}.advgb-img-b981946d-540c-49b7-8537-41fb18c47ef9.advgb-image-block:hover .advgb-image-overlay{opacity:0.2 !important;}.advgb-img-441767c9-f9d7-42ef-96e0-ca08fd7dc57b.advgb-image-block .advgb-image-overlay{opacity:0 !important;}.advgb-img-441767c9-f9d7-42ef-96e0-ca08fd7dc57b.advgb-image-block:hover .advgb-image-overlay{opacity:0.2 !important;}.advgb-img-23e65535-1eb7-48fa-8e65-55ced7e8b6e5.advgb-image-block .advgb-image-overlay{opacity:0 !important;}.advgb-img-23e65535-1eb7-48fa-8e65-55ced7e8b6e5.advgb-image-block:hover .advgb-image-overlay{opacity:0.2 !important;}.advgb-img-202b2d64-f49f-4641-8507-c31d07e23b04.advgb-image-block .advgb-image-overlay{opacity:0 !important;}.advgb-img-202b2d64-f49f-4641-8507-c31d07e23b04.advgb-image-block:hover .advgb-image-overlay{opacity:0.2 !important;}.advgb-img-b981946d-540c-49b7-8537-41fb18c47ef9.advgb-image-block .advgb-image-overlay{opacity:0 !important;}.advgb-img-b981946d-540c-49b7-8537-41fb18c47ef9.advgb-image-block:hover .advgb-image-overlay{opacity:0.2 !important;}.advgb-img-441767c9-f9d7-42ef-96e0-ca08fd7dc57b.advgb-image-block .advgb-image-overlay{opacity:0 !important;}.advgb-img-441767c9-f9d7-42ef-96e0-ca08fd7dc57b.advgb-image-block:hover .advgb-image-overlay{opacity:0.2 !important;}<\/style>","protected":false},"excerpt":{"rendered":"<p>Viaducs &#8211; Ponts Ouvrages souterrains Tunnel Industriels &#8211; Autre<\/p>\n","protected":false},"author":1,"featured_media":0,"parent":276,"menu_order":3,"comment_status":"closed","ping_status":"closed","template":"","meta":{"_uag_custom_page_level_css":"","advgb_blocks_editor_width":"","advgb_blocks_columns_visual_guide":"","footnotes":""},"class_list":["post-348","page","type-page","status-publish","hentry"],"uagb_featured_image_src":{"full":false,"thumbnail":false,"medium":false,"medium_large":false,"large":false,"1536x1536":false,"2048x2048":false},"uagb_author_info":{"display_name":"Etienne","author_link":"https:\/\/panochrome.fr\/fr\/author\/edgeat51-wp\/"},"uagb_comment_info":0,"uagb_excerpt":"Viaducs &#8211; Ponts Ouvrages souterrains Tunnel Industriels &#8211; Autre","coauthors":[],"author_meta":{"author_link":"https:\/\/panochrome.fr\/fr\/author\/edgeat51-wp\/","display_name":"Etienne"},"relative_dates":{"created":"Publi\u00e9 7 ans il y a","modified":"Mis \u00e0 jour 6 ans il y a"},"absolute_dates":{"created":"Publi\u00e9 le 10 juin 2019","modified":"Mise \u00e0 jour le 10 novembre 2019"},"absolute_dates_time":{"created":"Publi\u00e9 le 10 juin 2019 11 h 04 min","modified":"Mise \u00e0 jour le 10 novembre 2019 17 h 22 min"},"featured_img_caption":"","featured_img":false,"series_order":"","_links":{"self":[{"href":"https:\/\/panochrome.fr\/fr\/wp-json\/wp\/v2\/pages\/348","targetHints":{"allow":["GET"]}}],"collection":[{"href":"https:\/\/panochrome.fr\/fr\/wp-json\/wp\/v2\/pages"}],"about":[{"href":"https:\/\/panochrome.fr\/fr\/wp-json\/wp\/v2\/types\/page"}],"author":[{"embeddable":true,"href":"https:\/\/panochrome.fr\/fr\/wp-json\/wp\/v2\/users\/1"}],"replies":[{"embeddable":true,"href":"https:\/\/panochrome.fr\/fr\/wp-json\/wp\/v2\/comments?post=348"}],"version-history":[{"count":21,"href":"https:\/\/panochrome.fr\/fr\/wp-json\/wp\/v2\/pages\/348\/revisions"}],"predecessor-version":[{"id":1599,"href":"https:\/\/panochrome.fr\/fr\/wp-json\/wp\/v2\/pages\/348\/revisions\/1599"}],"up":[{"embeddable":true,"href":"https:\/\/panochrome.fr\/fr\/wp-json\/wp\/v2\/pages\/276"}],"wp:attachment":[{"href":"https:\/\/panochrome.fr\/fr\/wp-json\/wp\/v2\/media?parent=348"}],"curies":[{"name":"wp","href":"https:\/\/api.w.org\/{rel}","templated":true}]}}