{"id":346,"date":"2019-06-10T11:03:16","date_gmt":"2019-06-10T09:03:16","guid":{"rendered":"http:\/\/panochrome.fr\/fr\/?page_id=346"},"modified":"2019-08-19T16:29:28","modified_gmt":"2019-08-19T14:29:28","slug":"france","status":"publish","type":"page","link":"https:\/\/panochrome.fr\/fr\/panoramas\/france\/","title":{"rendered":"France"},"content":{"rendered":"\n<div class=\"wp-block-columns has-2-columns is-layout-flex wp-container-core-columns-is-layout-9d6595d7 wp-block-columns-is-layout-flex\">\n<div class=\"wp-block-column is-layout-flow wp-block-column-is-layout-flow\">\n<div class=\"wp-block-image\"><figure class=\"aligncenter is-resized\"><a href=\"https:\/\/panochrome.fr\/fr\/panoramas\/france\/arles\/\"><img loading=\"lazy\" decoding=\"async\" src=\"http:\/\/panochrome.fr\/fr\/wp-content\/uploads\/2019\/08\/1000px-Blason_Arles_13.svg_-931x1024.png\" alt=\"\" class=\"wp-image-1087\" width=\"233\" height=\"256\" srcset=\"https:\/\/panochrome.fr\/fr\/wp-content\/uploads\/2019\/08\/1000px-Blason_Arles_13.svg_-931x1024.png 931w, https:\/\/panochrome.fr\/fr\/wp-content\/uploads\/2019\/08\/1000px-Blason_Arles_13.svg_-273x300.png 273w, https:\/\/panochrome.fr\/fr\/wp-content\/uploads\/2019\/08\/1000px-Blason_Arles_13.svg_-768x845.png 768w, https:\/\/panochrome.fr\/fr\/wp-content\/uploads\/2019\/08\/1000px-Blason_Arles_13.svg_.png 1000w\" sizes=\"auto, (max-width: 233px) 100vw, 233px\" \/><\/a><\/figure><\/div>\n\n\n\n<h5 class=\"wp-block-heading\" style=\"text-align:center\"><a href=\"https:\/\/panochrome.fr\/fr\/panoramas\/france\/arles\/\"><strong><span style=\"text-decoration: underline;\">Arles<\/span><\/strong><\/a><br><br><\/h5>\n\n\n\n<div class=\"wp-block-image\"><figure class=\"aligncenter is-resized\"><a href=\"https:\/\/panochrome.fr\/fr\/panoramas\/france\/douarnenez\/\"><img loading=\"lazy\" decoding=\"async\" src=\"http:\/\/panochrome.fr\/fr\/wp-content\/uploads\/2019\/08\/1000px-Blason_ville_fr_Douarnenez_Finist\u00e8re_-_Copie.svg_-874x1024.png\" alt=\"\" class=\"wp-image-1034\" width=\"219\" height=\"256\" srcset=\"https:\/\/panochrome.fr\/fr\/wp-content\/uploads\/2019\/08\/1000px-Blason_ville_fr_Douarnenez_Finist\u00e8re_-_Copie.svg_-874x1024.png 874w, https:\/\/panochrome.fr\/fr\/wp-content\/uploads\/2019\/08\/1000px-Blason_ville_fr_Douarnenez_Finist\u00e8re_-_Copie.svg_-256x300.png 256w, https:\/\/panochrome.fr\/fr\/wp-content\/uploads\/2019\/08\/1000px-Blason_ville_fr_Douarnenez_Finist\u00e8re_-_Copie.svg_-768x899.png 768w, https:\/\/panochrome.fr\/fr\/wp-content\/uploads\/2019\/08\/1000px-Blason_ville_fr_Douarnenez_Finist\u00e8re_-_Copie.svg_.png 1000w\" sizes=\"auto, (max-width: 219px) 100vw, 219px\" \/><\/a><\/figure><\/div>\n\n\n\n<h5 class=\"wp-block-heading\" style=\"text-align:center\"><strong><span style=\"text-decoration: underline;\"><a href=\"https:\/\/panochrome.fr\/fr\/panoramas\/france\/douarnenez\/\">Douarnenez<br><\/a><\/span><\/strong><br><\/h5>\n\n\n\n<div class=\"wp-block-image\"><figure class=\"aligncenter is-resized\"><a href=\"https:\/\/panochrome.fr\/fr\/panoramas\/france\/lyon\/\"><img loading=\"lazy\" decoding=\"async\" src=\"http:\/\/panochrome.fr\/fr\/wp-content\/uploads\/2019\/08\/1000px-Coat_of_Arms_of_Lyon.svg_-966x1024.png\" alt=\"\" class=\"wp-image-1037\" width=\"242\" height=\"256\" srcset=\"https:\/\/panochrome.fr\/fr\/wp-content\/uploads\/2019\/08\/1000px-Coat_of_Arms_of_Lyon.svg_-966x1024.png 966w, https:\/\/panochrome.fr\/fr\/wp-content\/uploads\/2019\/08\/1000px-Coat_of_Arms_of_Lyon.svg_-283x300.png 283w, https:\/\/panochrome.fr\/fr\/wp-content\/uploads\/2019\/08\/1000px-Coat_of_Arms_of_Lyon.svg_-768x814.png 768w, https:\/\/panochrome.fr\/fr\/wp-content\/uploads\/2019\/08\/1000px-Coat_of_Arms_of_Lyon.svg_.png 1000w\" sizes=\"auto, (max-width: 242px) 100vw, 242px\" \/><\/a><\/figure><\/div>\n\n\n\n<h5 class=\"wp-block-heading\" style=\"text-align:center\"><strong><span style=\"text-decoration: underline;\"><a href=\"https:\/\/panochrome.fr\/fr\/panoramas\/france\/lyon\/\">Lyon<br><\/a><\/span><\/strong><br><\/h5>\n\n\n\n<div class=\"wp-block-image\"><figure class=\"aligncenter is-resized\"><a href=\"https:\/\/panochrome.fr\/fr\/panoramas\/france\/paris\/\"><img loading=\"lazy\" decoding=\"async\" src=\"http:\/\/panochrome.fr\/fr\/wp-content\/uploads\/2019\/08\/Grandes_Armes_de_Paris.svg_-862x1024.png\" alt=\"\" class=\"wp-image-1038\" width=\"216\" height=\"256\" srcset=\"https:\/\/panochrome.fr\/fr\/wp-content\/uploads\/2019\/08\/Grandes_Armes_de_Paris.svg_-862x1024.png 862w, https:\/\/panochrome.fr\/fr\/wp-content\/uploads\/2019\/08\/Grandes_Armes_de_Paris.svg_-253x300.png 253w, https:\/\/panochrome.fr\/fr\/wp-content\/uploads\/2019\/08\/Grandes_Armes_de_Paris.svg_-768x912.png 768w, https:\/\/panochrome.fr\/fr\/wp-content\/uploads\/2019\/08\/Grandes_Armes_de_Paris.svg_.png 1000w\" sizes=\"auto, (max-width: 216px) 100vw, 216px\" \/><\/a><\/figure><\/div>\n\n\n\n<h5 class=\"wp-block-heading\" style=\"text-align:center\"><strong><span style=\"text-decoration: underline;\"><a href=\"https:\/\/panochrome.fr\/fr\/panoramas\/france\/paris\/\">Paris<br><\/a><\/span><\/strong><br><\/h5>\n\n\n\n<div class=\"wp-block-image\"><figure class=\"aligncenter is-resized\"><a href=\"https:\/\/panochrome.fr\/fr\/panoramas\/france\/la-reunion\/\"><img loading=\"lazy\" decoding=\"async\" src=\"http:\/\/panochrome.fr\/fr\/wp-content\/uploads\/2019\/08\/1280px-Logo_R\u00e9gion_R\u00e9union_2017.svg_-1024x655.png\" alt=\"\" class=\"wp-image-1050\" width=\"400\" height=\"256\" srcset=\"https:\/\/panochrome.fr\/fr\/wp-content\/uploads\/2019\/08\/1280px-Logo_R\u00e9gion_R\u00e9union_2017.svg_-1024x655.png 1024w, https:\/\/panochrome.fr\/fr\/wp-content\/uploads\/2019\/08\/1280px-Logo_R\u00e9gion_R\u00e9union_2017.svg_-300x192.png 300w, https:\/\/panochrome.fr\/fr\/wp-content\/uploads\/2019\/08\/1280px-Logo_R\u00e9gion_R\u00e9union_2017.svg_-768x491.png 768w, https:\/\/panochrome.fr\/fr\/wp-content\/uploads\/2019\/08\/1280px-Logo_R\u00e9gion_R\u00e9union_2017.svg_.png 1280w\" sizes=\"auto, (max-width: 400px) 100vw, 400px\" \/><\/a><\/figure><\/div>\n\n\n\n<h5 class=\"wp-block-heading\" style=\"text-align:center\"><strong><span style=\"text-decoration: underline;\"><a href=\"https:\/\/panochrome.fr\/fr\/panoramas\/france\/la-reunion\/\">La Reunion<br><\/a><\/span><\/strong><br><\/h5>\n<\/div>\n\n\n\n<div class=\"wp-block-column is-layout-flow wp-block-column-is-layout-flow\">\n<div class=\"wp-block-image\"><figure class=\"aligncenter is-resized\"><a href=\"https:\/\/panochrome.fr\/fr\/panoramas\/france\/dinan\/\"><img loading=\"lazy\" decoding=\"async\" src=\"http:\/\/panochrome.fr\/fr\/wp-content\/uploads\/2019\/08\/1000px-Blason_ville_fr_Dinan_C\u00f4tes-dArmor.svg_.png\" alt=\"\" class=\"wp-image-1033\" width=\"219\" height=\"256\"\/><\/a><\/figure><\/div>\n\n\n\n<h5 class=\"wp-block-heading\" style=\"text-align:center\"><strong><span style=\"text-decoration: underline;\"><a href=\"https:\/\/panochrome.fr\/fr\/panoramas\/france\/dinan\/\">Dinan<\/a><br><\/span><\/strong><br><\/h5>\n\n\n\n<div class=\"wp-block-image\"><figure class=\"aligncenter is-resized\"><a href=\"https:\/\/panochrome.fr\/fr\/panoramas\/france\/eze\/\"><img loading=\"lazy\" decoding=\"async\" src=\"http:\/\/panochrome.fr\/fr\/wp-content\/uploads\/2019\/08\/1000px-Blason_ville_fr_Eze_Alpes-Maritimes_-_original.svg_-839x1024.png\" alt=\"\" class=\"wp-image-1035\" width=\"210\" height=\"256\" srcset=\"https:\/\/panochrome.fr\/fr\/wp-content\/uploads\/2019\/08\/1000px-Blason_ville_fr_Eze_Alpes-Maritimes_-_original.svg_-839x1024.png 839w, https:\/\/panochrome.fr\/fr\/wp-content\/uploads\/2019\/08\/1000px-Blason_ville_fr_Eze_Alpes-Maritimes_-_original.svg_-246x300.png 246w, https:\/\/panochrome.fr\/fr\/wp-content\/uploads\/2019\/08\/1000px-Blason_ville_fr_Eze_Alpes-Maritimes_-_original.svg_-768x937.png 768w, https:\/\/panochrome.fr\/fr\/wp-content\/uploads\/2019\/08\/1000px-Blason_ville_fr_Eze_Alpes-Maritimes_-_original.svg_.png 1000w\" sizes=\"auto, (max-width: 210px) 100vw, 210px\" \/><\/a><\/figure><\/div>\n\n\n\n<h5 class=\"wp-block-heading\" style=\"text-align:center\"><strong><span style=\"text-decoration: underline;\"><a href=\"https:\/\/panochrome.fr\/fr\/panoramas\/france\/eze\/\">Eze<\/a><br><\/span><\/strong><br><\/h5>\n\n\n\n<div class=\"wp-block-image\"><figure class=\"aligncenter is-resized\"><a href=\"https:\/\/panochrome.fr\/fr\/panoramas\/france\/mont-saint-michel\/\"><img loading=\"lazy\" decoding=\"async\" src=\"http:\/\/panochrome.fr\/fr\/wp-content\/uploads\/2019\/08\/1000px-Blason_ville_fr_Mont-Saint-Michel_Manche.svg_-931x1024.png\" alt=\"\" class=\"wp-image-1036\" width=\"233\" height=\"256\" srcset=\"https:\/\/panochrome.fr\/fr\/wp-content\/uploads\/2019\/08\/1000px-Blason_ville_fr_Mont-Saint-Michel_Manche.svg_-931x1024.png 931w, https:\/\/panochrome.fr\/fr\/wp-content\/uploads\/2019\/08\/1000px-Blason_ville_fr_Mont-Saint-Michel_Manche.svg_-273x300.png 273w, https:\/\/panochrome.fr\/fr\/wp-content\/uploads\/2019\/08\/1000px-Blason_ville_fr_Mont-Saint-Michel_Manche.svg_-768x845.png 768w, https:\/\/panochrome.fr\/fr\/wp-content\/uploads\/2019\/08\/1000px-Blason_ville_fr_Mont-Saint-Michel_Manche.svg_.png 1000w\" sizes=\"auto, (max-width: 233px) 100vw, 233px\" \/><\/a><\/figure><\/div>\n\n\n\n<h5 class=\"wp-block-heading\" style=\"text-align:center\"><strong><span style=\"text-decoration: underline;\"><a href=\"https:\/\/panochrome.fr\/fr\/panoramas\/france\/mont-saint-michel\/\">Le Mont Saint Michel<br><\/a><\/span><\/strong><br><\/h5>\n\n\n\n<div class=\"wp-block-image\"><figure class=\"aligncenter is-resized\"><a href=\"https:\/\/panochrome.fr\/fr\/panoramas\/france\/reims\/\"><img loading=\"lazy\" decoding=\"async\" src=\"http:\/\/panochrome.fr\/fr\/wp-content\/uploads\/2019\/08\/Grandes_Armes_de_Reims.svg_-894x1024.png\" alt=\"\" class=\"wp-image-1039\" width=\"224\" height=\"256\" srcset=\"https:\/\/panochrome.fr\/fr\/wp-content\/uploads\/2019\/08\/Grandes_Armes_de_Reims.svg_-894x1024.png 894w, https:\/\/panochrome.fr\/fr\/wp-content\/uploads\/2019\/08\/Grandes_Armes_de_Reims.svg_-262x300.png 262w, https:\/\/panochrome.fr\/fr\/wp-content\/uploads\/2019\/08\/Grandes_Armes_de_Reims.svg_-768x880.png 768w, https:\/\/panochrome.fr\/fr\/wp-content\/uploads\/2019\/08\/Grandes_Armes_de_Reims.svg_.png 1000w\" sizes=\"auto, (max-width: 224px) 100vw, 224px\" \/><\/a><\/figure><\/div>\n\n\n\n<h5 class=\"wp-block-heading\" style=\"text-align:center\"><strong><span style=\"text-decoration: underline;\"><a href=\"https:\/\/panochrome.fr\/fr\/panoramas\/france\/reims\/\">Reims<\/a><\/span><\/strong><\/h5>\n<\/div>\n<\/div>\n\n\n\n<p><\/p>\n","protected":false},"excerpt":{"rendered":"<p>Arles Douarnenez Lyon Paris La Reunion Dinan Eze Le Mont Saint Michel Reims<\/p>\n","protected":false},"author":1,"featured_media":0,"parent":276,"menu_order":3,"comment_status":"closed","ping_status":"closed","template":"","meta":{"_uag_custom_page_level_css":"","advgb_blocks_editor_width":"","advgb_blocks_columns_visual_guide":"","footnotes":""},"class_list":["post-346","page","type-page","status-publish","hentry"],"uagb_featured_image_src":{"full":false,"thumbnail":false,"medium":false,"medium_large":false,"large":false,"1536x1536":false,"2048x2048":false},"uagb_author_info":{"display_name":"Etienne","author_link":"https:\/\/panochrome.fr\/fr\/author\/edgeat51-wp\/"},"uagb_comment_info":0,"uagb_excerpt":"Arles Douarnenez Lyon Paris La Reunion Dinan Eze Le Mont Saint Michel Reims","coauthors":[],"author_meta":{"author_link":"https:\/\/panochrome.fr\/fr\/author\/edgeat51-wp\/","display_name":"Etienne"},"relative_dates":{"created":"Publi\u00e9 7 ans il y a","modified":"Mis \u00e0 jour 7 ans il y a"},"absolute_dates":{"created":"Publi\u00e9 le 10 juin 2019","modified":"Mise \u00e0 jour le 19 ao\u00fbt 2019"},"absolute_dates_time":{"created":"Publi\u00e9 le 10 juin 2019 11 h 03 min","modified":"Mise \u00e0 jour le 19 ao\u00fbt 2019 16 h 29 min"},"featured_img_caption":"","featured_img":false,"series_order":"","_links":{"self":[{"href":"https:\/\/panochrome.fr\/fr\/wp-json\/wp\/v2\/pages\/346","targetHints":{"allow":["GET"]}}],"collection":[{"href":"https:\/\/panochrome.fr\/fr\/wp-json\/wp\/v2\/pages"}],"about":[{"href":"https:\/\/panochrome.fr\/fr\/wp-json\/wp\/v2\/types\/page"}],"author":[{"embeddable":true,"href":"https:\/\/panochrome.fr\/fr\/wp-json\/wp\/v2\/users\/1"}],"replies":[{"embeddable":true,"href":"https:\/\/panochrome.fr\/fr\/wp-json\/wp\/v2\/comments?post=346"}],"version-history":[{"count":17,"href":"https:\/\/panochrome.fr\/fr\/wp-json\/wp\/v2\/pages\/346\/revisions"}],"predecessor-version":[{"id":1520,"href":"https:\/\/panochrome.fr\/fr\/wp-json\/wp\/v2\/pages\/346\/revisions\/1520"}],"up":[{"embeddable":true,"href":"https:\/\/panochrome.fr\/fr\/wp-json\/wp\/v2\/pages\/276"}],"wp:attachment":[{"href":"https:\/\/panochrome.fr\/fr\/wp-json\/wp\/v2\/media?parent=346"}],"curies":[{"name":"wp","href":"https:\/\/api.w.org\/{rel}","templated":true}]}}