{"id":344,"date":"2019-06-10T11:01:03","date_gmt":"2019-06-10T09:01:03","guid":{"rendered":"http:\/\/panochrome.fr\/fr\/?page_id=344"},"modified":"2019-09-08T17:31:48","modified_gmt":"2019-09-08T15:31:48","slug":"europe","status":"publish","type":"page","link":"https:\/\/panochrome.fr\/fr\/panoramas\/europe\/","title":{"rendered":"Europe"},"content":{"rendered":"\n<p><\/p>\n\n\n\n<div class=\"wp-block-columns has-2-columns is-layout-flex wp-container-core-columns-is-layout-9d6595d7 wp-block-columns-is-layout-flex\">\n<div class=\"wp-block-column is-layout-flow wp-block-column-is-layout-flow\">\n<div class=\"wp-block-image\"><figure class=\"aligncenter is-resized\"><a href=\"https:\/\/panochrome.fr\/fr\/panoramas\/europe\/allemagne\/\"><img loading=\"lazy\" decoding=\"async\" src=\"http:\/\/panochrome.fr\/fr\/wp-content\/uploads\/2019\/07\/1000px-Flag_of_Germany.svg_.png\" alt=\"\" class=\"wp-image-537\" width=\"500\" height=\"300\" srcset=\"https:\/\/panochrome.fr\/fr\/wp-content\/uploads\/2019\/07\/1000px-Flag_of_Germany.svg_.png 1000w, https:\/\/panochrome.fr\/fr\/wp-content\/uploads\/2019\/07\/1000px-Flag_of_Germany.svg_-300x180.png 300w, https:\/\/panochrome.fr\/fr\/wp-content\/uploads\/2019\/07\/1000px-Flag_of_Germany.svg_-768x461.png 768w\" sizes=\"auto, (max-width: 500px) 100vw, 500px\" \/><\/a><\/figure><\/div>\n\n\n\n<h5 class=\"wp-block-heading\" style=\"text-align:center\"><strong><span style=\"text-decoration: underline;\"><a href=\"https:\/\/panochrome.fr\/fr\/panoramas\/europe\/allemagne\/\">Allemagne<\/a><\/span><\/strong><br><br><\/h5>\n\n\n\n<div class=\"wp-block-image\"><figure class=\"aligncenter is-resized\"><a href=\"https:\/\/panochrome.fr\/fr\/panoramas\/europe\/italie\/\"><img loading=\"lazy\" decoding=\"async\" src=\"http:\/\/panochrome.fr\/fr\/wp-content\/uploads\/2019\/07\/1000px-Flag_of_Italy.svg_.png\" alt=\"\" class=\"wp-image-538\" width=\"500\" height=\"300\"\/><\/a><\/figure><\/div>\n\n\n\n<h5 class=\"wp-block-heading\" style=\"text-align:center\"><strong><span style=\"text-decoration: underline;\"><a href=\"https:\/\/panochrome.fr\/fr\/panoramas\/europe\/italie\/\">Italie<\/a><\/span><\/strong><\/h5>\n\n\n\n<div class=\"wp-block-image\"><figure class=\"aligncenter is-resized\"><a href=\"https:\/\/panochrome.fr\/fr\/panoramas\/europe\/suisse\/\"><img loading=\"lazy\" decoding=\"async\" src=\"http:\/\/panochrome.fr\/fr\/wp-content\/uploads\/2019\/08\/1024px-Flag_of_Switzerland_Pantone.svg_.png\" alt=\"\" class=\"wp-image-1083\" width=\"300\" height=\"300\" srcset=\"https:\/\/panochrome.fr\/fr\/wp-content\/uploads\/2019\/08\/1024px-Flag_of_Switzerland_Pantone.svg_.png 1024w, https:\/\/panochrome.fr\/fr\/wp-content\/uploads\/2019\/08\/1024px-Flag_of_Switzerland_Pantone.svg_-150x150.png 150w, https:\/\/panochrome.fr\/fr\/wp-content\/uploads\/2019\/08\/1024px-Flag_of_Switzerland_Pantone.svg_-300x300.png 300w, https:\/\/panochrome.fr\/fr\/wp-content\/uploads\/2019\/08\/1024px-Flag_of_Switzerland_Pantone.svg_-768x768.png 768w\" sizes=\"auto, (max-width: 300px) 100vw, 300px\" \/><\/a><\/figure><\/div>\n\n\n\n<h5 class=\"wp-block-heading\" style=\"text-align:center\"><a href=\"http:\/\/panochrome.fr\/fr\/panoramas\/europe\/suisse\/\"><strong><span style=\"text-decoration: underline;\">S<\/span><\/strong><\/a><strong><span style=\"text-decoration: underline;\"><a href=\"https:\/\/panochrome.fr\/fr\/panoramas\/europe\/suisse\/\">uisse<\/a><\/span><\/strong><\/h5>\n<\/div>\n\n\n\n<div class=\"wp-block-column is-layout-flow wp-block-column-is-layout-flow\">\n<div class=\"wp-block-image\"><figure class=\"aligncenter is-resized\"><a href=\"https:\/\/panochrome.fr\/fr\/panoramas\/europe\/espagne\/\"><img loading=\"lazy\" decoding=\"async\" src=\"http:\/\/panochrome.fr\/fr\/wp-content\/uploads\/2019\/07\/1000px-Flag_of_Spain.svg_.png\" alt=\"\" class=\"wp-image-539\" width=\"450\" height=\"300\" srcset=\"https:\/\/panochrome.fr\/fr\/wp-content\/uploads\/2019\/07\/1000px-Flag_of_Spain.svg_.png 1000w, https:\/\/panochrome.fr\/fr\/wp-content\/uploads\/2019\/07\/1000px-Flag_of_Spain.svg_-300x200.png 300w, https:\/\/panochrome.fr\/fr\/wp-content\/uploads\/2019\/07\/1000px-Flag_of_Spain.svg_-768x512.png 768w\" sizes=\"auto, (max-width: 450px) 100vw, 450px\" \/><\/a><\/figure><\/div>\n\n\n\n<h5 class=\"wp-block-heading\" style=\"text-align:center\"><strong><span style=\"text-decoration: underline;\"><a href=\"https:\/\/panochrome.fr\/fr\/panoramas\/europe\/espagne\/\">Espagne<\/a><\/span><\/strong><br><br><\/h5>\n\n\n\n<div class=\"wp-block-image\"><figure class=\"aligncenter is-resized\"><a href=\"https:\/\/panochrome.fr\/fr\/panoramas\/europe\/royaume-uni\/\"><img loading=\"lazy\" decoding=\"async\" src=\"https:\/\/panochrome.fr\/fr\/wp-content\/uploads\/2019\/09\/1024px-Flag_of_the_United_Kingdom.svg_-1024x512.png\" alt=\"\" class=\"wp-image-1549\" width=\"577\" height=\"300\"\/><\/a><\/figure><\/div>\n\n\n\n<h5 class=\"wp-block-heading\" style=\"text-align:center\"><strong><span style=\"text-decoration: underline;\"><a href=\"https:\/\/panochrome.fr\/fr\/panoramas\/europe\/royaume-uni\/\">Royaume-Uni<\/a><\/span><\/strong><\/h5>\n\n\n\n<p><\/p>\n<\/div>\n<\/div>\n","protected":false},"excerpt":{"rendered":"<p>Allemagne Italie Suisse Espagne Royaume-Uni<\/p>\n","protected":false},"author":1,"featured_media":0,"parent":276,"menu_order":2,"comment_status":"closed","ping_status":"closed","template":"","meta":{"_uag_custom_page_level_css":"","advgb_blocks_editor_width":"","advgb_blocks_columns_visual_guide":"","footnotes":""},"class_list":["post-344","page","type-page","status-publish","hentry"],"uagb_featured_image_src":{"full":false,"thumbnail":false,"medium":false,"medium_large":false,"large":false,"1536x1536":false,"2048x2048":false},"uagb_author_info":{"display_name":"Etienne","author_link":"https:\/\/panochrome.fr\/fr\/author\/edgeat51-wp\/"},"uagb_comment_info":0,"uagb_excerpt":"Allemagne Italie Suisse Espagne Royaume-Uni","coauthors":[],"author_meta":{"author_link":"https:\/\/panochrome.fr\/fr\/author\/edgeat51-wp\/","display_name":"Etienne"},"relative_dates":{"created":"Publi\u00e9 7 ans il y a","modified":"Mis \u00e0 jour 7 ans il y a"},"absolute_dates":{"created":"Publi\u00e9 le 10 juin 2019","modified":"Mise \u00e0 jour le 8 septembre 2019"},"absolute_dates_time":{"created":"Publi\u00e9 le 10 juin 2019 11 h 01 min","modified":"Mise \u00e0 jour le 8 septembre 2019 17 h 31 min"},"featured_img_caption":"","featured_img":false,"series_order":"","_links":{"self":[{"href":"https:\/\/panochrome.fr\/fr\/wp-json\/wp\/v2\/pages\/344","targetHints":{"allow":["GET"]}}],"collection":[{"href":"https:\/\/panochrome.fr\/fr\/wp-json\/wp\/v2\/pages"}],"about":[{"href":"https:\/\/panochrome.fr\/fr\/wp-json\/wp\/v2\/types\/page"}],"author":[{"embeddable":true,"href":"https:\/\/panochrome.fr\/fr\/wp-json\/wp\/v2\/users\/1"}],"replies":[{"embeddable":true,"href":"https:\/\/panochrome.fr\/fr\/wp-json\/wp\/v2\/comments?post=344"}],"version-history":[{"count":14,"href":"https:\/\/panochrome.fr\/fr\/wp-json\/wp\/v2\/pages\/344\/revisions"}],"predecessor-version":[{"id":1572,"href":"https:\/\/panochrome.fr\/fr\/wp-json\/wp\/v2\/pages\/344\/revisions\/1572"}],"up":[{"embeddable":true,"href":"https:\/\/panochrome.fr\/fr\/wp-json\/wp\/v2\/pages\/276"}],"wp:attachment":[{"href":"https:\/\/panochrome.fr\/fr\/wp-json\/wp\/v2\/media?parent=344"}],"curies":[{"name":"wp","href":"https:\/\/api.w.org\/{rel}","templated":true}]}}