{"id":341,"date":"2019-06-10T11:00:20","date_gmt":"2019-06-10T09:00:20","guid":{"rendered":"http:\/\/panochrome.fr\/fr\/?page_id=341"},"modified":"2023-03-19T11:48:10","modified_gmt":"2023-03-19T10:48:10","slug":"monde","status":"publish","type":"page","link":"https:\/\/panochrome.fr\/fr\/panoramas\/monde\/","title":{"rendered":"Monde"},"content":{"rendered":"\n<div class=\"wp-block-columns has-2-columns is-layout-flex wp-container-core-columns-is-layout-9d6595d7 wp-block-columns-is-layout-flex\">\n<div class=\"wp-block-column is-layout-flow wp-block-column-is-layout-flow\"><div class=\"wp-block-image\">\n<figure class=\"aligncenter is-resized advgb-dyn-15f28b3f\"><a href=\"https:\/\/panochrome.fr\/fr\/panoramas\/monde\/chine\/\"><img loading=\"lazy\" decoding=\"async\" src=\"http:\/\/panochrome.fr\/fr\/wp-content\/uploads\/2019\/06\/1000px-Flag_of_the_Peoples_Republic_of_China.svg_.png\" alt=\"\" class=\"wp-image-431\" width=\"400\" height=\"300\"\/><\/a><\/figure>\n<\/div>\n\n\n<h5 class=\"has-text-align-center wp-block-heading advgb-dyn-4c8364fb\"><span style=\"text-decoration: underline;\"><a href=\"http:\/\/panochrome.fr\/fr\/panoramas\/monde\/chine\/\"><strong>Ch<\/strong><\/a><strong><a href=\"https:\/\/panochrome.fr\/fr\/panoramas\/monde\/chine\/\">ine<\/a><\/strong><\/span><a href=\"https:\/\/panochrome.fr\/fr\/panoramas\/monde\/chine\/\"><br><\/a><br><\/h5>\n\n\n<div class=\"wp-block-image\">\n<figure class=\"aligncenter is-resized advgb-dyn-9c60db91\"><a href=\"https:\/\/panochrome.fr\/fr\/panoramas\/monde\/japon\/\"><img loading=\"lazy\" decoding=\"async\" src=\"http:\/\/panochrome.fr\/fr\/wp-content\/uploads\/2019\/06\/1000px-Flag_of_Japan.svg_.png\" alt=\"\" class=\"wp-image-427\" width=\"400\" height=\"300\"\/><\/a><\/figure>\n<\/div>\n\n\n<h5 class=\"has-text-align-center wp-block-heading advgb-dyn-fe8ff1f9\"><span style=\"text-decoration: underline;\"><strong><a href=\"https:\/\/panochrome.fr\/fr\/panoramas\/monde\/japon\/\">Japon<\/a><\/strong><\/span><br><br><\/h5>\n\n\n<div class=\"wp-block-image\">\n<figure class=\"aligncenter is-resized advgb-dyn-1ce4fef0\"><a href=\"https:\/\/panochrome.fr\/fr\/panoramas\/monde\/maroc\/\"><img loading=\"lazy\" decoding=\"async\" src=\"http:\/\/panochrome.fr\/fr\/wp-content\/uploads\/2019\/06\/1000px-Flag_of_Morocco.svg_.png\" alt=\"\" class=\"wp-image-430\" width=\"400\" height=\"300\"\/><\/a><\/figure>\n<\/div>\n\n\n<h5 class=\"has-text-align-center wp-block-heading advgb-dyn-4b5690d4\"><span style=\"text-decoration: underline;\"><strong><a href=\"https:\/\/panochrome.fr\/fr\/panoramas\/monde\/maroc\/\">Maroc<\/a><\/strong><\/span><\/h5>\n<\/div>\n\n\n\n<div class=\"wp-block-column is-layout-flow wp-block-column-is-layout-flow\"><div class=\"wp-block-image\">\n<figure class=\"aligncenter is-resized advgb-dyn-30e4e5cc\"><a href=\"https:\/\/panochrome.fr\/fr\/panoramas\/monde\/etats-unis\/\"><img loading=\"lazy\" decoding=\"async\" src=\"http:\/\/panochrome.fr\/fr\/wp-content\/uploads\/2019\/06\/1000px-Flag_of_the_United_States.svg_.png\" alt=\"\" class=\"wp-image-429\" width=\"513\" height=\"300\"\/><\/a><\/figure>\n<\/div>\n\n\n<h5 class=\"has-text-align-center wp-block-heading advgb-dyn-06f240a8\"><span style=\"text-decoration: underline;\"><strong><a href=\"https:\/\/panochrome.fr\/fr\/etats-unis\/\">\u00c9tats-Unis<\/a><\/strong><\/span><br><br><\/h5>\n\n\n<div class=\"wp-block-image\">\n<figure class=\"aligncenter is-resized advgb-dyn-51b80192\"><a href=\"https:\/\/panochrome.fr\/fr\/panoramas\/monde\/kenya\/\"><img loading=\"lazy\" decoding=\"async\" src=\"http:\/\/panochrome.fr\/fr\/wp-content\/uploads\/2019\/06\/1000px-Flag_of_Kenya.svg_.png\" alt=\"\" class=\"wp-image-428\" width=\"400\" height=\"300\"\/><\/a><\/figure>\n<\/div>\n\n\n<h5 class=\"has-text-align-center wp-block-heading advgb-dyn-504e7dab\"><a href=\"http:\/\/panochrome.fr\/fr\/panoramas\/monde\/kenya\/\"><span style=\"text-decoration: underline;\"><strong>K\u00e9ny<\/strong><\/span><\/a><span style=\"text-decoration: underline;\"><strong><a href=\"https:\/\/panochrome.fr\/fr\/panoramas\/monde\/kenya\/\">a<\/a><\/strong><\/span><a href=\"https:\/\/panochrome.fr\/fr\/panoramas\/monde\/kenya\/\"><br><\/a><br><\/h5>\n\n\n<div class=\"wp-block-image\">\n<figure class=\"aligncenter size-full is-resized\"><a href=\"https:\/\/panochrome.fr\/fr\/egypte\/\"><img loading=\"lazy\" decoding=\"async\" src=\"https:\/\/panochrome.fr\/fr\/wp-content\/uploads\/2023\/03\/Flag_of_Egypt.png\" alt=\"\" class=\"wp-image-1741\" width=\"402\" height=\"300\"\/><\/a><\/figure>\n<\/div>\n\n\n<h5 class=\"has-text-align-center wp-block-heading\"><a href=\"https:\/\/panochrome.fr\/fr\/egypte\/\"><strong><span style=\"text-decoration: underline;\"><\/span><\/strong><\/a><strong><strong><a href=\"https:\/\/panochrome.fr\/fr\/egypte\/\"><span style=\"text-decoration: underline;\">Egypte<\/span><\/a><\/strong><\/strong><\/h5>\n<\/div>\n<\/div>\n\n\n\n<p><\/p>\n","protected":false},"excerpt":{"rendered":"<p>Chine Japon Maroc \u00c9tats-Unis K\u00e9nya Egypte<\/p>\n","protected":false},"author":1,"featured_media":0,"parent":276,"menu_order":4,"comment_status":"closed","ping_status":"closed","template":"","meta":{"_uag_custom_page_level_css":"","advgb_blocks_editor_width":"","advgb_blocks_columns_visual_guide":"","footnotes":""},"class_list":["post-341","page","type-page","status-publish","hentry"],"uagb_featured_image_src":{"full":false,"thumbnail":false,"medium":false,"medium_large":false,"large":false,"1536x1536":false,"2048x2048":false},"uagb_author_info":{"display_name":"Etienne","author_link":"https:\/\/panochrome.fr\/fr\/author\/edgeat51-wp\/"},"uagb_comment_info":0,"uagb_excerpt":"Chine Japon Maroc \u00c9tats-Unis K\u00e9nya Egypte","coauthors":[],"author_meta":{"author_link":"https:\/\/panochrome.fr\/fr\/author\/edgeat51-wp\/","display_name":"Etienne"},"relative_dates":{"created":"Publi\u00e9 7 ans il y a","modified":"Mis \u00e0 jour 3 ans il y a"},"absolute_dates":{"created":"Publi\u00e9 le 10 juin 2019","modified":"Mise \u00e0 jour le 19 mars 2023"},"absolute_dates_time":{"created":"Publi\u00e9 le 10 juin 2019 11 h 00 min","modified":"Mise \u00e0 jour le 19 mars 2023 11 h 48 min"},"featured_img_caption":"","featured_img":false,"series_order":"","_links":{"self":[{"href":"https:\/\/panochrome.fr\/fr\/wp-json\/wp\/v2\/pages\/341","targetHints":{"allow":["GET"]}}],"collection":[{"href":"https:\/\/panochrome.fr\/fr\/wp-json\/wp\/v2\/pages"}],"about":[{"href":"https:\/\/panochrome.fr\/fr\/wp-json\/wp\/v2\/types\/page"}],"author":[{"embeddable":true,"href":"https:\/\/panochrome.fr\/fr\/wp-json\/wp\/v2\/users\/1"}],"replies":[{"embeddable":true,"href":"https:\/\/panochrome.fr\/fr\/wp-json\/wp\/v2\/comments?post=341"}],"version-history":[{"count":19,"href":"https:\/\/panochrome.fr\/fr\/wp-json\/wp\/v2\/pages\/341\/revisions"}],"predecessor-version":[{"id":1743,"href":"https:\/\/panochrome.fr\/fr\/wp-json\/wp\/v2\/pages\/341\/revisions\/1743"}],"up":[{"embeddable":true,"href":"https:\/\/panochrome.fr\/fr\/wp-json\/wp\/v2\/pages\/276"}],"wp:attachment":[{"href":"https:\/\/panochrome.fr\/fr\/wp-json\/wp\/v2\/media?parent=341"}],"curies":[{"name":"wp","href":"https:\/\/api.w.org\/{rel}","templated":true}]}}