{"id":276,"date":"2019-06-10T01:41:51","date_gmt":"2019-06-09T23:41:51","guid":{"rendered":"http:\/\/panochrome.fr\/fr\/?page_id=276"},"modified":"2019-08-18T19:24:20","modified_gmt":"2019-08-18T17:24:20","slug":"panoramas","status":"publish","type":"page","link":"https:\/\/panochrome.fr\/fr\/panoramas\/","title":{"rendered":"PANORAMA"},"content":{"rendered":"\n<div class=\"wp-block-columns has-2-columns is-layout-flex wp-container-core-columns-is-layout-9d6595d7 wp-block-columns-is-layout-flex\">\n<div class=\"wp-block-column is-layout-flow wp-block-column-is-layout-flow\">\n<div class=\"wp-block-image\"><figure class=\"aligncenter is-resized\"><a href=\"https:\/\/panochrome.fr\/fr\/panoramas\/monde\/\"><img loading=\"lazy\" decoding=\"async\" src=\"http:\/\/panochrome.fr\/fr\/wp-content\/uploads\/2019\/06\/Carte-Monde-modif-1024x533.png\" alt=\"\" class=\"wp-image-391\" width=\"512\" height=\"300\"\/><\/a><\/figure><\/div>\n\n\n\n<h5 class=\"wp-block-heading\" style=\"text-align:center\"><span style=\"text-decoration: underline;\"><strong><a href=\"https:\/\/panochrome.fr\/fr\/panoramas\/monde\/\">Monde<\/a><\/strong><\/span><br><strong><br><\/strong><br><\/h5>\n\n\n\n<div class=\"wp-block-image\"><figure class=\"aligncenter is-resized\"><a href=\"https:\/\/panochrome.fr\/fr\/panoramas\/france\/\"><img loading=\"lazy\" decoding=\"async\" src=\"http:\/\/panochrome.fr\/fr\/wp-content\/uploads\/2019\/06\/Carte-France-1.png\" alt=\"\" class=\"wp-image-411\" width=\"331\" height=\"300\" srcset=\"https:\/\/panochrome.fr\/fr\/wp-content\/uploads\/2019\/06\/Carte-France-1.png 883w, https:\/\/panochrome.fr\/fr\/wp-content\/uploads\/2019\/06\/Carte-France-1-300x272.png 300w, https:\/\/panochrome.fr\/fr\/wp-content\/uploads\/2019\/06\/Carte-France-1-768x696.png 768w\" sizes=\"auto, (max-width: 331px) 100vw, 331px\" \/><\/a><\/figure><\/div>\n\n\n\n<h5 class=\"wp-block-heading\" style=\"text-align:center\"><span style=\"text-decoration: underline;\"><a href=\"http:\/\/panochrome.fr\/fr\/panoramas\/france\/\"><strong>Fran<\/strong><\/a><strong><a href=\"https:\/\/panochrome.fr\/fr\/panoramas\/france\/\">ce<\/a><\/strong><\/span><strong><a href=\"https:\/\/panochrome.fr\/fr\/panoramas\/france\/\"><br><\/a><\/strong><\/h5>\n<\/div>\n\n\n\n<div class=\"wp-block-column is-layout-flow wp-block-column-is-layout-flow\">\n<div class=\"wp-block-image\"><figure class=\"aligncenter is-resized\"><a href=\"https:\/\/panochrome.fr\/fr\/panoramas\/europe\/\"><img loading=\"lazy\" decoding=\"async\" src=\"http:\/\/panochrome.fr\/fr\/wp-content\/uploads\/2019\/06\/Europe.png\" alt=\"\" class=\"wp-image-393\" width=\"354\" height=\"300\" srcset=\"https:\/\/panochrome.fr\/fr\/wp-content\/uploads\/2019\/06\/Europe.png 1200w, https:\/\/panochrome.fr\/fr\/wp-content\/uploads\/2019\/06\/Europe-300x254.png 300w, https:\/\/panochrome.fr\/fr\/wp-content\/uploads\/2019\/06\/Europe-768x650.png 768w, https:\/\/panochrome.fr\/fr\/wp-content\/uploads\/2019\/06\/Europe-1024x866.png 1024w\" sizes=\"auto, (max-width: 354px) 100vw, 354px\" \/><\/a><\/figure><\/div>\n\n\n\n<h5 class=\"wp-block-heading\" style=\"text-align:center\"><span style=\"text-decoration: underline;\"><strong><a href=\"https:\/\/panochrome.fr\/fr\/panoramas\/europe\/\">Europe<\/a><\/strong><\/span><strong><br><\/strong><br><\/h5>\n\n\n\n<div class=\"wp-block-image\"><figure class=\"aligncenter is-resized\"><a href=\"https:\/\/panochrome.fr\/fr\/panoramas\/genie-civil-construction\/\"><img loading=\"lazy\" decoding=\"async\" src=\"http:\/\/panochrome.fr\/fr\/wp-content\/uploads\/2019\/06\/genie-civil.png\" alt=\"\" class=\"wp-image-417\" width=\"197\" height=\"300\"\/><\/a><\/figure><\/div>\n\n\n\n<h5 class=\"wp-block-heading\" style=\"text-align:center\"><span style=\"text-decoration: underline;\"><strong><a href=\"https:\/\/panochrome.fr\/fr\/panoramas\/genie-civil-construction\/\">G\u00e9nie-Civil et Construction<\/a><\/strong><\/span><strong><br><\/strong><\/h5>\n<\/div>\n<\/div>\n\n\n\n<p><br><\/p>\n\n\n\n<div class=\"wp-block-image\"><figure class=\"aligncenter is-resized\"><a href=\"https:\/\/panochrome.fr\/fr\/inclassable\/\"><img loading=\"lazy\" decoding=\"async\" src=\"http:\/\/panochrome.fr\/fr\/wp-content\/uploads\/2019\/06\/divers.png\" alt=\"\" class=\"wp-image-418\" width=\"219\" height=\"300\" srcset=\"https:\/\/panochrome.fr\/fr\/wp-content\/uploads\/2019\/06\/divers.png 590w, https:\/\/panochrome.fr\/fr\/wp-content\/uploads\/2019\/06\/divers-219x300.png 219w\" sizes=\"auto, (max-width: 219px) 100vw, 219px\" \/><\/a><\/figure><\/div>\n\n\n\n<h5 class=\"wp-block-heading\" style=\"text-align:center\"><span style=\"text-decoration: underline;\"><a href=\"http:\/\/panochrome.fr\/fr\/inclassable\/\"><strong>Incla<\/strong><\/a><strong><a href=\"https:\/\/panochrome.fr\/fr\/inclassable\/\">ssable<\/a><\/strong><\/span><\/h5>\n","protected":false},"excerpt":{"rendered":"<p>Monde France Europe G\u00e9nie-Civil et Construction Inclassable<\/p>\n","protected":false},"author":1,"featured_media":0,"parent":0,"menu_order":1,"comment_status":"closed","ping_status":"closed","template":"","meta":{"_uag_custom_page_level_css":"","advgb_blocks_editor_width":"","advgb_blocks_columns_visual_guide":"","footnotes":""},"class_list":["post-276","page","type-page","status-publish","hentry"],"uagb_featured_image_src":{"full":false,"thumbnail":false,"medium":false,"medium_large":false,"large":false,"1536x1536":false,"2048x2048":false},"uagb_author_info":{"display_name":"Etienne","author_link":"https:\/\/panochrome.fr\/fr\/author\/edgeat51-wp\/"},"uagb_comment_info":0,"uagb_excerpt":"Monde France Europe G\u00e9nie-Civil et Construction Inclassable","coauthors":[],"author_meta":{"author_link":"https:\/\/panochrome.fr\/fr\/author\/edgeat51-wp\/","display_name":"Etienne"},"relative_dates":{"created":"Publi\u00e9 7 ans il y a","modified":"Mis \u00e0 jour 7 ans il y a"},"absolute_dates":{"created":"Publi\u00e9 le 10 juin 2019","modified":"Mise \u00e0 jour le 18 ao\u00fbt 2019"},"absolute_dates_time":{"created":"Publi\u00e9 le 10 juin 2019 1 h 41 min","modified":"Mise \u00e0 jour le 18 ao\u00fbt 2019 19 h 24 min"},"featured_img_caption":"","featured_img":false,"series_order":"","_links":{"self":[{"href":"https:\/\/panochrome.fr\/fr\/wp-json\/wp\/v2\/pages\/276","targetHints":{"allow":["GET"]}}],"collection":[{"href":"https:\/\/panochrome.fr\/fr\/wp-json\/wp\/v2\/pages"}],"about":[{"href":"https:\/\/panochrome.fr\/fr\/wp-json\/wp\/v2\/types\/page"}],"author":[{"embeddable":true,"href":"https:\/\/panochrome.fr\/fr\/wp-json\/wp\/v2\/users\/1"}],"replies":[{"embeddable":true,"href":"https:\/\/panochrome.fr\/fr\/wp-json\/wp\/v2\/comments?post=276"}],"version-history":[{"count":51,"href":"https:\/\/panochrome.fr\/fr\/wp-json\/wp\/v2\/pages\/276\/revisions"}],"predecessor-version":[{"id":1508,"href":"https:\/\/panochrome.fr\/fr\/wp-json\/wp\/v2\/pages\/276\/revisions\/1508"}],"wp:attachment":[{"href":"https:\/\/panochrome.fr\/fr\/wp-json\/wp\/v2\/media?parent=276"}],"curies":[{"name":"wp","href":"https:\/\/api.w.org\/{rel}","templated":true}]}}