{"id":2,"date":"2019-06-08T10:40:03","date_gmt":"2019-06-08T08:40:03","guid":{"rendered":"http:\/\/panochrome.fr\/fr\/?page_id=2"},"modified":"2019-08-19T16:51:41","modified_gmt":"2019-08-19T14:51:41","slug":"articles","status":"publish","type":"page","link":"https:\/\/panochrome.fr\/fr\/articles\/","title":{"rendered":"ARTICLES"},"content":{"rendered":"\n<div class=\"wp-block-media-text alignwide\" style=\"grid-template-columns:19% auto\"><figure class=\"wp-block-media-text__media\"><img loading=\"lazy\" decoding=\"async\" width=\"739\" height=\"1024\" src=\"http:\/\/panochrome.fr\/fr\/wp-content\/uploads\/2019\/06\/article-photographie-hd-739x1024.jpg\" alt=\"\" class=\"wp-image-67\" srcset=\"https:\/\/panochrome.fr\/fr\/wp-content\/uploads\/2019\/06\/article-photographie-hd-739x1024.jpg 739w, https:\/\/panochrome.fr\/fr\/wp-content\/uploads\/2019\/06\/article-photographie-hd-217x300.jpg 217w, https:\/\/panochrome.fr\/fr\/wp-content\/uploads\/2019\/06\/article-photographie-hd-768x1064.jpg 768w, https:\/\/panochrome.fr\/fr\/wp-content\/uploads\/2019\/06\/article-photographie-hd.jpg 800w\" sizes=\"auto, (max-width: 739px) 100vw, 739px\" \/><\/figure><div class=\"wp-block-media-text__content\">\n<p><span style=\"text-decoration: underline;\"><strong><a href=\"https:\/\/www.panochrome.fr\/articles\/Article_photographie_HD.pdf\" target=\"_blank\" rel=\"noreferrer noopener\" aria-label=\" (s\u2019ouvre dans un nouvel onglet)\">Photographie HD &#8211; Guide d\u2019initiation<\/a><\/strong><\/span><\/p>\n\n\n\n<p>Ce guide \u00e0 pour objectif de d\u00e9crire chacune des \u00e9tapes de la r\u00e9alisation d\u2019une photographie haute d\u00e9finition. Vous y trouverez de nombreux conseils, que ce soit sur la prise de vue ou sur les options de rendu \u00e0 privil\u00e9gier dans les logiciels d\u2019assemblage.<br><br>Enfin, la derni\u00e8re partie explique pas-\u00e0-pas comment utiliser le logiciel \u201czoomify\u201d qui permet de mettre facilement ses propres photos haute d\u00e9finition sur un site internet.<\/p>\n\n\n\n<div class=\"wp-block-button aligncenter is-style-default\"><a class=\"wp-block-button__link\" href=\"https:\/\/www.panochrome.fr\/articles\/Article_photographie_HD.pdf\">T\u00e9l\u00e9charger le pdf<\/a><\/div>\n<\/div><\/div>\n\n\n\n<p><br><\/p>\n\n\n\n<div class=\"wp-block-media-text alignwide\" style=\"grid-template-columns:19% auto\"><figure class=\"wp-block-media-text__media\"><img loading=\"lazy\" decoding=\"async\" width=\"739\" height=\"1024\" src=\"http:\/\/panochrome.fr\/fr\/wp-content\/uploads\/2019\/06\/article-angle-de-champ-739x1024.jpg\" alt=\"\" class=\"wp-image-70\" srcset=\"https:\/\/panochrome.fr\/fr\/wp-content\/uploads\/2019\/06\/article-angle-de-champ-739x1024.jpg 739w, https:\/\/panochrome.fr\/fr\/wp-content\/uploads\/2019\/06\/article-angle-de-champ-216x300.jpg 216w, https:\/\/panochrome.fr\/fr\/wp-content\/uploads\/2019\/06\/article-angle-de-champ-768x1065.jpg 768w, https:\/\/panochrome.fr\/fr\/wp-content\/uploads\/2019\/06\/article-angle-de-champ.jpg 800w\" sizes=\"auto, (max-width: 739px) 100vw, 739px\" \/><\/figure><div class=\"wp-block-media-text__content\">\n<p><strong><span style=\"text-decoration: underline;\"><a href=\"https:\/\/www.panochrome.fr\/articles\/Angle_de_champ.pdf\">Angle de champ &#8211; D\u00e9finition et m\u00e9thodes de calcul<\/a><\/span><\/strong><\/p>\n\n\n\n<p>En photographie panoramique et haute d\u00e9finition, l\u2019angle de champ est un param\u00e8tre tr\u00e8s important car il permet de calculer l\u2019angle entre chaque photo.<br><br>L\u2019objectif de ce document est d\u2019expliquer ce qu\u2019est l\u2019angle de champ, \u00e0 quoi il sert et comment le calculer.<br>Pour illustrer la th\u00e9orie, vous trouverez \u00e0 la fin de cet article un exemple concret.<br><br><\/p>\n\n\n\n<div class=\"wp-block-button aligncenter is-style-default\"><a class=\"wp-block-button__link\" href=\"https:\/\/www.panochrome.fr\/articles\/Angle_de_champ.pdf\">T\u00e9l\u00e9charger le pdf<\/a><\/div>\n\n\n\n<p><\/p>\n<\/div><\/div>\n\n\n\n<p><br><\/p>\n\n\n\n<div class=\"wp-block-media-text alignwide\" style=\"grid-template-columns:19% auto\"><figure class=\"wp-block-media-text__media\"><img loading=\"lazy\" decoding=\"async\" width=\"738\" height=\"1024\" src=\"http:\/\/panochrome.fr\/fr\/wp-content\/uploads\/2019\/06\/article-tete-panoramique-738x1024.jpg\" alt=\"\" class=\"wp-image-71\" srcset=\"https:\/\/panochrome.fr\/fr\/wp-content\/uploads\/2019\/06\/article-tete-panoramique-738x1024.jpg 738w, https:\/\/panochrome.fr\/fr\/wp-content\/uploads\/2019\/06\/article-tete-panoramique-216x300.jpg 216w, https:\/\/panochrome.fr\/fr\/wp-content\/uploads\/2019\/06\/article-tete-panoramique-768x1066.jpg 768w, https:\/\/panochrome.fr\/fr\/wp-content\/uploads\/2019\/06\/article-tete-panoramique.jpg 800w\" sizes=\"auto, (max-width: 738px) 100vw, 738px\" \/><\/figure><div class=\"wp-block-media-text__content\">\n<p><strong><span style=\"text-decoration: underline;\"><a href=\"https:\/\/www.panochrome.fr\/articles\/Article_tete_panoramique.pdf\">R\u00e9alisation d\u2019une t\u00eate panoramique<\/a><\/span><\/strong><\/p>\n\n\n\n<p>Ce document explique comment construire soit m\u00eame une t\u00eate panoramique tr\u00e8s bon march\u00e9.<br><br>Cette t\u00eate vous permettra de r\u00e9aliser des panorama sph\u00e9riques avec un appareil photo num\u00e9rique compact.&nbsp;<br><br><br><\/p>\n\n\n\n<div class=\"wp-block-button aligncenter is-style-default\"><a class=\"wp-block-button__link\" href=\"https:\/\/www.panochrome.fr\/articles\/Article_tete_panoramique.pdf\">T\u00e9l\u00e9charger le pdf<\/a><\/div>\n\n\n\n<p><\/p>\n<\/div><\/div>\n","protected":false},"excerpt":{"rendered":"","protected":false},"author":1,"featured_media":0,"parent":0,"menu_order":1,"comment_status":"closed","ping_status":"open","template":"","meta":{"_uag_custom_page_level_css":"","advgb_blocks_editor_width":"","advgb_blocks_columns_visual_guide":"","footnotes":""},"class_list":["post-2","page","type-page","status-publish","hentry"],"uagb_featured_image_src":{"full":false,"thumbnail":false,"medium":false,"medium_large":false,"large":false,"1536x1536":false,"2048x2048":false},"uagb_author_info":{"display_name":"Etienne","author_link":"https:\/\/panochrome.fr\/fr\/author\/edgeat51-wp\/"},"uagb_comment_info":0,"uagb_excerpt":null,"coauthors":[],"author_meta":{"author_link":"https:\/\/panochrome.fr\/fr\/author\/edgeat51-wp\/","display_name":"Etienne"},"relative_dates":{"created":"Publi\u00e9 7 ans il y a","modified":"Mis \u00e0 jour 7 ans il y a"},"absolute_dates":{"created":"Publi\u00e9 le 8 juin 2019","modified":"Mise \u00e0 jour le 19 ao\u00fbt 2019"},"absolute_dates_time":{"created":"Publi\u00e9 le 8 juin 2019 10 h 40 min","modified":"Mise \u00e0 jour le 19 ao\u00fbt 2019 16 h 51 min"},"featured_img_caption":"","featured_img":false,"series_order":"","_links":{"self":[{"href":"https:\/\/panochrome.fr\/fr\/wp-json\/wp\/v2\/pages\/2","targetHints":{"allow":["GET"]}}],"collection":[{"href":"https:\/\/panochrome.fr\/fr\/wp-json\/wp\/v2\/pages"}],"about":[{"href":"https:\/\/panochrome.fr\/fr\/wp-json\/wp\/v2\/types\/page"}],"author":[{"embeddable":true,"href":"https:\/\/panochrome.fr\/fr\/wp-json\/wp\/v2\/users\/1"}],"replies":[{"embeddable":true,"href":"https:\/\/panochrome.fr\/fr\/wp-json\/wp\/v2\/comments?post=2"}],"version-history":[{"count":40,"href":"https:\/\/panochrome.fr\/fr\/wp-json\/wp\/v2\/pages\/2\/revisions"}],"predecessor-version":[{"id":1537,"href":"https:\/\/panochrome.fr\/fr\/wp-json\/wp\/v2\/pages\/2\/revisions\/1537"}],"wp:attachment":[{"href":"https:\/\/panochrome.fr\/fr\/wp-json\/wp\/v2\/media?parent=2"}],"curies":[{"name":"wp","href":"https:\/\/api.w.org\/{rel}","templated":true}]}}