{"id":159,"date":"2019-06-09T23:27:17","date_gmt":"2019-06-09T21:27:17","guid":{"rendered":"http:\/\/panochrome.fr\/fr\/?page_id=159"},"modified":"2022-09-29T23:32:06","modified_gmt":"2022-09-29T21:32:06","slug":"photographie-hd","status":"publish","type":"page","link":"https:\/\/panochrome.fr\/fr\/photographie-hd\/","title":{"rendered":"PHOTOGRAPHIE HD"},"content":{"rendered":"\n<div class=\"wp-block-media-text alignwide is-stacked-on-mobile\" style=\"grid-template-columns:23% auto\"><figure class=\"wp-block-media-text__media\"><img loading=\"lazy\" decoding=\"async\" width=\"800\" height=\"800\" src=\"http:\/\/panochrome.fr\/fr\/wp-content\/uploads\/2019\/06\/cathedrale-reims.png\" alt=\"\" class=\"wp-image-188 size-full\" srcset=\"https:\/\/panochrome.fr\/fr\/wp-content\/uploads\/2019\/06\/cathedrale-reims.png 800w, https:\/\/panochrome.fr\/fr\/wp-content\/uploads\/2019\/06\/cathedrale-reims-150x150.png 150w, https:\/\/panochrome.fr\/fr\/wp-content\/uploads\/2019\/06\/cathedrale-reims-300x300.png 300w, https:\/\/panochrome.fr\/fr\/wp-content\/uploads\/2019\/06\/cathedrale-reims-768x768.png 768w\" sizes=\"auto, (max-width: 800px) 100vw, 800px\" \/><\/figure><div class=\"wp-block-media-text__content\">\n<p><strong><span style=\"text-decoration: underline;\"><a href=\"https:\/\/panochrome.fr\/panoramas\/gigapixels\/hd-reims-cathedrale\/hd-reims-cathedral.html\" target=\"_blank\" rel=\"noreferrer noopener\" aria-label=\" (s\u2019ouvre dans un nouvel onglet)\">Cath\u00e9drale de Reims &#8211; Fa\u00e7ade<\/a><\/span><\/strong><\/p>\n\n\n\n<p><span style=\"text-decoration: underline;\">Image<\/span><br><em> Dimensions: &nbsp; &nbsp; &nbsp; &nbsp; 466 M\u00e9gapixels (19 528 x 23 864)<\/em><br><em>Taille du fichier:&nbsp; &nbsp; 914 Mo<\/em><\/p>\n\n\n\n<p><span style=\"text-decoration: underline;\">Prise de vue<\/span><br><em>&nbsp; &nbsp; Appareil photos: &nbsp; Pentax K10D \/ Focale 100 mm<\/em><br><em>&nbsp; &nbsp; Nb photos: &nbsp; &nbsp; &nbsp; &nbsp; &nbsp; 66 photos \u00e0 10 M\u00e9gapixels<\/em><\/p>\n\n\n\n<div class=\"wp-block-button aligncenter\"><a class=\"wp-block-button__link\" href=\"https:\/\/panochrome.fr\/panoramas\/gigapixels\/hd-reims-cathedrale\/hd-reims-cathedral.html\">Visualiser la photo HD<\/a><\/div>\n\n\n\n<p><\/p>\n<\/div><\/div>\n\n\n\n<h2 class=\"wp-block-heading\"><br><\/h2>\n\n\n\n<p><\/p>\n\n\n\n<div class=\"wp-block-media-text alignwide\" style=\"grid-template-columns:23% auto\"><figure class=\"wp-block-media-text__media\"><img loading=\"lazy\" decoding=\"async\" width=\"1024\" height=\"1024\" src=\"http:\/\/panochrome.fr\/fr\/wp-content\/uploads\/2019\/06\/vitrail-cathedrale-reims-1024x1024.png\" alt=\"\" class=\"wp-image-191\" srcset=\"https:\/\/panochrome.fr\/fr\/wp-content\/uploads\/2019\/06\/vitrail-cathedrale-reims-1024x1024.png 1024w, https:\/\/panochrome.fr\/fr\/wp-content\/uploads\/2019\/06\/vitrail-cathedrale-reims-150x150.png 150w, https:\/\/panochrome.fr\/fr\/wp-content\/uploads\/2019\/06\/vitrail-cathedrale-reims-300x300.png 300w, https:\/\/panochrome.fr\/fr\/wp-content\/uploads\/2019\/06\/vitrail-cathedrale-reims-768x768.png 768w, https:\/\/panochrome.fr\/fr\/wp-content\/uploads\/2019\/06\/vitrail-cathedrale-reims.png 1600w\" sizes=\"auto, (max-width: 1024px) 100vw, 1024px\" \/><\/figure><div class=\"wp-block-media-text__content\">\n\n<p style=\"text-align:left\"><strong><span style=\"text-decoration: underline;\"><a href=\"http:\/\/www.panochrome.fr\/panoramas\/gigapixels\/hd-reims-cathedrale-vitrail\/hd-reims-cathedrale-vitrail.html\" target=\"_blank\" rel=\"noreferrer noopener\" aria-label=\" (s\u2019ouvre dans un nouvel onglet)\">Cath\u00e9drale de Reims<\/a><\/span><\/strong><span style=\"text-decoration: underline;\"><a href=\"http:\/\/www.panochrome.fr\/panoramas\/gigapixels\/hd-reims-cathedrale-vitrail\/hd-reims-cathedrale-vitrail.html\" target=\"_blank\" rel=\"noreferrer noopener\" aria-label=\" (s\u2019ouvre dans un nouvel onglet)\"> &#8211; <\/a><\/span><strong><span style=\"text-decoration: underline;\"><a href=\"http:\/\/www.panochrome.fr\/panoramas\/gigapixels\/hd-reims-cathedrale-vitrail\/hd-reims-cathedrale-vitrail.html\" target=\"_blank\" rel=\"noreferrer noopener\" aria-label=\" (s\u2019ouvre dans un nouvel onglet)\">Grande et petite rosaces<\/a><\/span><\/strong><\/p>\n\n\n<p><span style=\"text-decoration: underline;\">Image<\/span><br><em>&nbsp; &nbsp; Dimensions: &nbsp; &nbsp; &nbsp; &nbsp; 288 M\u00e9gapixels (10 543x 27 298)<\/em><br><em>&nbsp; &nbsp; Taille du fichier:&nbsp; &nbsp; 549 Mo<\/em><\/p>\n\n\n<p><span style=\"text-decoration: underline;\">Prise de vue<br><\/span><em>&nbsp; &nbsp; Appareil photos: &nbsp; Pentax K10D \/ Focale 100 mm<\/em><br><em>&nbsp; &nbsp; Nb photos: &nbsp; &nbsp; &nbsp; &nbsp; &nbsp; 4 x 76 photos \u00e0 6 M\u00e9gapixels (bracketting &#8211; Enfuse)<\/em><br><\/p>\n\n\n<div class=\"wp-block-button aligncenter\"><a class=\"wp-block-button__link\" href=\"https:\/\/www.panochrome.fr\/panoramas\/gigapixels\/hd-reims-cathedrale-vitrail\/hd-reims-cathedrale-vitrail.html\">Visualiser la photo HD<\/a><\/div>\n\n<\/div><\/div>\n\n\n\n<h2 class=\"wp-block-heading\"><br><\/h2>\n\n\n\n<p><\/p>\n\n\n\n<div class=\"wp-block-media-text alignwide\" style=\"grid-template-columns:22% auto\"><figure class=\"wp-block-media-text__media\"><img loading=\"lazy\" decoding=\"async\" width=\"800\" height=\"800\" src=\"http:\/\/panochrome.fr\/fr\/wp-content\/uploads\/2019\/06\/notre-dame-de-paris.png\" alt=\"\" class=\"wp-image-190\" srcset=\"https:\/\/panochrome.fr\/fr\/wp-content\/uploads\/2019\/06\/notre-dame-de-paris.png 800w, https:\/\/panochrome.fr\/fr\/wp-content\/uploads\/2019\/06\/notre-dame-de-paris-150x150.png 150w, https:\/\/panochrome.fr\/fr\/wp-content\/uploads\/2019\/06\/notre-dame-de-paris-300x300.png 300w, https:\/\/panochrome.fr\/fr\/wp-content\/uploads\/2019\/06\/notre-dame-de-paris-768x768.png 768w\" sizes=\"auto, (max-width: 800px) 100vw, 800px\" \/><\/figure><div class=\"wp-block-media-text__content\">\n\n<p><strong><span style=\"text-decoration: underline;\"><a href=\"https:\/\/www.panochrome.fr\/panoramas\/gigapixels\/hd-paris-notre-dame\/hd-paris-notre-dame.html\">Notre Dame de Paris &#8211; Fa\u00e7ade<\/a><\/span><\/strong><\/p>\n\n\n<p><span style=\"text-decoration: underline;\">Image<\/span><br><em>&nbsp; &nbsp; Dimensions: &nbsp; &nbsp; &nbsp; &nbsp; 466 M\u00e9gapixels (19 528 x 23 864)<\/em><br><em>&nbsp; &nbsp; Taille du fichier:&nbsp; &nbsp; 914 Mo<\/em><\/p>\n\n\n<p><span style=\"text-decoration: underline;\">Prise de vue<br><\/span><em>&nbsp; &nbsp; Appareil photos: &nbsp; Pentax K10D \/ Focale 100 mm<\/em><br><em>&nbsp; &nbsp; Nb photos: &nbsp; &nbsp; &nbsp; &nbsp; &nbsp; 66 photos \u00e0 10 M\u00e9gapixels<\/em><\/p>\n\n\n<div class=\"wp-block-button aligncenter\"><a class=\"wp-block-button__link\" href=\"https:\/\/www.panochrome.fr\/panoramas\/gigapixels\/hd-paris-notre-dame\/hd-paris-notre-dame.html\">Visualiser la photo HD<\/a><\/div>\n\n<\/div><\/div>\n\n\n\n<h2 class=\"wp-block-heading\"><br><\/h2>\n\n\n\n<div class=\"wp-block-media-text alignwide\" style=\"grid-template-columns:22% auto\"><figure class=\"wp-block-media-text__media\"><img loading=\"lazy\" decoding=\"async\" width=\"1024\" height=\"1024\" src=\"http:\/\/panochrome.fr\/fr\/wp-content\/uploads\/2019\/06\/arc-triomphe-caroussel-1024x1024.jpg\" alt=\"\" class=\"wp-image-186\" srcset=\"https:\/\/panochrome.fr\/fr\/wp-content\/uploads\/2019\/06\/arc-triomphe-caroussel-1024x1024.jpg 1024w, https:\/\/panochrome.fr\/fr\/wp-content\/uploads\/2019\/06\/arc-triomphe-caroussel-150x150.jpg 150w, https:\/\/panochrome.fr\/fr\/wp-content\/uploads\/2019\/06\/arc-triomphe-caroussel-300x300.jpg 300w, https:\/\/panochrome.fr\/fr\/wp-content\/uploads\/2019\/06\/arc-triomphe-caroussel-768x768.jpg 768w, https:\/\/panochrome.fr\/fr\/wp-content\/uploads\/2019\/06\/arc-triomphe-caroussel.jpg 1600w\" sizes=\"auto, (max-width: 1024px) 100vw, 1024px\" \/><\/figure><div class=\"wp-block-media-text__content\">\n\n<p><strong><span style=\"text-decoration: underline;\"><a href=\"https:\/\/www.panochrome.fr\/panoramas\/gigapixels\/hd-paris-arc-triomphe-carroussel\/hd-paris-arc-triomphe-carroussel.html\">Arc de Triomphe du Carrousel<\/a><\/span><\/strong><\/p>\n\n\n<p><span style=\"text-decoration: underline;\">Image<br><\/span><em>&nbsp; &nbsp; Dimensions: &nbsp; &nbsp; &nbsp; &nbsp; 38 M\u00e9gapixels (6 377 x 6 073)<\/em><br><em>&nbsp; &nbsp; Taille du fichier:&nbsp; &nbsp; 107 Mo<\/em><br><\/p>\n\n\n<p><span style=\"text-decoration: underline;\">Prise de vue<br><\/span><em>&nbsp; &nbsp; Appareil photos: &nbsp; Pentax K10D \/ Focale 100 mm<\/em><br><em>&nbsp; &nbsp; Nb photos: &nbsp; &nbsp; &nbsp; &nbsp; &nbsp; 15 photos \u00e0 10 M\u00e9gapixels<\/em><\/p>\n\n\n<div class=\"wp-block-button aligncenter\"><a class=\"wp-block-button__link\" href=\"https:\/\/www.panochrome.fr\/panoramas\/gigapixels\/hd-paris-arc-triomphe-carroussel\/hd-paris-arc-triomphe-carroussel.html\">Visualiser la photo HD<\/a><\/div>\n\n\n<p><\/p>\n\n<\/div><\/div>\n\n\n\n<h2 class=\"wp-block-heading\"><br><\/h2>\n\n\n\n<div class=\"wp-block-media-text alignwide\" style=\"grid-template-columns:22% auto\"><figure class=\"wp-block-media-text__media\"><img loading=\"lazy\" decoding=\"async\" width=\"800\" height=\"800\" src=\"http:\/\/panochrome.fr\/fr\/wp-content\/uploads\/2019\/06\/cathedrale-rouen.png\" alt=\"\" class=\"wp-image-189\" srcset=\"https:\/\/panochrome.fr\/fr\/wp-content\/uploads\/2019\/06\/cathedrale-rouen.png 800w, https:\/\/panochrome.fr\/fr\/wp-content\/uploads\/2019\/06\/cathedrale-rouen-150x150.png 150w, https:\/\/panochrome.fr\/fr\/wp-content\/uploads\/2019\/06\/cathedrale-rouen-300x300.png 300w, https:\/\/panochrome.fr\/fr\/wp-content\/uploads\/2019\/06\/cathedrale-rouen-768x768.png 768w\" sizes=\"auto, (max-width: 800px) 100vw, 800px\" \/><\/figure><div class=\"wp-block-media-text__content\">\n\n<p><strong><span style=\"text-decoration: underline;\"><a href=\"https:\/\/www.panochrome.fr\/panoramas\/gigapixels\/hd-rouen-cathedrale\/hd-rouen-cathedrale.html\">Notre Dame de Rouen &#8211; Fa\u00e7ade<\/a><\/span><\/strong><\/p>\n\n\n<p><span style=\"text-decoration: underline;\">Image<br><\/span><em>&nbsp; &nbsp; Dimensions: &nbsp; &nbsp; &nbsp; &nbsp; 962 M\u00e9gapixels (28 842 x 33 355)<\/em><br><em>&nbsp; &nbsp; Taille du fichier:&nbsp; &nbsp; 2,36 Go<\/em><\/p>\n\n\n<p><span style=\"text-decoration: underline;\">Prise de vue<br><\/span><em>&nbsp; &nbsp; Appareil photos: &nbsp; Pentax K10D \/ Focale 100 mm<\/em><br><em>&nbsp; &nbsp; Nb photos: &nbsp; &nbsp; &nbsp; &nbsp; &nbsp; 143 photos \u00e0 10 M\u00e9gapixels<\/em><\/p>\n\n\n<div class=\"wp-block-button aligncenter\"><a class=\"wp-block-button__link\" href=\"https:\/\/www.panochrome.fr\/panoramas\/gigapixels\/hd-rouen-cathedrale\/hd-rouen-cathedrale.html\">Visualiser la photo HD<\/a><\/div>\n\n<\/div><\/div>\n\n\n\n<h2 class=\"wp-block-heading\"><br><\/h2>\n\n\n\n<div class=\"wp-block-media-text alignwide\" style=\"grid-template-columns:22% auto\"><figure class=\"wp-block-media-text__media\"><img loading=\"lazy\" decoding=\"async\" width=\"800\" height=\"800\" src=\"http:\/\/panochrome.fr\/fr\/wp-content\/uploads\/2019\/06\/basilique-st-macloud.jpg\" alt=\"\" class=\"wp-image-193\" srcset=\"https:\/\/panochrome.fr\/fr\/wp-content\/uploads\/2019\/06\/basilique-st-macloud.jpg 800w, https:\/\/panochrome.fr\/fr\/wp-content\/uploads\/2019\/06\/basilique-st-macloud-150x150.jpg 150w, https:\/\/panochrome.fr\/fr\/wp-content\/uploads\/2019\/06\/basilique-st-macloud-300x300.jpg 300w, https:\/\/panochrome.fr\/fr\/wp-content\/uploads\/2019\/06\/basilique-st-macloud-768x768.jpg 768w\" sizes=\"auto, (max-width: 800px) 100vw, 800px\" \/><\/figure><div class=\"wp-block-media-text__content\">\n\n<p><strong><span style=\"text-decoration: underline;\"><a href=\"https:\/\/www.panochrome.fr\/panoramas\/gigapixels\/hd-rouen-st-macloud\/hd-rouen-st-macloud.html\">Basilique Saint Macloud de Rouen<\/a><\/span><\/strong><\/p>\n\n\n<p><span style=\"text-decoration: underline;\">Image<\/span><br><em>&nbsp; &nbsp; Dimensions: &nbsp; &nbsp; &nbsp; &nbsp; 96,5 M\u00e9gapixels (10 176 x 9 488)<\/em><br><em>&nbsp; &nbsp; Taille du fichier:&nbsp; &nbsp; 0,49 Go<\/em><\/p>\n\n\n<p><span style=\"text-decoration: underline;\">Prise de vue<br><\/span><em>&nbsp; &nbsp; Appareil photos: &nbsp; Pentax K10D \/ Focale 100 mm<\/em><br><em>&nbsp; &nbsp; Nb photos: &nbsp; &nbsp; &nbsp; &nbsp; &nbsp; 33 photos \u00e0 10 M\u00e9gapixels<\/em><\/p>\n\n\n<div class=\"wp-block-button aligncenter\"><a class=\"wp-block-button__link\" href=\"https:\/\/www.panochrome.fr\/panoramas\/gigapixels\/hd-rouen-st-macloud\/hd-rouen-st-macloud.html\">Visualiser la photo HD<\/a><\/div>\n\n<\/div><\/div>\n","protected":false},"excerpt":{"rendered":"","protected":false},"author":1,"featured_media":0,"parent":0,"menu_order":4,"comment_status":"closed","ping_status":"closed","template":"","meta":{"_uag_custom_page_level_css":"","advgb_blocks_editor_width":"","advgb_blocks_columns_visual_guide":"","footnotes":""},"class_list":["post-159","page","type-page","status-publish","hentry"],"uagb_featured_image_src":{"full":false,"thumbnail":false,"medium":false,"medium_large":false,"large":false,"1536x1536":false,"2048x2048":false},"uagb_author_info":{"display_name":"Etienne","author_link":"https:\/\/panochrome.fr\/fr\/author\/edgeat51-wp\/"},"uagb_comment_info":0,"uagb_excerpt":null,"coauthors":[],"author_meta":{"author_link":"https:\/\/panochrome.fr\/fr\/author\/edgeat51-wp\/","display_name":"Etienne"},"relative_dates":{"created":"Publi\u00e9 7 ans il y a","modified":"Mis \u00e0 jour 4 ans il y a"},"absolute_dates":{"created":"Publi\u00e9 le 9 juin 2019","modified":"Mise \u00e0 jour le 29 septembre 2022"},"absolute_dates_time":{"created":"Publi\u00e9 le 9 juin 2019 23 h 27 min","modified":"Mise \u00e0 jour le 29 septembre 2022 23 h 32 min"},"featured_img_caption":"","featured_img":false,"series_order":"","_links":{"self":[{"href":"https:\/\/panochrome.fr\/fr\/wp-json\/wp\/v2\/pages\/159","targetHints":{"allow":["GET"]}}],"collection":[{"href":"https:\/\/panochrome.fr\/fr\/wp-json\/wp\/v2\/pages"}],"about":[{"href":"https:\/\/panochrome.fr\/fr\/wp-json\/wp\/v2\/types\/page"}],"author":[{"embeddable":true,"href":"https:\/\/panochrome.fr\/fr\/wp-json\/wp\/v2\/users\/1"}],"replies":[{"embeddable":true,"href":"https:\/\/panochrome.fr\/fr\/wp-json\/wp\/v2\/comments?post=159"}],"version-history":[{"count":76,"href":"https:\/\/panochrome.fr\/fr\/wp-json\/wp\/v2\/pages\/159\/revisions"}],"predecessor-version":[{"id":1670,"href":"https:\/\/panochrome.fr\/fr\/wp-json\/wp\/v2\/pages\/159\/revisions\/1670"}],"wp:attachment":[{"href":"https:\/\/panochrome.fr\/fr\/wp-json\/wp\/v2\/media?parent=159"}],"curies":[{"name":"wp","href":"https:\/\/api.w.org\/{rel}","templated":true}]}}