{"id":1551,"date":"2019-09-08T17:22:12","date_gmt":"2019-09-08T15:22:12","guid":{"rendered":"https:\/\/panochrome.fr\/fr\/?page_id=1551"},"modified":"2019-09-08T18:04:35","modified_gmt":"2019-09-08T16:04:35","slug":"royaume-uni","status":"publish","type":"page","link":"https:\/\/panochrome.fr\/fr\/panoramas\/europe\/royaume-uni\/","title":{"rendered":"Royaume-Uni"},"content":{"rendered":"\n<h5 class=\"wp-block-heading\"><strong>Londres<\/strong><\/h5>\n\n\n\n<div class=\"wp-block-columns has-2-columns is-layout-flex wp-container-core-columns-is-layout-9d6595d7 wp-block-columns-is-layout-flex\">\n<div class=\"wp-block-column is-layout-flow wp-block-column-is-layout-flow\">\n<div class=\"wp-block-advgb-image advgb-image-block full-width\" style=\"background-image:url(https:\/\/panochrome.fr\/fr\/wp-content\/uploads\/2019\/09\/uk-londres-highgate_cimetery_1-1.jpg);height:250px;width:500px;justify-content:flex-end;align-items:flex-start\" data-image=\"https:\/\/panochrome.fr\/fr\/wp-content\/uploads\/2019\/09\/uk-londres-highgate_cimetery_1-1.jpg\"><a class=\"advgb-image-overlay\" style=\"background-color:#eeeeee\" target=\"_blank\" rel=\"noopener noreferrer\" href=\"https:\/\/panochrome.fr\/panoramas\/europe\/royaume-uni\/uk-londres-highgate_cimetery_1\/index.html\"><\/a><\/div>\n\n\n\n<p><br><\/p>\n<\/div>\n\n\n\n<div class=\"wp-block-column is-layout-flow wp-block-column-is-layout-flow\">\n<h5 class=\"wp-block-heading\"><span style=\"text-decoration: underline;\"><a rel=\"noreferrer noopener\" aria-label=\"Highgate Cemetery 1 (s\u2019ouvre dans un nouvel onglet)\" href=\"https:\/\/panochrome.fr\/panoramas\/europe\/royaume-uni\/uk-londres-highgate_cimetery_1\/index.html\" target=\"_blank\"><strong>Highgate <\/strong><\/a><\/span><font color=\"#007fac\"><span style=\"caret-color: rgb(0, 127, 172);\"><u><a rel=\"noreferrer noopener\" aria-label=\"Highgate Cemetery 1 (s\u2019ouvre dans un nouvel onglet)\" href=\"https:\/\/panochrome.fr\/panoramas\/europe\/royaume-uni\/uk-londres-highgate_cimetery_1\/index.html\" target=\"_blank\"><strong>Cemetery<\/strong><\/a><\/u><\/span><\/font><span style=\"text-decoration: underline;\"><a rel=\"noreferrer noopener\" aria-label=\"Highgate Cemetery 1 (s\u2019ouvre dans un nouvel onglet)\" href=\"https:\/\/panochrome.fr\/panoramas\/europe\/royaume-uni\/uk-londres-highgate_cimetery_1\/index.html\" target=\"_blank\"><strong> 1<\/strong><\/a><\/span><\/h5>\n\n\n\n<p>Ce cimeti\u00e8re a ouvert en 1839. Il comporte 53 000 tombes.<br><br><br><br><br><br><br><\/p>\n\n\n\n<p><em>Mat\u00e9riel: Pentax k1 \/ Nodal Ninja 3 MkII<\/em><\/p>\n<\/div>\n<\/div>\n\n\n\n<div class=\"wp-block-columns has-2-columns is-layout-flex wp-container-core-columns-is-layout-9d6595d7 wp-block-columns-is-layout-flex\">\n<div class=\"wp-block-column is-layout-flow wp-block-column-is-layout-flow\">\n<div class=\"wp-block-advgb-image advgb-image-block full-width\" style=\"background-image:url(https:\/\/panochrome.fr\/fr\/wp-content\/uploads\/2019\/09\/uk-londres-highgate_cimetery_2.jpg);height:250px;width:500px;justify-content:flex-end;align-items:flex-start\" data-image=\"https:\/\/panochrome.fr\/fr\/wp-content\/uploads\/2019\/09\/uk-londres-highgate_cimetery_2.jpg\"><a class=\"advgb-image-overlay\" style=\"background-color:#eeeeee\" target=\"_blank\" rel=\"noopener noreferrer\" href=\"https:\/\/panochrome.fr\/panoramas\/europe\/royaume-uni\/uk-londres-highgate_cimetery_2\/index.html\"><\/a><\/div>\n\n\n\n<p><br><\/p>\n<\/div>\n\n\n\n<div class=\"wp-block-column is-layout-flow wp-block-column-is-layout-flow\">\n<h5 class=\"wp-block-heading\"><strong><span style=\"text-decoration: underline;\"><a href=\"https:\/\/panochrome.fr\/panoramas\/europe\/royaume-uni\/uk-londres-highgate_cimetery_2\/index.html\" target=\"_blank\" rel=\"noreferrer noopener\" aria-label=\"Highgate Cimetery 2 (s\u2019ouvre dans un nouvel onglet)\">Highgate Cimetery 2<\/a><\/span><\/strong><\/h5>\n\n\n\n<p>Autre panorama de la partie est du cimeti\u00e8re.<br><br><br><br><br><br><br><\/p>\n\n\n\n<p><em>Mat\u00e9riel: Pentax k1 \/ Nodal Ninja 3 MkII<\/em><\/p>\n<\/div>\n<\/div>\n\n\n\n<div class=\"wp-block-columns has-2-columns is-layout-flex wp-container-core-columns-is-layout-9d6595d7 wp-block-columns-is-layout-flex\">\n<div class=\"wp-block-column is-layout-flow wp-block-column-is-layout-flow\">\n<div class=\"wp-block-advgb-image advgb-image-block full-width\" style=\"background-image:url(https:\/\/panochrome.fr\/fr\/wp-content\/uploads\/2019\/09\/uk-londres-westminster_abbey.jpg);height:250px;width:500px;justify-content:flex-end;align-items:flex-start\" data-image=\"https:\/\/panochrome.fr\/fr\/wp-content\/uploads\/2019\/09\/uk-londres-westminster_abbey.jpg\"><a class=\"advgb-image-overlay\" style=\"background-color:#eeeeee\" target=\"_blank\" rel=\"noopener noreferrer\" href=\"https:\/\/panochrome.fr\/panoramas\/europe\/royaume-uni\/uk-londres-westminster_abbey\/index.html\"><\/a><\/div>\n\n\n\n<p><br><\/p>\n<\/div>\n\n\n\n<div class=\"wp-block-column is-layout-flow wp-block-column-is-layout-flow\">\n<h5 class=\"wp-block-heading\"><strong><span style=\"text-decoration: underline;\"><a href=\"https:\/\/panochrome.fr\/panoramas\/europe\/royaume-uni\/uk-londres-westminster_abbey\/index.html\" target=\"_blank\" rel=\"noreferrer noopener\" aria-label=\"Westminster Abbey (s\u2019ouvre dans un nouvel onglet)\">Westminster Abbey<\/a><\/span><\/strong><\/h5>\n\n\n\n<p>L&rsquo;abbaye date principalement du XIIIe si\u00e8cle.<br><br><br><br><br><br><br><\/p>\n\n\n\n<p><em>Mat\u00e9riel: Pentax k1 \/ Nodal Ninja 3 MkII<\/em><\/p>\n<\/div>\n<\/div>\n\n\n\n<div class=\"wp-block-columns has-2-columns is-layout-flex wp-container-core-columns-is-layout-9d6595d7 wp-block-columns-is-layout-flex\">\n<div class=\"wp-block-column is-layout-flow wp-block-column-is-layout-flow\">\n<div class=\"wp-block-advgb-image advgb-image-block full-width\" style=\"background-image:url(https:\/\/panochrome.fr\/fr\/wp-content\/uploads\/2019\/09\/uk-londres-china_town.jpg);height:250px;width:500px;justify-content:flex-end;align-items:flex-start\" data-image=\"https:\/\/panochrome.fr\/fr\/wp-content\/uploads\/2019\/09\/uk-londres-china_town.jpg\"><a class=\"advgb-image-overlay\" style=\"background-color:#eeeeee\" target=\"_blank\" rel=\"noopener noreferrer\" href=\"https:\/\/panochrome.fr\/panoramas\/europe\/royaume-uni\/uk-londres-china_town\/index.html\"><\/a><\/div>\n\n\n\n<p><br><\/p>\n<\/div>\n\n\n\n<div class=\"wp-block-column is-layout-flow wp-block-column-is-layout-flow\">\n<h5 class=\"wp-block-heading\"><strong><span style=\"text-decoration: underline;\"><a href=\"https:\/\/panochrome.fr\/panoramas\/europe\/royaume-uni\/uk-londres-china_town\/index.html\" target=\"_blank\" rel=\"noreferrer noopener\" aria-label=\"China Town (s\u2019ouvre dans un nouvel onglet)\">China Town<\/a><\/span><\/strong><\/h5>\n\n\n\n<p>Quartier chinois situ\u00e9 \u00e0 Soho.<br><br><br><br><br><br><br><\/p>\n\n\n\n<p><em>Mat\u00e9riel: Pentax k1 \/ Nodal Ninja 3 MkII<\/em><\/p>\n<\/div>\n<\/div>\n\n\n\n<div class=\"wp-block-columns has-2-columns is-layout-flex wp-container-core-columns-is-layout-9d6595d7 wp-block-columns-is-layout-flex\">\n<div class=\"wp-block-column is-layout-flow wp-block-column-is-layout-flow\">\n<div class=\"wp-block-advgb-image advgb-image-block full-width\" style=\"background-image:url(https:\/\/panochrome.fr\/fr\/wp-content\/uploads\/2019\/09\/uk-londres-piccadilly_circus.jpg);height:250px;width:500px;justify-content:flex-end;align-items:flex-start\" data-image=\"https:\/\/panochrome.fr\/fr\/wp-content\/uploads\/2019\/09\/uk-londres-piccadilly_circus.jpg\"><a class=\"advgb-image-overlay\" style=\"background-color:#eeeeee\" target=\"_blank\" rel=\"noopener noreferrer\" href=\"https:\/\/panochrome.fr\/panoramas\/europe\/royaume-uni\/uk-londres-piccadilly_circus\/index.html\"><\/a><\/div>\n\n\n\n<p><br><\/p>\n<\/div>\n\n\n\n<div class=\"wp-block-column is-layout-flow wp-block-column-is-layout-flow\">\n<h5 class=\"wp-block-heading\"><strong><span style=\"text-decoration: underline;\"><a href=\"https:\/\/panochrome.fr\/panoramas\/europe\/royaume-uni\/uk-londres-piccadilly_circus\/index.html\" target=\"_blank\" rel=\"noreferrer noopener\" aria-label=\"Piccadilly Circus (s\u2019ouvre dans un nouvel onglet)\">Piccadilly Circus<\/a><\/span><\/strong><\/h5>\n\n\n\n<p>C\u00e9l\u00e8bre place au coeur de Londres, avec sa fontaine datant de 1893.<br><br><br><br><br><br><br><\/p>\n\n\n\n<p><em>Mat\u00e9riel: Pentax k1 \/ Nodal Ninja 3 MkII<\/em><\/p>\n<\/div>\n<\/div>\n\n\n\n<div class=\"wp-block-columns has-2-columns is-layout-flex wp-container-core-columns-is-layout-9d6595d7 wp-block-columns-is-layout-flex\">\n<div class=\"wp-block-column is-layout-flow wp-block-column-is-layout-flow\">\n<div class=\"wp-block-advgb-image advgb-image-block full-width\" style=\"background-image:url(https:\/\/panochrome.fr\/fr\/wp-content\/uploads\/2019\/09\/uk-londres-tokyo_garden.jpg);height:250px;width:500px;justify-content:flex-end;align-items:flex-start\" data-image=\"https:\/\/panochrome.fr\/fr\/wp-content\/uploads\/2019\/09\/uk-londres-tokyo_garden.jpg\"><a class=\"advgb-image-overlay\" style=\"background-color:#eeeeee\" target=\"_blank\" rel=\"noopener noreferrer\" href=\"https:\/\/panochrome.fr\/panoramas\/europe\/royaume-uni\/uk-londres-kyoto_garden\/index.html\"><\/a><\/div>\n\n\n\n<p><br><\/p>\n<\/div>\n\n\n\n<div class=\"wp-block-column is-layout-flow wp-block-column-is-layout-flow\">\n<h5 class=\"wp-block-heading\"><strong><span style=\"text-decoration: underline;\"><a href=\"https:\/\/panochrome.fr\/panoramas\/europe\/royaume-uni\/uk-londres-kyoto_garden\/index.html\" target=\"_blank\" rel=\"noreferrer noopener\" aria-label=\"Kyoto Gardens (s\u2019ouvre dans un nouvel onglet)\">Kyoto Gardens<\/a><\/span><\/strong><\/h5>\n\n\n\n<p>Situ\u00e9 au coeur de Holland Park, ce jardin fut cr\u00e9\u00e9 en 1992 pour c\u00e9l\u00e9brer le festival du Japon \u00e0 Londres.<br><br><br><br><br><br><\/p>\n\n\n\n<p><em>Mat\u00e9riel: Pentax k1 \/ Nodal Ninja 3 MkII<\/em><\/p>\n<\/div>\n<\/div>\n\n\n\n<div class=\"wp-block-columns has-2-columns is-layout-flex wp-container-core-columns-is-layout-9d6595d7 wp-block-columns-is-layout-flex\">\n<div class=\"wp-block-column is-layout-flow wp-block-column-is-layout-flow\">\n<div class=\"wp-block-advgb-image advgb-image-block full-width\" style=\"background-image:url(https:\/\/panochrome.fr\/fr\/wp-content\/uploads\/2019\/09\/uk-londres-italian_garden_1.jpg);height:250px;width:500px;justify-content:flex-end;align-items:flex-start\" data-image=\"https:\/\/panochrome.fr\/fr\/wp-content\/uploads\/2019\/09\/uk-londres-italian_garden_1.jpg\"><a class=\"advgb-image-overlay\" style=\"background-color:#eeeeee\" target=\"_blank\" rel=\"noopener noreferrer\" href=\"https:\/\/panochrome.fr\/panoramas\/europe\/royaume-uni\/uk-londres-italian_garden_1\/index.html\"><\/a><\/div>\n\n\n\n<p><br><\/p>\n<\/div>\n\n\n\n<div class=\"wp-block-column is-layout-flow wp-block-column-is-layout-flow\">\n<h5 class=\"wp-block-heading\"><strong><span style=\"text-decoration: underline;\"><a href=\"https:\/\/panochrome.fr\/panoramas\/europe\/royaume-uni\/uk-londres-italian_garden_1\/index.html\" target=\"_blank\" rel=\"noreferrer noopener\" aria-label=\"Italian Gardens 1 (s\u2019ouvre dans un nouvel onglet)\">Italian Gardens 1<\/a><\/span><\/strong><\/h5>\n\n\n\n<p>Situ\u00e9 au nord de Hyde Park, ces jardins comportent de nombreuses fontaines. Ils ont \u00e9t\u00e9 r\u00e9nov\u00e9 en 2011.<br><br><br><br><br><br><\/p>\n\n\n\n<p><em>Mat\u00e9riel: Pentax k1 \/ Nodal Ninja 3 MkII<\/em><\/p>\n<\/div>\n<\/div>\n\n\n\n<div class=\"wp-block-columns has-2-columns is-layout-flex wp-container-core-columns-is-layout-9d6595d7 wp-block-columns-is-layout-flex\">\n<div class=\"wp-block-column is-layout-flow wp-block-column-is-layout-flow\">\n<div class=\"wp-block-advgb-image advgb-image-block full-width\" style=\"background-image:url(https:\/\/panochrome.fr\/fr\/wp-content\/uploads\/2019\/09\/uk-londres-italian_garden_2.jpg);height:250px;width:500px;justify-content:flex-end;align-items:flex-start\" data-image=\"https:\/\/panochrome.fr\/fr\/wp-content\/uploads\/2019\/09\/uk-londres-italian_garden_2.jpg\"><a class=\"advgb-image-overlay\" style=\"background-color:#eeeeee\" target=\"_blank\" rel=\"noopener noreferrer\" href=\"https:\/\/panochrome.fr\/panoramas\/europe\/royaume-uni\/uk-londres-italian_garden_2\/index.html\"><\/a><\/div>\n\n\n\n<p><br><\/p>\n<\/div>\n\n\n\n<div class=\"wp-block-column is-layout-flow wp-block-column-is-layout-flow\">\n<h5 class=\"wp-block-heading\"><strong><span style=\"text-decoration: underline;\"><a href=\"https:\/\/panochrome.fr\/panoramas\/europe\/royaume-uni\/uk-londres-italian_garden_2\/index.html\" target=\"_blank\" rel=\"noreferrer noopener\" aria-label=\"Italian Gardens 2 (s\u2019ouvre dans un nouvel onglet)\">Italian Gardens 2<\/a><\/span><\/strong><\/h5>\n\n\n\n<p>Fontaine avec d\u00e9versoir.<br><br><br><br><br><br><br><\/p>\n\n\n\n<p><em>Mat\u00e9riel: Pentax k1 \/ Nodal Ninja 3 MkII<\/em><\/p>\n<\/div>\n<\/div>\n","protected":false},"excerpt":{"rendered":"<p>Londres Highgate Cemetery 1 Ce cimeti\u00e8re a ouvert en 1839. Il comporte 53 000 tombes. Mat\u00e9riel: Pentax k1 \/ Nodal Ninja 3 MkII Highgate Cimetery 2 Autre panorama de la partie est du cimeti\u00e8re. Mat\u00e9riel: Pentax k1 \/ Nodal Ninja 3 MkII Westminster Abbey L&rsquo;abbaye date principalement du XIIIe si\u00e8cle. Mat\u00e9riel: Pentax k1 \/ Nodal [&hellip;]<\/p>\n","protected":false},"author":1,"featured_media":0,"parent":344,"menu_order":0,"comment_status":"closed","ping_status":"closed","template":"","meta":{"_uag_custom_page_level_css":"","advgb_blocks_editor_width":"","advgb_blocks_columns_visual_guide":"","footnotes":""},"class_list":["post-1551","page","type-page","status-publish","hentry"],"uagb_featured_image_src":{"full":false,"thumbnail":false,"medium":false,"medium_large":false,"large":false,"1536x1536":false,"2048x2048":false},"uagb_author_info":{"display_name":"Etienne","author_link":"https:\/\/panochrome.fr\/fr\/author\/edgeat51-wp\/"},"uagb_comment_info":0,"uagb_excerpt":"Londres Highgate Cemetery 1 Ce cimeti\u00e8re a ouvert en 1839. Il comporte 53 000 tombes. Mat\u00e9riel: Pentax k1 \/ Nodal Ninja 3 MkII Highgate Cimetery 2 Autre panorama de la partie est du cimeti\u00e8re. Mat\u00e9riel: Pentax k1 \/ Nodal Ninja 3 MkII Westminster Abbey L&rsquo;abbaye date principalement du XIIIe si\u00e8cle. Mat\u00e9riel: Pentax k1 \/ Nodal\u2026","coauthors":[],"author_meta":{"author_link":"https:\/\/panochrome.fr\/fr\/author\/edgeat51-wp\/","display_name":"Etienne"},"relative_dates":{"created":"Publi\u00e9 7 ans il y a","modified":"Mis \u00e0 jour 7 ans il y a"},"absolute_dates":{"created":"Publi\u00e9 le 8 septembre 2019","modified":"Mise \u00e0 jour le 8 septembre 2019"},"absolute_dates_time":{"created":"Publi\u00e9 le 8 septembre 2019 17 h 22 min","modified":"Mise \u00e0 jour le 8 septembre 2019 18 h 04 min"},"featured_img_caption":"","featured_img":false,"series_order":"","_links":{"self":[{"href":"https:\/\/panochrome.fr\/fr\/wp-json\/wp\/v2\/pages\/1551","targetHints":{"allow":["GET"]}}],"collection":[{"href":"https:\/\/panochrome.fr\/fr\/wp-json\/wp\/v2\/pages"}],"about":[{"href":"https:\/\/panochrome.fr\/fr\/wp-json\/wp\/v2\/types\/page"}],"author":[{"embeddable":true,"href":"https:\/\/panochrome.fr\/fr\/wp-json\/wp\/v2\/users\/1"}],"replies":[{"embeddable":true,"href":"https:\/\/panochrome.fr\/fr\/wp-json\/wp\/v2\/comments?post=1551"}],"version-history":[{"count":10,"href":"https:\/\/panochrome.fr\/fr\/wp-json\/wp\/v2\/pages\/1551\/revisions"}],"predecessor-version":[{"id":1577,"href":"https:\/\/panochrome.fr\/fr\/wp-json\/wp\/v2\/pages\/1551\/revisions\/1577"}],"up":[{"embeddable":true,"href":"https:\/\/panochrome.fr\/fr\/wp-json\/wp\/v2\/pages\/344"}],"wp:attachment":[{"href":"https:\/\/panochrome.fr\/fr\/wp-json\/wp\/v2\/media?parent=1551"}],"curies":[{"name":"wp","href":"https:\/\/api.w.org\/{rel}","templated":true}]}}