{"id":1077,"date":"2019-08-03T17:58:05","date_gmt":"2019-08-03T15:58:05","guid":{"rendered":"http:\/\/panochrome.fr\/fr\/?page_id=1077"},"modified":"2019-08-18T19:33:43","modified_gmt":"2019-08-18T17:33:43","slug":"suisse","status":"publish","type":"page","link":"https:\/\/panochrome.fr\/fr\/panoramas\/europe\/suisse\/","title":{"rendered":"Suisse"},"content":{"rendered":"\n<h5 class=\"wp-block-heading\"><strong>Derborance<\/strong><\/h5>\n\n\n\n<div class=\"wp-block-columns has-2-columns is-layout-flex wp-container-core-columns-is-layout-9d6595d7 wp-block-columns-is-layout-flex\">\n<div class=\"wp-block-column is-layout-flow wp-block-column-is-layout-flow\">\n<div class=\"wp-block-advgb-image advgb-image-block full-width\" style=\"background-image:url(http:\/\/panochrome.fr\/fr\/wp-content\/uploads\/2019\/08\/europe-suisse-derborance_exterieur.jpg);height:250px;width:500px;justify-content:flex-end;align-items:flex-start\" data-image=\"http:\/\/panochrome.fr\/fr\/wp-content\/uploads\/2019\/08\/europe-suisse-derborance_exterieur.jpg\"><a class=\"advgb-image-overlay\" style=\"background-color:#eeeeee\" target=\"_blank\" rel=\"noopener noreferrer\" href=\"https:\/\/panochrome.fr\/panoramas\/europe\/suisse\/derborance-exterieur\/index.html\"><\/a><\/div>\n\n\n\n<p><br><\/p>\n<\/div>\n\n\n\n<div class=\"wp-block-column is-layout-flow wp-block-column-is-layout-flow\">\n<h5 class=\"wp-block-heading\"><strong><span style=\"text-decoration: underline;\"><a href=\"https:\/\/panochrome.fr\/panoramas\/europe\/suisse\/derborance-exterieur\/index.html\" target=\"_blank\" rel=\"noreferrer noopener\" aria-label=\" (s\u2019ouvre dans un nouvel onglet)\">Chal\u00eat ext\u00e9rieur<\/a><\/span><\/strong><\/h5>\n\n\n\n<p>Vue de la vall\u00e9e.<br><br><br><br><br><br><br><\/p>\n\n\n\n<p><em>Mat\u00e9riel: Pentax k1 \/ Nodal Ninja 3 MkII<\/em><\/p>\n<\/div>\n<\/div>\n\n\n\n<div class=\"wp-block-columns has-2-columns is-layout-flex wp-container-core-columns-is-layout-9d6595d7 wp-block-columns-is-layout-flex\">\n<div class=\"wp-block-column is-layout-flow wp-block-column-is-layout-flow\">\n<div class=\"wp-block-advgb-image advgb-image-block full-width\" style=\"background-image:url(http:\/\/panochrome.fr\/fr\/wp-content\/uploads\/2019\/08\/europe-suisse-derborance_interieur.jpg);height:250px;width:500px;justify-content:flex-end;align-items:flex-start\" data-image=\"http:\/\/panochrome.fr\/fr\/wp-content\/uploads\/2019\/08\/europe-suisse-derborance_interieur.jpg\"><a class=\"advgb-image-overlay\" style=\"background-color:#eeeeee\" target=\"_blank\" rel=\"noopener noreferrer\" href=\"https:\/\/panochrome.fr\/panoramas\/europe\/suisse\/derborence-interieur\/index.html\"><\/a><\/div>\n\n\n\n<p><br><\/p>\n<\/div>\n\n\n\n<div class=\"wp-block-column is-layout-flow wp-block-column-is-layout-flow\">\n<h5 class=\"wp-block-heading\"><strong><span style=\"text-decoration: underline;\"><a href=\"https:\/\/panochrome.fr\/panoramas\/europe\/suisse\/derborence-interieur\/index.html\" target=\"_blank\" rel=\"noreferrer noopener\" aria-label=\" (s\u2019ouvre dans un nouvel onglet)\">Chal\u00eat int\u00e9rieur<\/a><\/span><\/strong><\/h5>\n\n\n\n<p>Chal\u00eat typique.<br><br><br><br><br><br><br><\/p>\n\n\n\n<p><em>Mat\u00e9riel: Pentax k1 \/ Nodal Ninja 3 MkII<\/em><\/p>\n<\/div>\n<\/div>\n","protected":false},"excerpt":{"rendered":"<p>Derborance Chal\u00eat ext\u00e9rieur Vue de la vall\u00e9e. Mat\u00e9riel: Pentax k1 \/ Nodal Ninja 3 MkII Chal\u00eat int\u00e9rieur Chal\u00eat typique. Mat\u00e9riel: Pentax k1 \/ Nodal Ninja 3 MkII<\/p>\n","protected":false},"author":1,"featured_media":0,"parent":344,"menu_order":0,"comment_status":"closed","ping_status":"closed","template":"","meta":{"_uag_custom_page_level_css":"","advgb_blocks_editor_width":"","advgb_blocks_columns_visual_guide":"","footnotes":""},"class_list":["post-1077","page","type-page","status-publish","hentry"],"uagb_featured_image_src":{"full":false,"thumbnail":false,"medium":false,"medium_large":false,"large":false,"1536x1536":false,"2048x2048":false},"uagb_author_info":{"display_name":"Etienne","author_link":"https:\/\/panochrome.fr\/fr\/author\/edgeat51-wp\/"},"uagb_comment_info":0,"uagb_excerpt":"Derborance Chal\u00eat ext\u00e9rieur Vue de la vall\u00e9e. Mat\u00e9riel: Pentax k1 \/ Nodal Ninja 3 MkII Chal\u00eat int\u00e9rieur Chal\u00eat typique. Mat\u00e9riel: Pentax k1 \/ Nodal Ninja 3 MkII","coauthors":[],"author_meta":{"author_link":"https:\/\/panochrome.fr\/fr\/author\/edgeat51-wp\/","display_name":"Etienne"},"relative_dates":{"created":"Publi\u00e9 7 ans il y a","modified":"Mis \u00e0 jour 7 ans il y a"},"absolute_dates":{"created":"Publi\u00e9 le 3 ao\u00fbt 2019","modified":"Mise \u00e0 jour le 18 ao\u00fbt 2019"},"absolute_dates_time":{"created":"Publi\u00e9 le 3 ao\u00fbt 2019 17 h 58 min","modified":"Mise \u00e0 jour le 18 ao\u00fbt 2019 19 h 33 min"},"featured_img_caption":"","featured_img":false,"series_order":"","_links":{"self":[{"href":"https:\/\/panochrome.fr\/fr\/wp-json\/wp\/v2\/pages\/1077","targetHints":{"allow":["GET"]}}],"collection":[{"href":"https:\/\/panochrome.fr\/fr\/wp-json\/wp\/v2\/pages"}],"about":[{"href":"https:\/\/panochrome.fr\/fr\/wp-json\/wp\/v2\/types\/page"}],"author":[{"embeddable":true,"href":"https:\/\/panochrome.fr\/fr\/wp-json\/wp\/v2\/users\/1"}],"replies":[{"embeddable":true,"href":"https:\/\/panochrome.fr\/fr\/wp-json\/wp\/v2\/comments?post=1077"}],"version-history":[{"count":5,"href":"https:\/\/panochrome.fr\/fr\/wp-json\/wp\/v2\/pages\/1077\/revisions"}],"predecessor-version":[{"id":1518,"href":"https:\/\/panochrome.fr\/fr\/wp-json\/wp\/v2\/pages\/1077\/revisions\/1518"}],"up":[{"embeddable":true,"href":"https:\/\/panochrome.fr\/fr\/wp-json\/wp\/v2\/pages\/344"}],"wp:attachment":[{"href":"https:\/\/panochrome.fr\/fr\/wp-json\/wp\/v2\/media?parent=1077"}],"curies":[{"name":"wp","href":"https:\/\/api.w.org\/{rel}","templated":true}]}}